{"id":1372,"date":"2021-01-25T12:10:37","date_gmt":"2021-01-25T11:10:37","guid":{"rendered":"http:\/\/emiliepapaye.com\/?page_id=1372"},"modified":"2023-01-09T16:24:16","modified_gmt":"2023-01-09T15:24:16","slug":"artisans","status":"publish","type":"page","link":"https:\/\/emiliepapaye.com\/index.php\/artisans\/","title":{"rendered":"CORPORATE"},"content":{"rendered":"\t\t<div data-elementor-type=\"wp-page\" data-elementor-id=\"1372\" class=\"elementor elementor-1372\" data-elementor-post-type=\"page\">\n\t\t\t\t\t\t<section class=\"elementor-section elementor-top-section elementor-element elementor-element-fe01e10 elementor-section-boxed elementor-section-height-default elementor-section-height-default\" data-id=\"fe01e10\" data-element_type=\"section\" data-e-type=\"section\">\n\t\t\t\t\t\t<div class=\"elementor-container elementor-column-gap-default\">\n\t\t\t\t\t<div class=\"elementor-column elementor-col-100 elementor-top-column elementor-element elementor-element-3edd539\" data-id=\"3edd539\" data-element_type=\"column\" data-e-type=\"column\">\n\t\t\t<div class=\"elementor-widget-wrap elementor-element-populated\">\n\t\t\t\t\t\t<div class=\"elementor-element elementor-element-c391b3a elementor-widget elementor-widget-text-editor\" data-id=\"c391b3a\" data-element_type=\"widget\" data-e-type=\"widget\" data-widget_type=\"text-editor.default\">\n\t\t\t\t<div class=\"elementor-widget-container\">\n\t\t\t\t\t\t\t\t\t<h3 style=\"text-align: center;\">Artisans, artistes, entreprises, entrepreneurs de tous secteurs d&rsquo;activit\u00e9, mes images sont des r\u00e9els support de communication.<\/h3><h3 style=\"text-align: center;\">Je cr\u00e9e des visuels pour vos sites web et r\u00e9seaux<\/h3>\t\t\t\t\t\t\t\t<\/div>\n\t\t\t\t<\/div>\n\t\t\t\t\t<\/div>\n\t\t<\/div>\n\t\t\t\t\t<\/div>\n\t\t<\/section>\n\t\t\t\t<section class=\"elementor-section elementor-top-section elementor-element elementor-element-7679956 elementor-section-boxed elementor-section-height-default elementor-section-height-default\" data-id=\"7679956\" data-element_type=\"section\" data-e-type=\"section\">\n\t\t\t\t\t\t<div class=\"elementor-container elementor-column-gap-default\">\n\t\t\t\t\t<div class=\"elementor-column elementor-col-25 elementor-top-column elementor-element elementor-element-9bf20c2\" data-id=\"9bf20c2\" data-element_type=\"column\" data-e-type=\"column\">\n\t\t\t<div class=\"elementor-widget-wrap elementor-element-populated\">\n\t\t\t\t\t\t<div class=\"elementor-element elementor-element-33a31dd elementor-cta--layout-image-above elementor-cta--skin-classic elementor-animated-content elementor-widget elementor-widget-call-to-action\" data-id=\"33a31dd\" data-element_type=\"widget\" data-e-type=\"widget\" data-widget_type=\"call-to-action.default\">\n\t\t\t\t<div class=\"elementor-widget-container\">\n\t\t\t\t\t\t\t<a class=\"elementor-cta\" href=\"https:\/\/emiliepapaye.com\/index.php\/la-boulangerie\/\">\n\t\t\t\t\t<div class=\"elementor-cta__bg-wrapper\">\n\t\t\t\t<div class=\"elementor-cta__bg elementor-bg\" style=\"background-image: url(https:\/\/emiliepapaye.com\/wp-content\/uploads\/2022\/08\/laboulangerie-70.jpg);\" role=\"img\" aria-label=\"laboulangerie-70\"><\/div>\n\t\t\t\t<div class=\"elementor-cta__bg-overlay\"><\/div>\n\t\t\t<\/div>\n\t\t\t\t\t\t\t<div class=\"elementor-cta__content\">\n\t\t\t\t\n\t\t\t\t\t\t\t\t\t<h1 class=\"elementor-cta__title elementor-cta__content-item elementor-content-item\">\n\t\t\t\t\t\tLA BOULANGERIE SAINT-MICHEL  BORDEAUX\t\t\t\t\t<\/h1>\n\t\t\t\t\n\t\t\t\t\t\t\t\t\t<div class=\"elementor-cta__description elementor-cta__content-item elementor-content-item\">\n\t\t\t\t\t\tLili &amp; Flo nous ouvre les portes de leur boulangerie au coeur du quartier Saint Michel \u00e0 Bordeaux\t\t\t\t\t<\/div>\n\t\t\t\t\n\t\t\t\t\t\t\t<\/div>\n\t\t\t\t\t\t<\/a>\n\t\t\t\t\t\t<\/div>\n\t\t\t\t<\/div>\n\t\t\t\t\t<\/div>\n\t\t<\/div>\n\t\t\t\t<div class=\"elementor-column elementor-col-25 elementor-top-column elementor-element elementor-element-0a4a13d\" data-id=\"0a4a13d\" data-element_type=\"column\" data-e-type=\"column\">\n\t\t\t<div class=\"elementor-widget-wrap elementor-element-populated\">\n\t\t\t\t\t\t<div class=\"elementor-element elementor-element-e0f04aa elementor-cta--layout-image-above elementor-cta--skin-classic elementor-animated-content elementor-bg-transform elementor-bg-transform-zoom-in elementor-widget elementor-widget-call-to-action\" data-id=\"e0f04aa\" data-element_type=\"widget\" data-e-type=\"widget\" data-widget_type=\"call-to-action.default\">\n\t\t\t\t<div class=\"elementor-widget-container\">\n\t\t\t\t\t\t\t<a class=\"elementor-cta\" href=\"https:\/\/emiliepapaye.com\/index.php\/thales-micromeca\/\">\n\t\t\t\t\t<div class=\"elementor-cta__bg-wrapper\">\n\t\t\t\t<div class=\"elementor-cta__bg elementor-bg\" style=\"background-image: url(https:\/\/emiliepapaye.com\/wp-content\/uploads\/2022\/05\/THALESMIRCOMECA-29-683x1024.jpg);\" role=\"img\" aria-label=\"THALESMIRCOMECA-29\"><\/div>\n\t\t\t\t<div class=\"elementor-cta__bg-overlay\"><\/div>\n\t\t\t<\/div>\n\t\t\t\t\t\t\t<div class=\"elementor-cta__content\">\n\t\t\t\t\n\t\t\t\t\t\t\t\t\t<h1 class=\"elementor-cta__title elementor-cta__content-item elementor-content-item\">\n\t\t\t\t\t\tTHALES MICROMECA ATELIER HORLOGERIE MERIGNAC\t\t\t\t\t<\/h1>\n\t\t\t\t\n\t\t\t\t\t\t\t\t\t<div class=\"elementor-cta__description elementor-cta__content-item elementor-content-item\">\n\t\t\t\t\t\tJean-Louis Strack a cr\u00e9\u00e9 le premier atelier d'Horlogerie coop\u00e9ratif. \t\t\t\t\t<\/div>\n\t\t\t\t\n\t\t\t\t\t\t\t<\/div>\n\t\t\t\t\t\t<\/a>\n\t\t\t\t\t\t<\/div>\n\t\t\t\t<\/div>\n\t\t\t\t\t<\/div>\n\t\t<\/div>\n\t\t\t\t<div class=\"elementor-column elementor-col-25 elementor-top-column elementor-element elementor-element-ef8d266\" data-id=\"ef8d266\" data-element_type=\"column\" data-e-type=\"column\">\n\t\t\t<div class=\"elementor-widget-wrap elementor-element-populated\">\n\t\t\t\t\t\t<div class=\"elementor-element elementor-element-03992e5 elementor-cta--skin-classic elementor-animated-content elementor-bg-transform elementor-bg-transform-zoom-in elementor-widget elementor-widget-call-to-action\" data-id=\"03992e5\" data-element_type=\"widget\" data-e-type=\"widget\" data-widget_type=\"call-to-action.default\">\n\t\t\t\t<div class=\"elementor-widget-container\">\n\t\t\t\t\t\t\t<a class=\"elementor-cta\" href=\"https:\/\/emiliepapaye.com\/index.php\/laiterie-nantaise\/\">\n\t\t\t\t\t<div class=\"elementor-cta__bg-wrapper\">\n\t\t\t\t<div class=\"elementor-cta__bg elementor-bg\" style=\"background-image: url(https:\/\/emiliepapaye.com\/wp-content\/uploads\/2021\/11\/laiterie-nantaise-68-1024x1536.jpg);\" role=\"img\" aria-label=\"laiterie nantaise-68\"><\/div>\n\t\t\t\t<div class=\"elementor-cta__bg-overlay\"><\/div>\n\t\t\t<\/div>\n\t\t\t\t\t\t\t<div class=\"elementor-cta__content\">\n\t\t\t\t\n\t\t\t\t\t\t\t\t\t<h1 class=\"elementor-cta__title elementor-cta__content-item elementor-content-item\">\n\t\t\t\t\t\tLAITERIE NANTAISE\t\t\t\t\t<\/h1>\n\t\t\t\t\n\t\t\t\t\t\t\t\t\t<div class=\"elementor-cta__description elementor-cta__content-item elementor-content-item\">\n\t\t\t\t\t\tDe la ferme \u00e0 l'assiette. Le lait dans tout ses \u00e9tats\t\t\t\t\t<\/div>\n\t\t\t\t\n\t\t\t\t\t\t\t<\/div>\n\t\t\t\t\t\t<\/a>\n\t\t\t\t\t\t<\/div>\n\t\t\t\t<\/div>\n\t\t\t\t\t<\/div>\n\t\t<\/div>\n\t\t\t\t<div class=\"elementor-column elementor-col-25 elementor-top-column elementor-element elementor-element-1af04ab\" data-id=\"1af04ab\" data-element_type=\"column\" data-e-type=\"column\">\n\t\t\t<div class=\"elementor-widget-wrap elementor-element-populated\">\n\t\t\t\t\t\t<div class=\"elementor-element elementor-element-b4556df elementor-cta--tablet-layout-image-left elementor-cta--skin-classic elementor-animated-content elementor-bg-transform elementor-bg-transform-zoom-in elementor-widget elementor-widget-call-to-action\" data-id=\"b4556df\" data-element_type=\"widget\" data-e-type=\"widget\" data-widget_type=\"call-to-action.default\">\n\t\t\t\t<div class=\"elementor-widget-container\">\n\t\t\t\t\t\t\t<a class=\"elementor-cta\" href=\"https:\/\/emiliepapaye.com\/index.php\/atelier-dahu\/\">\n\t\t\t\t\t<div class=\"elementor-cta__bg-wrapper\">\n\t\t\t\t<div class=\"elementor-cta__bg elementor-bg\" style=\"background-image: url(https:\/\/emiliepapaye.com\/wp-content\/uploads\/2020\/02\/dahusuite1-1-2-1024x683.jpg);\" role=\"img\" aria-label=\"dahusuite1-1\"><\/div>\n\t\t\t\t<div class=\"elementor-cta__bg-overlay\"><\/div>\n\t\t\t<\/div>\n\t\t\t\t\t\t\t<div class=\"elementor-cta__content\">\n\t\t\t\t\n\t\t\t\t\t\t\t\t\t<h1 class=\"elementor-cta__title elementor-cta__content-item elementor-content-item\">\n\t\t\t\t\t\tATELIER DAHU BORDEAUX\t\t\t\t\t<\/h1>\n\t\t\t\t\n\t\t\t\t\t\t\t\t\t<div class=\"elementor-cta__description elementor-cta__content-item elementor-content-item\">\n\t\t\t\t\t\tVincent &amp; Sarah, maroquiniers \u00e0 Bordeaux\t\t\t\t\t<\/div>\n\t\t\t\t\n\t\t\t\t\t\t\t<\/div>\n\t\t\t\t\t\t<\/a>\n\t\t\t\t\t\t<\/div>\n\t\t\t\t<\/div>\n\t\t\t\t\t<\/div>\n\t\t<\/div>\n\t\t\t\t\t<\/div>\n\t\t<\/section>\n\t\t\t\t<section class=\"elementor-section elementor-top-section elementor-element elementor-element-aa70dfb elementor-section-boxed elementor-section-height-default elementor-section-height-default\" data-id=\"aa70dfb\" data-element_type=\"section\" data-e-type=\"section\">\n\t\t\t\t\t\t<div class=\"elementor-container elementor-column-gap-default\">\n\t\t\t\t\t<div class=\"elementor-column elementor-col-25 elementor-top-column elementor-element elementor-element-12db3df\" data-id=\"12db3df\" data-element_type=\"column\" data-e-type=\"column\">\n\t\t\t<div class=\"elementor-widget-wrap elementor-element-populated\">\n\t\t\t\t\t\t<div class=\"elementor-element elementor-element-2c1a5e4 elementor-cta--tablet-layout-image-left elementor-cta--skin-classic elementor-animated-content elementor-bg-transform elementor-bg-transform-zoom-in elementor-widget elementor-widget-call-to-action\" data-id=\"2c1a5e4\" data-element_type=\"widget\" data-e-type=\"widget\" data-widget_type=\"call-to-action.default\">\n\t\t\t\t<div class=\"elementor-widget-container\">\n\t\t\t\t\t\t\t<a class=\"elementor-cta\" href=\"https:\/\/emiliepapaye.com\/index.php\/laiterie-burdigala\/\">\n\t\t\t\t\t<div class=\"elementor-cta__bg-wrapper\">\n\t\t\t\t<div class=\"elementor-cta__bg elementor-bg\" style=\"background-image: url(https:\/\/emiliepapaye.com\/wp-content\/uploads\/2020\/02\/DI-BURDIGALA-73-680x1024.jpg);\" role=\"img\" aria-label=\"Laiterie Burdigala - Bordeaux\"><\/div>\n\t\t\t\t<div class=\"elementor-cta__bg-overlay\"><\/div>\n\t\t\t<\/div>\n\t\t\t\t\t\t\t<div class=\"elementor-cta__content\">\n\t\t\t\t\n\t\t\t\t\t\t\t\t\t<h1 class=\"elementor-cta__title elementor-cta__content-item elementor-content-item\">\n\t\t\t\t\t\tlaiterie burdigala bordeaux\t\t\t\t\t<\/h1>\n\t\t\t\t\n\t\t\t\t\t\t\t\t\t<div class=\"elementor-cta__description elementor-cta__content-item elementor-content-item\">\n\t\t\t\t\t\tLa laiterie Bordelaise\t\t\t\t\t<\/div>\n\t\t\t\t\n\t\t\t\t\t\t\t<\/div>\n\t\t\t\t\t\t<\/a>\n\t\t\t\t\t\t<\/div>\n\t\t\t\t<\/div>\n\t\t\t\t\t<\/div>\n\t\t<\/div>\n\t\t\t\t<div class=\"elementor-column elementor-col-25 elementor-top-column elementor-element elementor-element-36a11c3\" data-id=\"36a11c3\" data-element_type=\"column\" data-e-type=\"column\">\n\t\t\t<div class=\"elementor-widget-wrap elementor-element-populated\">\n\t\t\t\t\t\t<div class=\"elementor-element elementor-element-cfa773f elementor-cta--tablet-layout-image-left elementor-cta--layout-image-above elementor-cta--skin-classic elementor-animated-content elementor-bg-transform elementor-bg-transform-zoom-in elementor-widget elementor-widget-call-to-action\" data-id=\"cfa773f\" data-element_type=\"widget\" data-e-type=\"widget\" data-widget_type=\"call-to-action.default\">\n\t\t\t\t<div class=\"elementor-widget-container\">\n\t\t\t\t\t\t\t<a class=\"elementor-cta\" href=\"https:\/\/emiliepapaye.com\/index.php\/marguerite-atelier-floral\/\">\n\t\t\t\t\t<div class=\"elementor-cta__bg-wrapper\">\n\t\t\t\t<div class=\"elementor-cta__bg elementor-bg\" style=\"background-image: url(https:\/\/emiliepapaye.com\/wp-content\/uploads\/2020\/02\/marguerite-61-683x1024.jpg);\" role=\"img\" aria-label=\"Marguerite-Artisan Fleuriste\"><\/div>\n\t\t\t\t<div class=\"elementor-cta__bg-overlay\"><\/div>\n\t\t\t<\/div>\n\t\t\t\t\t\t\t<div class=\"elementor-cta__content\">\n\t\t\t\t\n\t\t\t\t\t\t\t\t\t<h1 class=\"elementor-cta__title elementor-cta__content-item elementor-content-item\">\n\t\t\t\t\t\tMARGUERITE BORDEAUX\t\t\t\t\t<\/h1>\n\t\t\t\t\n\t\t\t\t\t\t\t\t\t<div class=\"elementor-cta__description elementor-cta__content-item elementor-content-item\">\n\t\t\t\t\t\tL'atelier floral de Dominique\t\t\t\t\t<\/div>\n\t\t\t\t\n\t\t\t\t\t\t\t<\/div>\n\t\t\t\t\t\t<\/a>\n\t\t\t\t\t\t<\/div>\n\t\t\t\t<\/div>\n\t\t\t\t\t<\/div>\n\t\t<\/div>\n\t\t\t\t<div class=\"elementor-column elementor-col-25 elementor-top-column elementor-element elementor-element-1762c42\" data-id=\"1762c42\" data-element_type=\"column\" data-e-type=\"column\">\n\t\t\t<div class=\"elementor-widget-wrap\">\n\t\t\t\t\t\t\t<\/div>\n\t\t<\/div>\n\t\t\t\t<div class=\"elementor-column elementor-col-25 elementor-top-column elementor-element elementor-element-7fe05e1\" data-id=\"7fe05e1\" data-element_type=\"column\" data-e-type=\"column\">\n\t\t\t<div class=\"elementor-widget-wrap\">\n\t\t\t\t\t\t\t<\/div>\n\t\t<\/div>\n\t\t\t\t\t<\/div>\n\t\t<\/section>\n\t\t\t\t<section class=\"elementor-section elementor-top-section elementor-element elementor-element-108f3be elementor-section-boxed elementor-section-height-default elementor-section-height-default\" data-id=\"108f3be\" data-element_type=\"section\" data-e-type=\"section\">\n\t\t\t\t\t\t<div class=\"elementor-container elementor-column-gap-default\">\n\t\t\t\t\t<div class=\"elementor-column elementor-col-100 elementor-top-column elementor-element elementor-element-fa3ccfa\" data-id=\"fa3ccfa\" data-element_type=\"column\" data-e-type=\"column\">\n\t\t\t<div class=\"elementor-widget-wrap elementor-element-populated\">\n\t\t\t\t\t\t<div class=\"elementor-element elementor-element-7660d7d elementor-shape-rounded elementor-grid-0 e-grid-align-center elementor-widget elementor-widget-social-icons\" data-id=\"7660d7d\" data-element_type=\"widget\" data-e-type=\"widget\" data-widget_type=\"social-icons.default\">\n\t\t\t\t<div class=\"elementor-widget-container\">\n\t\t\t\t\t\t\t<div class=\"elementor-social-icons-wrapper elementor-grid\" role=\"list\">\n\t\t\t\t\t\t\t<span class=\"elementor-grid-item\" role=\"listitem\">\n\t\t\t\t\t<a class=\"elementor-icon elementor-social-icon elementor-social-icon-facebook elementor-repeater-item-257e3c4\" href=\"https:\/\/www.facebook.com\/emiliepapayecreation\/\" target=\"_blank\">\n\t\t\t\t\t\t<span class=\"elementor-screen-only\">Facebook<\/span>\n\t\t\t\t\t\t<i aria-hidden=\"true\" class=\"fab fa-facebook\"><\/i>\t\t\t\t\t<\/a>\n\t\t\t\t<\/span>\n\t\t\t\t\t\t\t<span class=\"elementor-grid-item\" role=\"listitem\">\n\t\t\t\t\t<a class=\"elementor-icon elementor-social-icon elementor-social-icon-instagram elementor-repeater-item-a59531a\" href=\"https:\/\/www.instagram.com\/emiliepapaye\/\" target=\"_blank\">\n\t\t\t\t\t\t<span class=\"elementor-screen-only\">Instagram<\/span>\n\t\t\t\t\t\t<i aria-hidden=\"true\" class=\"fab fa-instagram\"><\/i>\t\t\t\t\t<\/a>\n\t\t\t\t<\/span>\n\t\t\t\t\t<\/div>\n\t\t\t\t\t\t<\/div>\n\t\t\t\t<\/div>\n\t\t\t\t\t<\/div>\n\t\t<\/div>\n\t\t\t\t\t<\/div>\n\t\t<\/section>\n\t\t\t\t<\/div>\n\t\t","protected":false},"excerpt":{"rendered":"<p>Artisans, artistes, entreprises, entrepreneurs de tous secteurs d&rsquo;activit\u00e9, mes images sont des r\u00e9els support de communication. Je cr\u00e9e des visuels pour vos sites web et r\u00e9seaux LA BOULANGERIE SAINT-MICHEL BORDEAUX Lili &#038; Flo nous ouvre les portes de leur boulangerie au coeur du quartier Saint Michel \u00e0 Bordeaux THALES MICROMECA ATELIER HORLOGERIE MERIGNAC Jean-Louis Strack <a class=\"read-more\" href=\"https:\/\/emiliepapaye.com\/index.php\/artisans\/\">Read More<\/a><\/p>\n","protected":false},"author":1,"featured_media":0,"parent":0,"menu_order":0,"comment_status":"closed","ping_status":"closed","template":"","meta":{"_bbp_topic_count":0,"_bbp_reply_count":0,"_bbp_total_topic_count":0,"_bbp_total_reply_count":0,"_bbp_voice_count":0,"_bbp_anonymous_reply_count":0,"_bbp_topic_count_hidden":0,"_bbp_reply_count_hidden":0,"_bbp_forum_subforum_count":0,"footnotes":""},"class_list":["post-1372","page","type-page","status-publish","hentry"],"yoast_head":"<!-- This site is optimized with the Yoast SEO plugin v26.8 - https:\/\/yoast.com\/product\/yoast-seo-wordpress\/ -->\n<title>CORPORATE - Photographie - EMILIE PAPAYE<\/title>\n<meta name=\"description\" content=\"Portraits d&#039;Artisan. \u00c9milie Papaye artisan du bijou et de l&#039;image porte un regard personnel au monde de la cr\u00e9ation et de l&#039;artisanat.\" \/>\n<meta name=\"robots\" content=\"index, follow, max-snippet:-1, max-image-preview:large, max-video-preview:-1\" \/>\n<link rel=\"canonical\" href=\"https:\/\/emiliepapaye.com\/index.php\/artisans\/\" \/>\n<meta property=\"og:locale\" content=\"fr_FR\" \/>\n<meta property=\"og:type\" content=\"article\" \/>\n<meta property=\"og:title\" content=\"CORPORATE - Photographie - EMILIE PAPAYE\" \/>\n<meta property=\"og:description\" content=\"Portraits d&#039;Artisan. \u00c9milie Papaye artisan du bijou et de l&#039;image porte un regard personnel au monde de la cr\u00e9ation et de l&#039;artisanat.\" \/>\n<meta property=\"og:url\" content=\"https:\/\/emiliepapaye.com\/index.php\/artisans\/\" \/>\n<meta property=\"og:site_name\" content=\"EMILIE PAPAYE\" \/>\n<meta property=\"article:modified_time\" content=\"2023-01-09T15:24:16+00:00\" \/>\n<meta name=\"twitter:card\" content=\"summary_large_image\" \/>\n<meta name=\"twitter:label1\" content=\"Dur\u00e9e de lecture estim\u00e9e\" \/>\n\t<meta name=\"twitter:data1\" content=\"1 minute\" \/>\n<script type=\"application\/ld+json\" class=\"yoast-schema-graph\">{\"@context\":\"https:\/\/schema.org\",\"@graph\":[{\"@type\":\"WebPage\",\"@id\":\"https:\/\/emiliepapaye.com\/index.php\/artisans\/\",\"url\":\"https:\/\/emiliepapaye.com\/index.php\/artisans\/\",\"name\":\"CORPORATE - Photographie - EMILIE PAPAYE\",\"isPartOf\":{\"@id\":\"https:\/\/emiliepapaye.com\/#website\"},\"datePublished\":\"2021-01-25T11:10:37+00:00\",\"dateModified\":\"2023-01-09T15:24:16+00:00\",\"description\":\"Portraits d'Artisan. \u00c9milie Papaye artisan du bijou et de l'image porte un regard personnel au monde de la cr\u00e9ation et de l'artisanat.\",\"breadcrumb\":{\"@id\":\"https:\/\/emiliepapaye.com\/index.php\/artisans\/#breadcrumb\"},\"inLanguage\":\"fr-FR\",\"potentialAction\":[{\"@type\":\"ReadAction\",\"target\":[\"https:\/\/emiliepapaye.com\/index.php\/artisans\/\"]}]},{\"@type\":\"BreadcrumbList\",\"@id\":\"https:\/\/emiliepapaye.com\/index.php\/artisans\/#breadcrumb\",\"itemListElement\":[{\"@type\":\"ListItem\",\"position\":1,\"name\":\"Accueil\",\"item\":\"https:\/\/emiliepapaye.com\/\"},{\"@type\":\"ListItem\",\"position\":2,\"name\":\"CORPORATE\"}]},{\"@type\":\"WebSite\",\"@id\":\"https:\/\/emiliepapaye.com\/#website\",\"url\":\"https:\/\/emiliepapaye.com\/\",\"name\":\"EMILIE PAPAYE\",\"description\":\"EMILIE PAPAYE\",\"publisher\":{\"@id\":\"https:\/\/emiliepapaye.com\/#organization\"},\"potentialAction\":[{\"@type\":\"SearchAction\",\"target\":{\"@type\":\"EntryPoint\",\"urlTemplate\":\"https:\/\/emiliepapaye.com\/?s={search_term_string}\"},\"query-input\":{\"@type\":\"PropertyValueSpecification\",\"valueRequired\":true,\"valueName\":\"search_term_string\"}}],\"inLanguage\":\"fr-FR\"},{\"@type\":\"Organization\",\"@id\":\"https:\/\/emiliepapaye.com\/#organization\",\"name\":\"EMILIE PAPAYE\",\"url\":\"https:\/\/emiliepapaye.com\/\",\"logo\":{\"@type\":\"ImageObject\",\"inLanguage\":\"fr-FR\",\"@id\":\"https:\/\/emiliepapaye.com\/#\/schema\/logo\/image\/\",\"url\":\"https:\/\/emiliepapaye.com\/wp-content\/uploads\/2024\/01\/cropped-1.png\",\"contentUrl\":\"https:\/\/emiliepapaye.com\/wp-content\/uploads\/2024\/01\/cropped-1.png\",\"width\":6912,\"height\":3456,\"caption\":\"EMILIE PAPAYE\"},\"image\":{\"@id\":\"https:\/\/emiliepapaye.com\/#\/schema\/logo\/image\/\"}}]}<\/script>\n<!-- \/ Yoast SEO plugin. -->","yoast_head_json":{"title":"CORPORATE - Photographie - EMILIE PAPAYE","description":"Portraits d'Artisan. \u00c9milie Papaye artisan du bijou et de l'image porte un regard personnel au monde de la cr\u00e9ation et de l'artisanat.","robots":{"index":"index","follow":"follow","max-snippet":"max-snippet:-1","max-image-preview":"max-image-preview:large","max-video-preview":"max-video-preview:-1"},"canonical":"https:\/\/emiliepapaye.com\/index.php\/artisans\/","og_locale":"fr_FR","og_type":"article","og_title":"CORPORATE - Photographie - EMILIE PAPAYE","og_description":"Portraits d'Artisan. \u00c9milie Papaye artisan du bijou et de l'image porte un regard personnel au monde de la cr\u00e9ation et de l'artisanat.","og_url":"https:\/\/emiliepapaye.com\/index.php\/artisans\/","og_site_name":"EMILIE PAPAYE","article_modified_time":"2023-01-09T15:24:16+00:00","twitter_card":"summary_large_image","twitter_misc":{"Dur\u00e9e de lecture estim\u00e9e":"1 minute"},"schema":{"@context":"https:\/\/schema.org","@graph":[{"@type":"WebPage","@id":"https:\/\/emiliepapaye.com\/index.php\/artisans\/","url":"https:\/\/emiliepapaye.com\/index.php\/artisans\/","name":"CORPORATE - Photographie - EMILIE PAPAYE","isPartOf":{"@id":"https:\/\/emiliepapaye.com\/#website"},"datePublished":"2021-01-25T11:10:37+00:00","dateModified":"2023-01-09T15:24:16+00:00","description":"Portraits d'Artisan. \u00c9milie Papaye artisan du bijou et de l'image porte un regard personnel au monde de la cr\u00e9ation et de l'artisanat.","breadcrumb":{"@id":"https:\/\/emiliepapaye.com\/index.php\/artisans\/#breadcrumb"},"inLanguage":"fr-FR","potentialAction":[{"@type":"ReadAction","target":["https:\/\/emiliepapaye.com\/index.php\/artisans\/"]}]},{"@type":"BreadcrumbList","@id":"https:\/\/emiliepapaye.com\/index.php\/artisans\/#breadcrumb","itemListElement":[{"@type":"ListItem","position":1,"name":"Accueil","item":"https:\/\/emiliepapaye.com\/"},{"@type":"ListItem","position":2,"name":"CORPORATE"}]},{"@type":"WebSite","@id":"https:\/\/emiliepapaye.com\/#website","url":"https:\/\/emiliepapaye.com\/","name":"EMILIE PAPAYE","description":"EMILIE PAPAYE","publisher":{"@id":"https:\/\/emiliepapaye.com\/#organization"},"potentialAction":[{"@type":"SearchAction","target":{"@type":"EntryPoint","urlTemplate":"https:\/\/emiliepapaye.com\/?s={search_term_string}"},"query-input":{"@type":"PropertyValueSpecification","valueRequired":true,"valueName":"search_term_string"}}],"inLanguage":"fr-FR"},{"@type":"Organization","@id":"https:\/\/emiliepapaye.com\/#organization","name":"EMILIE PAPAYE","url":"https:\/\/emiliepapaye.com\/","logo":{"@type":"ImageObject","inLanguage":"fr-FR","@id":"https:\/\/emiliepapaye.com\/#\/schema\/logo\/image\/","url":"https:\/\/emiliepapaye.com\/wp-content\/uploads\/2024\/01\/cropped-1.png","contentUrl":"https:\/\/emiliepapaye.com\/wp-content\/uploads\/2024\/01\/cropped-1.png","width":6912,"height":3456,"caption":"EMILIE PAPAYE"},"image":{"@id":"https:\/\/emiliepapaye.com\/#\/schema\/logo\/image\/"}}]}},"jetpack_sharing_enabled":true,"_links":{"self":[{"href":"https:\/\/emiliepapaye.com\/index.php\/wp-json\/wp\/v2\/pages\/1372","targetHints":{"allow":["GET"]}}],"collection":[{"href":"https:\/\/emiliepapaye.com\/index.php\/wp-json\/wp\/v2\/pages"}],"about":[{"href":"https:\/\/emiliepapaye.com\/index.php\/wp-json\/wp\/v2\/types\/page"}],"author":[{"embeddable":true,"href":"https:\/\/emiliepapaye.com\/index.php\/wp-json\/wp\/v2\/users\/1"}],"replies":[{"embeddable":true,"href":"https:\/\/emiliepapaye.com\/index.php\/wp-json\/wp\/v2\/comments?post=1372"}],"version-history":[{"count":173,"href":"https:\/\/emiliepapaye.com\/index.php\/wp-json\/wp\/v2\/pages\/1372\/revisions"}],"predecessor-version":[{"id":3674,"href":"https:\/\/emiliepapaye.com\/index.php\/wp-json\/wp\/v2\/pages\/1372\/revisions\/3674"}],"wp:attachment":[{"href":"https:\/\/emiliepapaye.com\/index.php\/wp-json\/wp\/v2\/media?parent=1372"}],"curies":[{"name":"wp","href":"https:\/\/api.w.org\/{rel}","templated":true}]}}