{"id":3333,"date":"2023-01-06T13:52:15","date_gmt":"2023-01-06T12:52:15","guid":{"rendered":"https:\/\/emiliepapaye.com\/?page_id=3333"},"modified":"2024-01-28T11:21:08","modified_gmt":"2024-01-28T10:21:08","slug":"tissage","status":"publish","type":"page","link":"https:\/\/emiliepapaye.com\/index.php\/tissage\/","title":{"rendered":"TISSAGE"},"content":{"rendered":"\t\t<div data-elementor-type=\"wp-page\" data-elementor-id=\"3333\" class=\"elementor elementor-3333\" data-elementor-post-type=\"page\">\n\t\t\t\t\t\t<section class=\"elementor-section elementor-top-section elementor-element elementor-element-73d2682 elementor-section-boxed elementor-section-height-default elementor-section-height-default\" data-id=\"73d2682\" data-element_type=\"section\" data-e-type=\"section\">\n\t\t\t\t\t\t<div class=\"elementor-container elementor-column-gap-default\">\n\t\t\t\t\t<div class=\"elementor-column elementor-col-100 elementor-top-column elementor-element elementor-element-22a035a\" data-id=\"22a035a\" data-element_type=\"column\" data-e-type=\"column\">\n\t\t\t<div class=\"elementor-widget-wrap elementor-element-populated\">\n\t\t\t\t\t\t<div class=\"elementor-element elementor-element-51167f1 elementor-grid-4 elementor-grid-tablet-3 elementor-grid-mobile-2 elementor-products-grid elementor-wc-products elementor-widget elementor-widget-woocommerce-products\" data-id=\"51167f1\" data-element_type=\"widget\" data-e-type=\"widget\" data-widget_type=\"woocommerce-products.default\">\n\t\t\t\t<div class=\"elementor-widget-container\">\n\t\t\t\t\t<div class=\"woocommerce columns-4 \"><ul class=\"products elementor-grid columns-4\">\n<li class=\"product type-product post-4447 status-publish first instock product_cat-boucles-doreilles product_cat-femme product_cat-miyuki product_cat-tissage has-post-thumbnail purchasable product-type-simple\">\n\t<a href=\"https:\/\/emiliepapaye.com\/index.php\/produit\/suzanne-2\/\" class=\"woocommerce-LoopProduct-link woocommerce-loop-product__link\"><img fetchpriority=\"high\" decoding=\"async\" width=\"300\" height=\"300\" src=\"https:\/\/emiliepapaye.com\/wp-content\/uploads\/2025\/11\/bijounovmebre25-35-scaled-300x300.jpg\" class=\"attachment-woocommerce_thumbnail size-woocommerce_thumbnail\" alt=\"SUZANNE\" srcset=\"https:\/\/emiliepapaye.com\/wp-content\/uploads\/2025\/11\/bijounovmebre25-35-scaled-300x300.jpg 300w, https:\/\/emiliepapaye.com\/wp-content\/uploads\/2025\/11\/bijounovmebre25-35-150x150.jpg 150w\" sizes=\"(max-width: 300px) 100vw, 300px\" \/><h2 class=\"woocommerce-loop-product__title\">SUZANNE<\/h2>\n\t<span class=\"price\"><span class=\"woocommerce-Price-amount amount\"><bdi>75,00&nbsp;<span class=\"woocommerce-Price-currencySymbol\">&euro;<\/span><\/bdi><\/span><\/span>\n<\/a><a href=\"\/index.php\/wp-json\/wp\/v2\/pages\/3333?add-to-cart=4447\" aria-describedby=\"woocommerce_loop_add_to_cart_link_describedby_4447\" data-quantity=\"1\" class=\"button product_type_simple add_to_cart_button ajax_add_to_cart\" data-product_id=\"4447\" data-product_sku=\"\" aria-label=\"Ajouter au panier\u00a0: &ldquo;SUZANNE&rdquo;\" rel=\"nofollow\" data-success_message=\"\u00ab\u00a0SUZANNE\u00a0\u00bb a \u00e9t\u00e9 ajout\u00e9 \u00e0 votre panier\" role=\"button\">Ajouter au panier<\/a>\t<span id=\"woocommerce_loop_add_to_cart_link_describedby_4447\" class=\"screen-reader-text\">\n\t\t\t<\/span>\n<\/li>\n<li class=\"product type-product post-4429 status-publish instock product_cat-boucles-doreilles product_cat-femme product_cat-laiton product_cat-miyuki product_cat-tissage has-post-thumbnail purchasable product-type-simple\">\n\t<a href=\"https:\/\/emiliepapaye.com\/index.php\/produit\/confettis-xl\/\" class=\"woocommerce-LoopProduct-link woocommerce-loop-product__link\"><img decoding=\"async\" width=\"300\" height=\"300\" src=\"https:\/\/emiliepapaye.com\/wp-content\/uploads\/2025\/11\/bijounovmebre25-30-300x300.jpg\" class=\"attachment-woocommerce_thumbnail size-woocommerce_thumbnail\" alt=\"CONFETTIS xl\" srcset=\"https:\/\/emiliepapaye.com\/wp-content\/uploads\/2025\/11\/bijounovmebre25-30-300x300.jpg 300w, https:\/\/emiliepapaye.com\/wp-content\/uploads\/2025\/11\/bijounovmebre25-30-150x150.jpg 150w\" sizes=\"(max-width: 300px) 100vw, 300px\" \/><h2 class=\"woocommerce-loop-product__title\">CONFETTIS xl<\/h2>\n\t<span class=\"price\"><span class=\"woocommerce-Price-amount amount\"><bdi>70,00&nbsp;<span class=\"woocommerce-Price-currencySymbol\">&euro;<\/span><\/bdi><\/span><\/span>\n<\/a><a href=\"\/index.php\/wp-json\/wp\/v2\/pages\/3333?add-to-cart=4429\" aria-describedby=\"woocommerce_loop_add_to_cart_link_describedby_4429\" data-quantity=\"1\" class=\"button product_type_simple add_to_cart_button ajax_add_to_cart\" data-product_id=\"4429\" data-product_sku=\"\" aria-label=\"Ajouter au panier\u00a0: &ldquo;CONFETTIS xl&rdquo;\" rel=\"nofollow\" data-success_message=\"\u00ab\u00a0CONFETTIS xl\u00a0\u00bb a \u00e9t\u00e9 ajout\u00e9 \u00e0 votre panier\" role=\"button\">Ajouter au panier<\/a>\t<span id=\"woocommerce_loop_add_to_cart_link_describedby_4429\" class=\"screen-reader-text\">\n\t\t\t<\/span>\n<\/li>\n<li class=\"product type-product post-4360 status-publish instock product_cat-femme product_cat-miyuki product_cat-non-classe product_cat-tissage has-post-thumbnail taxable shipping-taxable purchasable product-type-simple\">\n\t<a href=\"https:\/\/emiliepapaye.com\/index.php\/produit\/coyoacan-rouge\/\" class=\"woocommerce-LoopProduct-link woocommerce-loop-product__link\"><img decoding=\"async\" width=\"300\" height=\"300\" src=\"https:\/\/emiliepapaye.com\/wp-content\/uploads\/2025\/05\/coyo-5-scaled-300x300.jpg\" class=\"attachment-woocommerce_thumbnail size-woocommerce_thumbnail\" alt=\"COYOAC\u00c0N ROUGE\" srcset=\"https:\/\/emiliepapaye.com\/wp-content\/uploads\/2025\/05\/coyo-5-scaled-300x300.jpg 300w, https:\/\/emiliepapaye.com\/wp-content\/uploads\/2025\/05\/coyo-5-150x150.jpg 150w\" sizes=\"(max-width: 300px) 100vw, 300px\" \/><h2 class=\"woocommerce-loop-product__title\">COYOAC\u00c0N ROUGE<\/h2>\n\t<span class=\"price\"><span class=\"woocommerce-Price-amount amount\"><bdi>55,00&nbsp;<span class=\"woocommerce-Price-currencySymbol\">&euro;<\/span><\/bdi><\/span><\/span>\n<\/a><a href=\"\/index.php\/wp-json\/wp\/v2\/pages\/3333?add-to-cart=4360\" aria-describedby=\"woocommerce_loop_add_to_cart_link_describedby_4360\" data-quantity=\"1\" class=\"button product_type_simple add_to_cart_button ajax_add_to_cart\" data-product_id=\"4360\" data-product_sku=\"\" aria-label=\"Ajouter au panier\u00a0: &ldquo;COYOAC\u00c0N ROUGE&rdquo;\" rel=\"nofollow\" data-success_message=\"\u00ab\u00a0COYOAC\u00c0N ROUGE\u00a0\u00bb a \u00e9t\u00e9 ajout\u00e9 \u00e0 votre panier\" role=\"button\">Ajouter au panier<\/a>\t<span id=\"woocommerce_loop_add_to_cart_link_describedby_4360\" class=\"screen-reader-text\">\n\t\t\t<\/span>\n<\/li>\n<li class=\"product type-product post-4357 status-publish last outofstock product_cat-boucles-doreilles product_cat-femme product_cat-laiton product_cat-miyuki product_cat-tissage has-post-thumbnail taxable shipping-taxable purchasable product-type-simple\">\n\t<a href=\"https:\/\/emiliepapaye.com\/index.php\/produit\/4357\/\" class=\"woocommerce-LoopProduct-link woocommerce-loop-product__link\"><img loading=\"lazy\" decoding=\"async\" width=\"300\" height=\"300\" src=\"https:\/\/emiliepapaye.com\/wp-content\/uploads\/2025\/05\/coyo-4-scaled-300x300.jpg\" class=\"attachment-woocommerce_thumbnail size-woocommerce_thumbnail\" alt=\"COYOAC\u00c1N VERT\" srcset=\"https:\/\/emiliepapaye.com\/wp-content\/uploads\/2025\/05\/coyo-4-scaled-300x300.jpg 300w, https:\/\/emiliepapaye.com\/wp-content\/uploads\/2025\/05\/coyo-4-150x150.jpg 150w\" sizes=\"(max-width: 300px) 100vw, 300px\" \/><h2 class=\"woocommerce-loop-product__title\">COYOAC\u00c1N VERT<\/h2>\n\t<span class=\"price\"><span class=\"woocommerce-Price-amount amount\"><bdi>55,00&nbsp;<span class=\"woocommerce-Price-currencySymbol\">&euro;<\/span><\/bdi><\/span><\/span>\n<p class=\"stock out-of-stock\">Out of Stock<\/p><\/a><a href=\"https:\/\/emiliepapaye.com\/index.php\/produit\/4357\/\" aria-describedby=\"woocommerce_loop_add_to_cart_link_describedby_4357\" data-quantity=\"1\" class=\"button product_type_simple\" data-product_id=\"4357\" data-product_sku=\"\" aria-label=\"En savoir plus sur &ldquo;COYOAC\u00c1N VERT&rdquo;\" rel=\"nofollow\" data-success_message=\"\">Lire la suite<\/a>\t<span id=\"woocommerce_loop_add_to_cart_link_describedby_4357\" class=\"screen-reader-text\">\n\t\t\t<\/span>\n<\/li>\n<li class=\"product type-product post-4341 status-publish first outofstock product_cat-boucles-doreilles product_cat-femme product_cat-laiton product_cat-miyuki product_cat-tissage has-post-thumbnail taxable shipping-taxable purchasable product-type-simple\">\n\t<a href=\"https:\/\/emiliepapaye.com\/index.php\/produit\/azul-maya\/\" class=\"woocommerce-LoopProduct-link woocommerce-loop-product__link\"><img loading=\"lazy\" decoding=\"async\" width=\"300\" height=\"300\" src=\"https:\/\/emiliepapaye.com\/wp-content\/uploads\/2025\/04\/fanny-6-scaled-300x300.jpg\" class=\"attachment-woocommerce_thumbnail size-woocommerce_thumbnail\" alt=\"AZUL MAYA\" srcset=\"https:\/\/emiliepapaye.com\/wp-content\/uploads\/2025\/04\/fanny-6-scaled-300x300.jpg 300w, https:\/\/emiliepapaye.com\/wp-content\/uploads\/2025\/04\/fanny-6-150x150.jpg 150w\" sizes=\"(max-width: 300px) 100vw, 300px\" \/><h2 class=\"woocommerce-loop-product__title\">AZUL MAYA<\/h2>\n\t<span class=\"price\"><span class=\"woocommerce-Price-amount amount\"><bdi>65,00&nbsp;<span class=\"woocommerce-Price-currencySymbol\">&euro;<\/span><\/bdi><\/span><\/span>\n<p class=\"stock out-of-stock\">Out of Stock<\/p><\/a><a href=\"https:\/\/emiliepapaye.com\/index.php\/produit\/azul-maya\/\" aria-describedby=\"woocommerce_loop_add_to_cart_link_describedby_4341\" data-quantity=\"1\" class=\"button product_type_simple\" data-product_id=\"4341\" data-product_sku=\"\" aria-label=\"En savoir plus sur &ldquo;AZUL MAYA&rdquo;\" rel=\"nofollow\" data-success_message=\"\">Lire la suite<\/a>\t<span id=\"woocommerce_loop_add_to_cart_link_describedby_4341\" class=\"screen-reader-text\">\n\t\t\t<\/span>\n<\/li>\n<li class=\"product type-product post-3956 status-publish outofstock product_cat-boucles-doreilles product_cat-femme product_cat-miyuki product_cat-tissage has-post-thumbnail purchasable product-type-simple\">\n\t<a href=\"https:\/\/emiliepapaye.com\/index.php\/produit\/falda-lilas\/\" class=\"woocommerce-LoopProduct-link woocommerce-loop-product__link\"><img loading=\"lazy\" decoding=\"async\" width=\"300\" height=\"300\" src=\"https:\/\/emiliepapaye.com\/wp-content\/uploads\/2024\/01\/dec24_9999_23-scaled-300x300.jpg\" class=\"attachment-woocommerce_thumbnail size-woocommerce_thumbnail\" alt=\"ART DECO\" srcset=\"https:\/\/emiliepapaye.com\/wp-content\/uploads\/2024\/01\/dec24_9999_23-scaled-300x300.jpg 300w, https:\/\/emiliepapaye.com\/wp-content\/uploads\/2024\/01\/dec24_9999_23-150x150.jpg 150w\" sizes=\"(max-width: 300px) 100vw, 300px\" \/><h2 class=\"woocommerce-loop-product__title\">ART DECO<\/h2>\n\t<span class=\"price\"><span class=\"woocommerce-Price-amount amount\"><bdi>65,00&nbsp;<span class=\"woocommerce-Price-currencySymbol\">&euro;<\/span><\/bdi><\/span><\/span>\n<p class=\"stock out-of-stock\">Out of Stock<\/p><\/a><a href=\"https:\/\/emiliepapaye.com\/index.php\/produit\/falda-lilas\/\" aria-describedby=\"woocommerce_loop_add_to_cart_link_describedby_3956\" data-quantity=\"1\" class=\"button product_type_simple\" data-product_id=\"3956\" data-product_sku=\"\" aria-label=\"En savoir plus sur &ldquo;ART DECO&rdquo;\" rel=\"nofollow\" data-success_message=\"\">Lire la suite<\/a>\t<span id=\"woocommerce_loop_add_to_cart_link_describedby_3956\" class=\"screen-reader-text\">\n\t\t\t<\/span>\n<\/li>\n<li class=\"product type-product post-3954 status-publish instock product_cat-boucles-doreilles product_cat-femme product_cat-miyuki product_cat-tissage has-post-thumbnail taxable shipping-taxable purchasable product-type-simple\">\n\t<a href=\"https:\/\/emiliepapaye.com\/index.php\/produit\/falda-turquoise\/\" class=\"woocommerce-LoopProduct-link woocommerce-loop-product__link\"><img loading=\"lazy\" decoding=\"async\" width=\"300\" height=\"300\" src=\"https:\/\/emiliepapaye.com\/wp-content\/uploads\/2024\/01\/miyukijupe_0475-2-300x300.jpg\" class=\"attachment-woocommerce_thumbnail size-woocommerce_thumbnail\" alt=\"FALDA TURQUOISE\" srcset=\"https:\/\/emiliepapaye.com\/wp-content\/uploads\/2024\/01\/miyukijupe_0475-2-300x300.jpg 300w, https:\/\/emiliepapaye.com\/wp-content\/uploads\/2024\/01\/miyukijupe_0475-2-150x150.jpg 150w\" sizes=\"(max-width: 300px) 100vw, 300px\" \/><h2 class=\"woocommerce-loop-product__title\">FALDA TURQUOISE<\/h2>\n\t<span class=\"price\"><span class=\"woocommerce-Price-amount amount\"><bdi>45,00&nbsp;<span class=\"woocommerce-Price-currencySymbol\">&euro;<\/span><\/bdi><\/span><\/span>\n<\/a><a href=\"\/index.php\/wp-json\/wp\/v2\/pages\/3333?add-to-cart=3954\" aria-describedby=\"woocommerce_loop_add_to_cart_link_describedby_3954\" data-quantity=\"1\" class=\"button product_type_simple add_to_cart_button ajax_add_to_cart\" data-product_id=\"3954\" data-product_sku=\"\" aria-label=\"Ajouter au panier\u00a0: &ldquo;FALDA TURQUOISE&rdquo;\" rel=\"nofollow\" data-success_message=\"\u00ab\u00a0FALDA TURQUOISE\u00a0\u00bb a \u00e9t\u00e9 ajout\u00e9 \u00e0 votre panier\" role=\"button\">Ajouter au panier<\/a>\t<span id=\"woocommerce_loop_add_to_cart_link_describedby_3954\" class=\"screen-reader-text\">\n\t\t\t<\/span>\n<\/li>\n<li class=\"product type-product post-3953 status-publish last outofstock product_cat-boucles-doreilles product_cat-femme product_cat-miyuki product_cat-tissage has-post-thumbnail taxable shipping-taxable purchasable product-type-simple\">\n\t<a href=\"https:\/\/emiliepapaye.com\/index.php\/produit\/falda-orange\/\" class=\"woocommerce-LoopProduct-link woocommerce-loop-product__link\"><img loading=\"lazy\" decoding=\"async\" width=\"300\" height=\"300\" src=\"https:\/\/emiliepapaye.com\/wp-content\/uploads\/2024\/01\/miyukijupe_0483-2-300x300.jpg\" class=\"attachment-woocommerce_thumbnail size-woocommerce_thumbnail\" alt=\"FALDA ORANGE\" srcset=\"https:\/\/emiliepapaye.com\/wp-content\/uploads\/2024\/01\/miyukijupe_0483-2-300x300.jpg 300w, https:\/\/emiliepapaye.com\/wp-content\/uploads\/2024\/01\/miyukijupe_0483-2-150x150.jpg 150w\" sizes=\"(max-width: 300px) 100vw, 300px\" \/><h2 class=\"woocommerce-loop-product__title\">FALDA ORANGE<\/h2>\n\t<span class=\"price\"><span class=\"woocommerce-Price-amount amount\"><bdi>45,00&nbsp;<span class=\"woocommerce-Price-currencySymbol\">&euro;<\/span><\/bdi><\/span><\/span>\n<p class=\"stock out-of-stock\">Out of Stock<\/p><\/a><a href=\"https:\/\/emiliepapaye.com\/index.php\/produit\/falda-orange\/\" aria-describedby=\"woocommerce_loop_add_to_cart_link_describedby_3953\" data-quantity=\"1\" class=\"button product_type_simple\" data-product_id=\"3953\" data-product_sku=\"\" aria-label=\"En savoir plus sur &ldquo;FALDA ORANGE&rdquo;\" rel=\"nofollow\" data-success_message=\"\">Lire la suite<\/a>\t<span id=\"woocommerce_loop_add_to_cart_link_describedby_3953\" class=\"screen-reader-text\">\n\t\t\t<\/span>\n<\/li>\n<li class=\"product type-product post-3948 status-publish first outofstock product_cat-boucles-doreilles product_cat-femme product_cat-miyuki product_cat-tissage has-post-thumbnail taxable shipping-taxable purchasable product-type-simple\">\n\t<a href=\"https:\/\/emiliepapaye.com\/index.php\/produit\/falda-noire\/\" class=\"woocommerce-LoopProduct-link woocommerce-loop-product__link\"><img loading=\"lazy\" decoding=\"async\" width=\"300\" height=\"300\" src=\"https:\/\/emiliepapaye.com\/wp-content\/uploads\/2024\/01\/miyukijupe_0492-2-300x300.jpg\" class=\"attachment-woocommerce_thumbnail size-woocommerce_thumbnail\" alt=\"FALDA NOIRE\" srcset=\"https:\/\/emiliepapaye.com\/wp-content\/uploads\/2024\/01\/miyukijupe_0492-2-300x300.jpg 300w, https:\/\/emiliepapaye.com\/wp-content\/uploads\/2024\/01\/miyukijupe_0492-2-150x150.jpg 150w\" sizes=\"(max-width: 300px) 100vw, 300px\" \/><h2 class=\"woocommerce-loop-product__title\">FALDA NOIRE<\/h2>\n\t<span class=\"price\"><span class=\"woocommerce-Price-amount amount\"><bdi>45,00&nbsp;<span class=\"woocommerce-Price-currencySymbol\">&euro;<\/span><\/bdi><\/span><\/span>\n<p class=\"stock out-of-stock\">Out of Stock<\/p><\/a><a href=\"https:\/\/emiliepapaye.com\/index.php\/produit\/falda-noire\/\" aria-describedby=\"woocommerce_loop_add_to_cart_link_describedby_3948\" data-quantity=\"1\" class=\"button product_type_simple\" data-product_id=\"3948\" data-product_sku=\"\" aria-label=\"En savoir plus sur &ldquo;FALDA NOIRE&rdquo;\" rel=\"nofollow\" data-success_message=\"\">Lire la suite<\/a>\t<span id=\"woocommerce_loop_add_to_cart_link_describedby_3948\" class=\"screen-reader-text\">\n\t\t\t<\/span>\n<\/li>\n<li class=\"product type-product post-3945 status-publish instock product_cat-boucles-doreilles product_cat-femme product_cat-miyuki product_cat-tissage has-post-thumbnail taxable shipping-taxable purchasable product-type-simple\">\n\t<a href=\"https:\/\/emiliepapaye.com\/index.php\/produit\/falda\/\" class=\"woocommerce-LoopProduct-link woocommerce-loop-product__link\"><img loading=\"lazy\" decoding=\"async\" width=\"300\" height=\"300\" src=\"https:\/\/emiliepapaye.com\/wp-content\/uploads\/2024\/01\/dec24_9999_27-300x300.jpg\" class=\"attachment-woocommerce_thumbnail size-woocommerce_thumbnail\" alt=\"CONFETTIS\" srcset=\"https:\/\/emiliepapaye.com\/wp-content\/uploads\/2024\/01\/dec24_9999_27-300x300.jpg 300w, https:\/\/emiliepapaye.com\/wp-content\/uploads\/2024\/01\/dec24_9999_27-150x150.jpg 150w\" sizes=\"(max-width: 300px) 100vw, 300px\" \/><h2 class=\"woocommerce-loop-product__title\">CONFETTIS<\/h2>\n\t<span class=\"price\"><span class=\"woocommerce-Price-amount amount\"><bdi>55,00&nbsp;<span class=\"woocommerce-Price-currencySymbol\">&euro;<\/span><\/bdi><\/span><\/span>\n<\/a><a href=\"\/index.php\/wp-json\/wp\/v2\/pages\/3333?add-to-cart=3945\" aria-describedby=\"woocommerce_loop_add_to_cart_link_describedby_3945\" data-quantity=\"1\" class=\"button product_type_simple add_to_cart_button ajax_add_to_cart\" data-product_id=\"3945\" data-product_sku=\"\" aria-label=\"Ajouter au panier\u00a0: &ldquo;CONFETTIS&rdquo;\" rel=\"nofollow\" data-success_message=\"\u00ab\u00a0CONFETTIS\u00a0\u00bb a \u00e9t\u00e9 ajout\u00e9 \u00e0 votre panier\" role=\"button\">Ajouter au panier<\/a>\t<span id=\"woocommerce_loop_add_to_cart_link_describedby_3945\" class=\"screen-reader-text\">\n\t\t\t<\/span>\n<\/li>\n<\/ul>\n<\/div>\t\t\t\t<\/div>\n\t\t\t\t<\/div>\n\t\t\t\t\t<\/div>\n\t\t<\/div>\n\t\t\t\t\t<\/div>\n\t\t<\/section>\n\t\t\t\t<\/div>\n\t\t","protected":false},"excerpt":{"rendered":"","protected":false},"author":1,"featured_media":0,"parent":0,"menu_order":0,"comment_status":"closed","ping_status":"closed","template":"","meta":{"_bbp_topic_count":0,"_bbp_reply_count":0,"_bbp_total_topic_count":0,"_bbp_total_reply_count":0,"_bbp_voice_count":0,"_bbp_anonymous_reply_count":0,"_bbp_topic_count_hidden":0,"_bbp_reply_count_hidden":0,"_bbp_forum_subforum_count":0,"footnotes":""},"class_list":["post-3333","page","type-page","status-publish","hentry"],"yoast_head":"<!-- This site is optimized with the Yoast SEO plugin v26.8 - https:\/\/yoast.com\/product\/yoast-seo-wordpress\/ -->\n<title>TISSAGE - EMILIE PAPAYE<\/title>\n<meta name=\"description\" content=\"Tissage en perle de verre du Japon Miyuki. \u00c9milie Papaye mixe les mati\u00e8res et les techniques pour la cr\u00e9ation de ces boucles d&#039;oreille.\" \/>\n<meta name=\"robots\" content=\"index, follow, max-snippet:-1, max-image-preview:large, max-video-preview:-1\" \/>\n<link rel=\"canonical\" href=\"https:\/\/emiliepapaye.com\/index.php\/tissage\/\" \/>\n<meta property=\"og:locale\" content=\"fr_FR\" \/>\n<meta property=\"og:type\" content=\"article\" \/>\n<meta property=\"og:title\" content=\"TISSAGE - EMILIE PAPAYE\" \/>\n<meta property=\"og:description\" content=\"Tissage en perle de verre du Japon Miyuki. \u00c9milie Papaye mixe les mati\u00e8res et les techniques pour la cr\u00e9ation de ces boucles d&#039;oreille.\" \/>\n<meta property=\"og:url\" content=\"https:\/\/emiliepapaye.com\/index.php\/tissage\/\" \/>\n<meta property=\"og:site_name\" content=\"EMILIE PAPAYE\" \/>\n<meta property=\"article:modified_time\" content=\"2024-01-28T10:21:08+00:00\" \/>\n<meta name=\"twitter:card\" content=\"summary_large_image\" \/>\n<meta name=\"twitter:label1\" content=\"Dur\u00e9e de lecture estim\u00e9e\" \/>\n\t<meta name=\"twitter:data1\" content=\"2 minutes\" \/>\n<script type=\"application\/ld+json\" class=\"yoast-schema-graph\">{\"@context\":\"https:\/\/schema.org\",\"@graph\":[{\"@type\":\"WebPage\",\"@id\":\"https:\/\/emiliepapaye.com\/index.php\/tissage\/\",\"url\":\"https:\/\/emiliepapaye.com\/index.php\/tissage\/\",\"name\":\"TISSAGE - EMILIE PAPAYE\",\"isPartOf\":{\"@id\":\"https:\/\/emiliepapaye.com\/#website\"},\"datePublished\":\"2023-01-06T12:52:15+00:00\",\"dateModified\":\"2024-01-28T10:21:08+00:00\",\"description\":\"Tissage en perle de verre du Japon Miyuki. \u00c9milie Papaye mixe les mati\u00e8res et les techniques pour la cr\u00e9ation de ces boucles d'oreille.\",\"breadcrumb\":{\"@id\":\"https:\/\/emiliepapaye.com\/index.php\/tissage\/#breadcrumb\"},\"inLanguage\":\"fr-FR\",\"potentialAction\":[{\"@type\":\"ReadAction\",\"target\":[\"https:\/\/emiliepapaye.com\/index.php\/tissage\/\"]}]},{\"@type\":\"BreadcrumbList\",\"@id\":\"https:\/\/emiliepapaye.com\/index.php\/tissage\/#breadcrumb\",\"itemListElement\":[{\"@type\":\"ListItem\",\"position\":1,\"name\":\"Accueil\",\"item\":\"https:\/\/emiliepapaye.com\/\"},{\"@type\":\"ListItem\",\"position\":2,\"name\":\"TISSAGE\"}]},{\"@type\":\"WebSite\",\"@id\":\"https:\/\/emiliepapaye.com\/#website\",\"url\":\"https:\/\/emiliepapaye.com\/\",\"name\":\"EMILIE PAPAYE\",\"description\":\"EMILIE PAPAYE\",\"publisher\":{\"@id\":\"https:\/\/emiliepapaye.com\/#organization\"},\"potentialAction\":[{\"@type\":\"SearchAction\",\"target\":{\"@type\":\"EntryPoint\",\"urlTemplate\":\"https:\/\/emiliepapaye.com\/?s={search_term_string}\"},\"query-input\":{\"@type\":\"PropertyValueSpecification\",\"valueRequired\":true,\"valueName\":\"search_term_string\"}}],\"inLanguage\":\"fr-FR\"},{\"@type\":\"Organization\",\"@id\":\"https:\/\/emiliepapaye.com\/#organization\",\"name\":\"EMILIE PAPAYE\",\"url\":\"https:\/\/emiliepapaye.com\/\",\"logo\":{\"@type\":\"ImageObject\",\"inLanguage\":\"fr-FR\",\"@id\":\"https:\/\/emiliepapaye.com\/#\/schema\/logo\/image\/\",\"url\":\"https:\/\/emiliepapaye.com\/wp-content\/uploads\/2024\/01\/cropped-1.png\",\"contentUrl\":\"https:\/\/emiliepapaye.com\/wp-content\/uploads\/2024\/01\/cropped-1.png\",\"width\":6912,\"height\":3456,\"caption\":\"EMILIE PAPAYE\"},\"image\":{\"@id\":\"https:\/\/emiliepapaye.com\/#\/schema\/logo\/image\/\"}}]}<\/script>\n<!-- \/ Yoast SEO plugin. -->","yoast_head_json":{"title":"TISSAGE - EMILIE PAPAYE","description":"Tissage en perle de verre du Japon Miyuki. \u00c9milie Papaye mixe les mati\u00e8res et les techniques pour la cr\u00e9ation de ces boucles d'oreille.","robots":{"index":"index","follow":"follow","max-snippet":"max-snippet:-1","max-image-preview":"max-image-preview:large","max-video-preview":"max-video-preview:-1"},"canonical":"https:\/\/emiliepapaye.com\/index.php\/tissage\/","og_locale":"fr_FR","og_type":"article","og_title":"TISSAGE - EMILIE PAPAYE","og_description":"Tissage en perle de verre du Japon Miyuki. \u00c9milie Papaye mixe les mati\u00e8res et les techniques pour la cr\u00e9ation de ces boucles d'oreille.","og_url":"https:\/\/emiliepapaye.com\/index.php\/tissage\/","og_site_name":"EMILIE PAPAYE","article_modified_time":"2024-01-28T10:21:08+00:00","twitter_card":"summary_large_image","twitter_misc":{"Dur\u00e9e de lecture estim\u00e9e":"2 minutes"},"schema":{"@context":"https:\/\/schema.org","@graph":[{"@type":"WebPage","@id":"https:\/\/emiliepapaye.com\/index.php\/tissage\/","url":"https:\/\/emiliepapaye.com\/index.php\/tissage\/","name":"TISSAGE - EMILIE PAPAYE","isPartOf":{"@id":"https:\/\/emiliepapaye.com\/#website"},"datePublished":"2023-01-06T12:52:15+00:00","dateModified":"2024-01-28T10:21:08+00:00","description":"Tissage en perle de verre du Japon Miyuki. \u00c9milie Papaye mixe les mati\u00e8res et les techniques pour la cr\u00e9ation de ces boucles d'oreille.","breadcrumb":{"@id":"https:\/\/emiliepapaye.com\/index.php\/tissage\/#breadcrumb"},"inLanguage":"fr-FR","potentialAction":[{"@type":"ReadAction","target":["https:\/\/emiliepapaye.com\/index.php\/tissage\/"]}]},{"@type":"BreadcrumbList","@id":"https:\/\/emiliepapaye.com\/index.php\/tissage\/#breadcrumb","itemListElement":[{"@type":"ListItem","position":1,"name":"Accueil","item":"https:\/\/emiliepapaye.com\/"},{"@type":"ListItem","position":2,"name":"TISSAGE"}]},{"@type":"WebSite","@id":"https:\/\/emiliepapaye.com\/#website","url":"https:\/\/emiliepapaye.com\/","name":"EMILIE PAPAYE","description":"EMILIE PAPAYE","publisher":{"@id":"https:\/\/emiliepapaye.com\/#organization"},"potentialAction":[{"@type":"SearchAction","target":{"@type":"EntryPoint","urlTemplate":"https:\/\/emiliepapaye.com\/?s={search_term_string}"},"query-input":{"@type":"PropertyValueSpecification","valueRequired":true,"valueName":"search_term_string"}}],"inLanguage":"fr-FR"},{"@type":"Organization","@id":"https:\/\/emiliepapaye.com\/#organization","name":"EMILIE PAPAYE","url":"https:\/\/emiliepapaye.com\/","logo":{"@type":"ImageObject","inLanguage":"fr-FR","@id":"https:\/\/emiliepapaye.com\/#\/schema\/logo\/image\/","url":"https:\/\/emiliepapaye.com\/wp-content\/uploads\/2024\/01\/cropped-1.png","contentUrl":"https:\/\/emiliepapaye.com\/wp-content\/uploads\/2024\/01\/cropped-1.png","width":6912,"height":3456,"caption":"EMILIE PAPAYE"},"image":{"@id":"https:\/\/emiliepapaye.com\/#\/schema\/logo\/image\/"}}]}},"jetpack_sharing_enabled":true,"_links":{"self":[{"href":"https:\/\/emiliepapaye.com\/index.php\/wp-json\/wp\/v2\/pages\/3333","targetHints":{"allow":["GET"]}}],"collection":[{"href":"https:\/\/emiliepapaye.com\/index.php\/wp-json\/wp\/v2\/pages"}],"about":[{"href":"https:\/\/emiliepapaye.com\/index.php\/wp-json\/wp\/v2\/types\/page"}],"author":[{"embeddable":true,"href":"https:\/\/emiliepapaye.com\/index.php\/wp-json\/wp\/v2\/users\/1"}],"replies":[{"embeddable":true,"href":"https:\/\/emiliepapaye.com\/index.php\/wp-json\/wp\/v2\/comments?post=3333"}],"version-history":[{"count":7,"href":"https:\/\/emiliepapaye.com\/index.php\/wp-json\/wp\/v2\/pages\/3333\/revisions"}],"predecessor-version":[{"id":4118,"href":"https:\/\/emiliepapaye.com\/index.php\/wp-json\/wp\/v2\/pages\/3333\/revisions\/4118"}],"wp:attachment":[{"href":"https:\/\/emiliepapaye.com\/index.php\/wp-json\/wp\/v2\/media?parent=3333"}],"curies":[{"name":"wp","href":"https:\/\/api.w.org\/{rel}","templated":true}]}}