{"id":415,"date":"2020-09-11T14:39:45","date_gmt":"2020-09-11T12:39:45","guid":{"rendered":"http:\/\/emiliepapaye.com\/?page_id=415"},"modified":"2022-08-23T10:30:29","modified_gmt":"2022-08-23T08:30:29","slug":"bijoux","status":"publish","type":"page","link":"https:\/\/emiliepapaye.com\/index.php\/bijoux\/","title":{"rendered":"Histoire"},"content":{"rendered":"\t\t<div data-elementor-type=\"wp-page\" data-elementor-id=\"415\" class=\"elementor elementor-415\" data-elementor-post-type=\"page\">\n\t\t\t\t\t\t<section class=\"elementor-section elementor-top-section elementor-element elementor-element-e7bdd4f elementor-section-boxed elementor-section-height-default elementor-section-height-default\" data-id=\"e7bdd4f\" data-element_type=\"section\" data-e-type=\"section\">\n\t\t\t\t\t\t<div class=\"elementor-container elementor-column-gap-default\">\n\t\t\t\t\t<div class=\"elementor-column elementor-col-50 elementor-top-column elementor-element elementor-element-ad8a010\" data-id=\"ad8a010\" data-element_type=\"column\" data-e-type=\"column\">\n\t\t\t<div class=\"elementor-widget-wrap elementor-element-populated\">\n\t\t\t\t\t\t<div class=\"elementor-element elementor-element-e808dd2 elementor-widget elementor-widget-image\" data-id=\"e808dd2\" data-element_type=\"widget\" data-e-type=\"widget\" data-widget_type=\"image.default\">\n\t\t\t\t<div class=\"elementor-widget-container\">\n\t\t\t\t\t\t\t\t\t\t\t\t\t\t\t<img fetchpriority=\"high\" decoding=\"async\" width=\"768\" height=\"1087\" src=\"https:\/\/emiliepapaye.com\/wp-content\/uploads\/2020\/12\/placneh-archi-768x1087.jpg\" class=\"attachment-medium_large size-medium_large wp-image-841\" alt=\"\" srcset=\"https:\/\/emiliepapaye.com\/wp-content\/uploads\/2020\/12\/placneh-archi-768x1087.jpg 768w, https:\/\/emiliepapaye.com\/wp-content\/uploads\/2020\/12\/placneh-archi-scaled-653x924.jpg 653w, https:\/\/emiliepapaye.com\/wp-content\/uploads\/2020\/12\/placneh-archi-212x300.jpg 212w, https:\/\/emiliepapaye.com\/wp-content\/uploads\/2020\/12\/placneh-archi-724x1024.jpg 724w, https:\/\/emiliepapaye.com\/wp-content\/uploads\/2020\/12\/placneh-archi-scaled.jpg 1809w\" sizes=\"(max-width: 768px) 100vw, 768px\" \/>\t\t\t\t\t\t\t\t\t\t\t\t\t\t\t<\/div>\n\t\t\t\t<\/div>\n\t\t\t\t\t<\/div>\n\t\t<\/div>\n\t\t\t\t<div class=\"elementor-column elementor-col-50 elementor-top-column elementor-element elementor-element-0b2ca4d\" data-id=\"0b2ca4d\" data-element_type=\"column\" data-e-type=\"column\">\n\t\t\t<div class=\"elementor-widget-wrap elementor-element-populated\">\n\t\t\t\t\t\t<div class=\"elementor-element elementor-element-187eb6d elementor-widget elementor-widget-text-editor\" data-id=\"187eb6d\" data-element_type=\"widget\" data-e-type=\"widget\" data-widget_type=\"text-editor.default\">\n\t\t\t\t<div class=\"elementor-widget-container\">\n\t\t\t\t\t\t\t\t\t<h6><strong>T<\/strong>out commence par l&rsquo;ouverture d&rsquo;une boutique de bijoux anciens dans le centre de Bordeaux.<\/h6><h6>J&rsquo;y d\u00e9veloppe un atelier de restauration, r\u00e9paration et cr\u00e9ation sur mesure. Pendant 6 ans, je cr\u00e9e pour mes clients. Trouver mon style, puis l&rsquo;affiner. Des tr\u00e9sors du 18\u00e8me si\u00e8cle jusqu&rsquo;\u00e0 nos jours d\u00e9filent entre mes mains. L&rsquo;Art Deco est une vraie r\u00e9v\u00e9lation. Je voue une grande admiration pour <em>Suzanne Belperron, Raymond Templier et Jean Despr\u00e8s. <\/em><\/h6><h6><strong>C<\/strong>&lsquo;est l\u00e0 que j&rsquo;ai d\u00e9couvert la forge, le m\u00e9tal brut, marteler, taper fort, fondre, scier, limer. Un m\u00e9tier tout en dualit\u00e9. Tout commence dans le sale et la force. Pour finir brillant, propre, tout en finesse. Voil\u00e0 ce que j&rsquo;y mets : toute la dualit\u00e9 de notre monde, de ce m\u00e9tier et de ma sensibilit\u00e9. <\/h6><h6><strong>\u00a0<\/strong><\/h6>\t\t\t\t\t\t\t\t<\/div>\n\t\t\t\t<\/div>\n\t\t\t\t\t<\/div>\n\t\t<\/div>\n\t\t\t\t\t<\/div>\n\t\t<\/section>\n\t\t\t\t<section class=\"elementor-section elementor-top-section elementor-element elementor-element-c365556 elementor-section-boxed elementor-section-height-default elementor-section-height-default\" data-id=\"c365556\" data-element_type=\"section\" data-e-type=\"section\">\n\t\t\t\t\t\t<div class=\"elementor-container elementor-column-gap-default\">\n\t\t\t\t\t<div class=\"elementor-column elementor-col-50 elementor-top-column elementor-element elementor-element-6612865\" data-id=\"6612865\" data-element_type=\"column\" data-e-type=\"column\">\n\t\t\t<div class=\"elementor-widget-wrap elementor-element-populated\">\n\t\t\t\t\t\t<div class=\"elementor-element elementor-element-3cdae16 elementor-widget elementor-widget-text-editor\" data-id=\"3cdae16\" data-element_type=\"widget\" data-e-type=\"widget\" data-widget_type=\"text-editor.default\">\n\t\t\t\t<div class=\"elementor-widget-container\">\n\t\t\t\t\t\t\t\t\t<p>INFLUENCES<\/p>\n<h6 class=\"western\">Mes cr\u00e9ations parlent avant tout de mon histoire. De mes vies en Afrique et au Br\u00e9sil qui ont profond\u00e9ment boulevers\u00e9es mon \u00e2me. Petite parisienne de 7 ans, j&rsquo;ai \u00e9t\u00e9 propuls\u00e9e dans la brousse congolaise. L&rsquo;histoire s&rsquo;est poursuivie en <a href=\"https:\/\/fr.wikipedia.org\/wiki\/Abidjan\">C\u00f4te d&rsquo;Ivoire,<\/a> en passant par Rio de Janeiro. Mes bijoux portent mes influences. Que ce soit dans l&rsquo;histoire du bijou ancien, o\u00f9 tout mon apprentissage de la joaillerie s&rsquo;est construit, dans les formes g\u00e9n\u00e9reuses et solaires de ces pays, dans les symboles f\u00e9minins forts de l&rsquo;art <a href=\"https:\/\/www.dapper.fr\/art\/tete-ghana\/\">Akan<\/a>.<\/h6>\t\t\t\t\t\t\t\t<\/div>\n\t\t\t\t<\/div>\n\t\t\t\t\t<\/div>\n\t\t<\/div>\n\t\t\t\t<div class=\"elementor-column elementor-col-50 elementor-top-column elementor-element elementor-element-f9e70bb\" data-id=\"f9e70bb\" data-element_type=\"column\" data-e-type=\"column\">\n\t\t\t<div class=\"elementor-widget-wrap elementor-element-populated\">\n\t\t\t\t\t\t<div class=\"elementor-element elementor-element-e9606fd elementor-widget elementor-widget-image\" data-id=\"e9606fd\" data-element_type=\"widget\" data-e-type=\"widget\" data-widget_type=\"image.default\">\n\t\t\t\t<div class=\"elementor-widget-container\">\n\t\t\t\t\t\t\t\t\t\t\t\t\t\t\t<img decoding=\"async\" src=\"https:\/\/emiliepapaye.com\/wp-content\/uploads\/elementor\/thumbs\/pointenoire-scaled-p1ektv7cr31yxfeq5ho7f85ojs20ky013p1m2xj0vs.jpg\" title=\"pointenoire\" alt=\"pointenoire\" loading=\"lazy\" \/>\t\t\t\t\t\t\t\t\t\t\t\t\t\t\t<\/div>\n\t\t\t\t<\/div>\n\t\t\t\t\t<\/div>\n\t\t<\/div>\n\t\t\t\t\t<\/div>\n\t\t<\/section>\n\t\t\t\t<section class=\"elementor-section elementor-top-section elementor-element elementor-element-44b8840 elementor-section-boxed elementor-section-height-default elementor-section-height-default\" data-id=\"44b8840\" data-element_type=\"section\" data-e-type=\"section\">\n\t\t\t\t\t\t<div class=\"elementor-container elementor-column-gap-default\">\n\t\t\t\t\t<div class=\"elementor-column elementor-col-50 elementor-top-column elementor-element elementor-element-5b43521\" data-id=\"5b43521\" data-element_type=\"column\" data-e-type=\"column\">\n\t\t\t<div class=\"elementor-widget-wrap elementor-element-populated\">\n\t\t\t\t\t\t<div class=\"elementor-element elementor-element-04d5945 elementor-widget elementor-widget-image\" data-id=\"04d5945\" data-element_type=\"widget\" data-e-type=\"widget\" data-widget_type=\"image.default\">\n\t\t\t\t<div class=\"elementor-widget-container\">\n\t\t\t\t\t\t\t\t\t\t\t\t\t\t\t<img decoding=\"async\" width=\"768\" height=\"1152\" src=\"https:\/\/emiliepapaye.com\/wp-content\/uploads\/2020\/12\/bocfil-768x1152.jpg\" class=\"attachment-medium_large size-medium_large wp-image-923\" alt=\"\" srcset=\"https:\/\/emiliepapaye.com\/wp-content\/uploads\/2020\/12\/bocfil-768x1152.jpg 768w, https:\/\/emiliepapaye.com\/wp-content\/uploads\/2020\/12\/bocfil-scaled-653x979.jpg 653w, https:\/\/emiliepapaye.com\/wp-content\/uploads\/2020\/12\/bocfil-200x300.jpg 200w, https:\/\/emiliepapaye.com\/wp-content\/uploads\/2020\/12\/bocfil-683x1024.jpg 683w, https:\/\/emiliepapaye.com\/wp-content\/uploads\/2020\/12\/bocfil-1024x1536.jpg 1024w, https:\/\/emiliepapaye.com\/wp-content\/uploads\/2020\/12\/bocfil-1365x2048.jpg 1365w, https:\/\/emiliepapaye.com\/wp-content\/uploads\/2020\/12\/bocfil-scaled.jpg 1707w\" sizes=\"(max-width: 768px) 100vw, 768px\" \/>\t\t\t\t\t\t\t\t\t\t\t\t\t\t\t<\/div>\n\t\t\t\t<\/div>\n\t\t\t\t\t<\/div>\n\t\t<\/div>\n\t\t\t\t<div class=\"elementor-column elementor-col-50 elementor-top-column elementor-element elementor-element-1748d6e\" data-id=\"1748d6e\" data-element_type=\"column\" data-e-type=\"column\">\n\t\t\t<div class=\"elementor-widget-wrap elementor-element-populated\">\n\t\t\t\t\t\t<div class=\"elementor-element elementor-element-0b309e0 elementor-widget elementor-widget-text-editor\" data-id=\"0b309e0\" data-element_type=\"widget\" data-e-type=\"widget\" data-widget_type=\"text-editor.default\">\n\t\t\t\t<div class=\"elementor-widget-container\">\n\t\t\t\t\t\t\t\t\t<p>ARTISANAT RESPONSABLE<\/p><h6>Ici, nous parlons avant tout d&rsquo;<strong>artisanat<\/strong>. Je suis une artisan de la bijouterie et de la photographie. Tout ce que vous pouvez voir ici est fabriqu\u00e9 et photographi\u00e9 dans mon atelier confidentiel au c\u0153ur de Landes. Je travaille \u00e0 l&rsquo;ancienne avec une philosophie \u00e9conomique raisonnable. Je chine mes machines. Certaines datent du d\u00e9but de XX\u00e9me si\u00e8cle. J&rsquo;ach\u00e8te l&rsquo;argent et l&rsquo;or utilis\u00e9s chez des fondeurs. Il s&rsquo;agit de <strong>m\u00e9taux recycl\u00e9s<\/strong> afin de limiter l&rsquo;extraction mini\u00e8re, catastrophe environnementale<\/h6>\t\t\t\t\t\t\t\t<\/div>\n\t\t\t\t<\/div>\n\t\t\t\t\t<\/div>\n\t\t<\/div>\n\t\t\t\t\t<\/div>\n\t\t<\/section>\n\t\t\t\t<section class=\"elementor-section elementor-top-section elementor-element elementor-element-677edeb elementor-section-boxed elementor-section-height-default elementor-section-height-default\" data-id=\"677edeb\" data-element_type=\"section\" data-e-type=\"section\">\n\t\t\t\t\t\t<div class=\"elementor-container elementor-column-gap-default\">\n\t\t\t\t\t<div class=\"elementor-column elementor-col-50 elementor-top-column elementor-element elementor-element-d4a9b7e\" data-id=\"d4a9b7e\" data-element_type=\"column\" data-e-type=\"column\">\n\t\t\t<div class=\"elementor-widget-wrap elementor-element-populated\">\n\t\t\t\t\t\t<div class=\"elementor-element elementor-element-20d8225 elementor-widget elementor-widget-text-editor\" data-id=\"20d8225\" data-element_type=\"widget\" data-e-type=\"widget\" data-widget_type=\"text-editor.default\">\n\t\t\t\t<div class=\"elementor-widget-container\">\n\t\t\t\t\t\t\t\t\t<p>PIERRES<\/p>\n<h6>Toutes les pierres pr\u00e9cieuses et fines que j&rsquo;utilise sont anciennes. De ma vie dans le bijou ancien, j&rsquo;ai conserv\u00e9 un beau r\u00e9seau de marchands de tr\u00e9sors anciens et toutes les pierres que j&rsquo;utilise ont une histoire. <\/h6>\n<h6>Il est indispensable pour moi de rester dans un circuit court et de limiter les d\u00e9g\u00e2ts \u00e9cologiques li\u00e9s \u00e0 mon m\u00e9tier. Je suis contre l&rsquo;extraction mini\u00e8re des min\u00e9raux comme des m\u00e9taux. Le circuit du bijou ancien me permet de proposer des cr\u00e9ations \u00e9thiques avec des mat\u00e9riaux recycl\u00e9s.<\/h6>\n<h6>Au del\u00e0 de l&rsquo;aspect \u00e9cologique, les pierres anciennes sont bien souvent plus belles et moins trafiqu\u00e9es.<\/h6>\n<h6>&nbsp;<\/h6>\t\t\t\t\t\t\t\t<\/div>\n\t\t\t\t<\/div>\n\t\t\t\t\t<\/div>\n\t\t<\/div>\n\t\t\t\t<div class=\"elementor-column elementor-col-50 elementor-top-column elementor-element elementor-element-9aae70f\" data-id=\"9aae70f\" data-element_type=\"column\" data-e-type=\"column\">\n\t\t\t<div class=\"elementor-widget-wrap elementor-element-populated\">\n\t\t\t\t\t\t<div class=\"elementor-element elementor-element-fd1664b elementor-widget elementor-widget-image\" data-id=\"fd1664b\" data-element_type=\"widget\" data-e-type=\"widget\" data-widget_type=\"image.default\">\n\t\t\t\t<div class=\"elementor-widget-container\">\n\t\t\t\t\t\t\t\t\t\t\t\t\t\t\t<img decoding=\"async\" width=\"683\" height=\"1024\" src=\"https:\/\/emiliepapaye.com\/wp-content\/uploads\/2021\/02\/lr-7-683x1024.jpg\" class=\"attachment-large size-large wp-image-1498\" alt=\"\" srcset=\"https:\/\/emiliepapaye.com\/wp-content\/uploads\/2021\/02\/lr-7-683x1024.jpg 683w, https:\/\/emiliepapaye.com\/wp-content\/uploads\/2021\/02\/lr-7-scaled-653x979.jpg 653w, https:\/\/emiliepapaye.com\/wp-content\/uploads\/2021\/02\/lr-7-200x300.jpg 200w, https:\/\/emiliepapaye.com\/wp-content\/uploads\/2021\/02\/lr-7-768x1152.jpg 768w, https:\/\/emiliepapaye.com\/wp-content\/uploads\/2021\/02\/lr-7-1024x1536.jpg 1024w, https:\/\/emiliepapaye.com\/wp-content\/uploads\/2021\/02\/lr-7-1365x2048.jpg 1365w, https:\/\/emiliepapaye.com\/wp-content\/uploads\/2021\/02\/lr-7-scaled.jpg 1707w\" sizes=\"(max-width: 683px) 100vw, 683px\" \/>\t\t\t\t\t\t\t\t\t\t\t\t\t\t\t<\/div>\n\t\t\t\t<\/div>\n\t\t\t\t\t<\/div>\n\t\t<\/div>\n\t\t\t\t\t<\/div>\n\t\t<\/section>\n\t\t\t\t<\/div>\n\t\t","protected":false},"excerpt":{"rendered":"<p>Tout commence par l&rsquo;ouverture d&rsquo;une boutique de bijoux anciens dans le centre de Bordeaux. J&rsquo;y d\u00e9veloppe un atelier de restauration, r\u00e9paration et cr\u00e9ation sur mesure. Pendant 6 ans, je cr\u00e9e pour mes clients. Trouver mon style, puis l&rsquo;affiner. Des tr\u00e9sors du 18\u00e8me si\u00e8cle jusqu&rsquo;\u00e0 nos jours d\u00e9filent entre mes mains. L&rsquo;Art Deco est une vraie <a class=\"read-more\" href=\"https:\/\/emiliepapaye.com\/index.php\/bijoux\/\">Read More<\/a><\/p>\n","protected":false},"author":1,"featured_media":0,"parent":0,"menu_order":0,"comment_status":"closed","ping_status":"closed","template":"","meta":{"_bbp_topic_count":0,"_bbp_reply_count":0,"_bbp_total_topic_count":0,"_bbp_total_reply_count":0,"_bbp_voice_count":0,"_bbp_anonymous_reply_count":0,"_bbp_topic_count_hidden":0,"_bbp_reply_count_hidden":0,"_bbp_forum_subforum_count":0,"footnotes":""},"class_list":["post-415","page","type-page","status-publish","hentry"],"yoast_head":"<!-- This site is optimized with the Yoast SEO plugin v26.8 - https:\/\/yoast.com\/product\/yoast-seo-wordpress\/ -->\n<title>Artisan Cr\u00e9atrice de Bijoux-Ligne Masculine et F\u00e9minine-Fait main<\/title>\n<meta name=\"description\" content=\"Emilie Papaye, Artisan Cr\u00e9atrice. Bijoux pour hommes et femmes. Cr\u00e9ation artisanale et responsable dans les Landes. EMILIE PAPAYE\" \/>\n<meta name=\"robots\" content=\"index, follow, max-snippet:-1, max-image-preview:large, max-video-preview:-1\" \/>\n<link rel=\"canonical\" href=\"https:\/\/emiliepapaye.com\/index.php\/bijoux\/\" \/>\n<meta property=\"og:locale\" content=\"fr_FR\" \/>\n<meta property=\"og:type\" content=\"article\" \/>\n<meta property=\"og:title\" content=\"Artisan Cr\u00e9atrice de Bijoux-Ligne Masculine et F\u00e9minine-Fait main\" \/>\n<meta property=\"og:description\" content=\"Emilie Papaye, Artisan Cr\u00e9atrice. Bijoux pour hommes et femmes. Cr\u00e9ation artisanale et responsable dans les Landes. EMILIE PAPAYE\" \/>\n<meta property=\"og:url\" content=\"https:\/\/emiliepapaye.com\/index.php\/bijoux\/\" \/>\n<meta property=\"og:site_name\" content=\"EMILIE PAPAYE\" \/>\n<meta property=\"article:modified_time\" content=\"2022-08-23T08:30:29+00:00\" \/>\n<meta property=\"og:image\" content=\"https:\/\/emiliepapaye.com\/wp-content\/uploads\/2020\/12\/placneh-archi-768x1087.jpg\" \/>\n<meta name=\"twitter:card\" content=\"summary_large_image\" \/>\n<meta name=\"twitter:label1\" content=\"Dur\u00e9e de lecture estim\u00e9e\" \/>\n\t<meta name=\"twitter:data1\" content=\"3 minutes\" \/>\n<script type=\"application\/ld+json\" class=\"yoast-schema-graph\">{\"@context\":\"https:\/\/schema.org\",\"@graph\":[{\"@type\":\"WebPage\",\"@id\":\"https:\/\/emiliepapaye.com\/index.php\/bijoux\/\",\"url\":\"https:\/\/emiliepapaye.com\/index.php\/bijoux\/\",\"name\":\"Artisan Cr\u00e9atrice de Bijoux-Ligne Masculine et F\u00e9minine-Fait main\",\"isPartOf\":{\"@id\":\"https:\/\/emiliepapaye.com\/#website\"},\"primaryImageOfPage\":{\"@id\":\"https:\/\/emiliepapaye.com\/index.php\/bijoux\/#primaryimage\"},\"image\":{\"@id\":\"https:\/\/emiliepapaye.com\/index.php\/bijoux\/#primaryimage\"},\"thumbnailUrl\":\"https:\/\/emiliepapaye.com\/wp-content\/uploads\/2020\/12\/placneh-archi-768x1087.jpg\",\"datePublished\":\"2020-09-11T12:39:45+00:00\",\"dateModified\":\"2022-08-23T08:30:29+00:00\",\"description\":\"Emilie Papaye, Artisan Cr\u00e9atrice. Bijoux pour hommes et femmes. Cr\u00e9ation artisanale et responsable dans les Landes. EMILIE PAPAYE\",\"breadcrumb\":{\"@id\":\"https:\/\/emiliepapaye.com\/index.php\/bijoux\/#breadcrumb\"},\"inLanguage\":\"fr-FR\",\"potentialAction\":[{\"@type\":\"ReadAction\",\"target\":[\"https:\/\/emiliepapaye.com\/index.php\/bijoux\/\"]}]},{\"@type\":\"ImageObject\",\"inLanguage\":\"fr-FR\",\"@id\":\"https:\/\/emiliepapaye.com\/index.php\/bijoux\/#primaryimage\",\"url\":\"https:\/\/emiliepapaye.com\/wp-content\/uploads\/2020\/12\/placneh-archi-768x1087.jpg\",\"contentUrl\":\"https:\/\/emiliepapaye.com\/wp-content\/uploads\/2020\/12\/placneh-archi-768x1087.jpg\"},{\"@type\":\"BreadcrumbList\",\"@id\":\"https:\/\/emiliepapaye.com\/index.php\/bijoux\/#breadcrumb\",\"itemListElement\":[{\"@type\":\"ListItem\",\"position\":1,\"name\":\"Accueil\",\"item\":\"https:\/\/emiliepapaye.com\/\"},{\"@type\":\"ListItem\",\"position\":2,\"name\":\"Histoire\"}]},{\"@type\":\"WebSite\",\"@id\":\"https:\/\/emiliepapaye.com\/#website\",\"url\":\"https:\/\/emiliepapaye.com\/\",\"name\":\"EMILIE PAPAYE\",\"description\":\"EMILIE PAPAYE\",\"publisher\":{\"@id\":\"https:\/\/emiliepapaye.com\/#organization\"},\"potentialAction\":[{\"@type\":\"SearchAction\",\"target\":{\"@type\":\"EntryPoint\",\"urlTemplate\":\"https:\/\/emiliepapaye.com\/?s={search_term_string}\"},\"query-input\":{\"@type\":\"PropertyValueSpecification\",\"valueRequired\":true,\"valueName\":\"search_term_string\"}}],\"inLanguage\":\"fr-FR\"},{\"@type\":\"Organization\",\"@id\":\"https:\/\/emiliepapaye.com\/#organization\",\"name\":\"EMILIE PAPAYE\",\"url\":\"https:\/\/emiliepapaye.com\/\",\"logo\":{\"@type\":\"ImageObject\",\"inLanguage\":\"fr-FR\",\"@id\":\"https:\/\/emiliepapaye.com\/#\/schema\/logo\/image\/\",\"url\":\"https:\/\/emiliepapaye.com\/wp-content\/uploads\/2024\/01\/cropped-1.png\",\"contentUrl\":\"https:\/\/emiliepapaye.com\/wp-content\/uploads\/2024\/01\/cropped-1.png\",\"width\":6912,\"height\":3456,\"caption\":\"EMILIE PAPAYE\"},\"image\":{\"@id\":\"https:\/\/emiliepapaye.com\/#\/schema\/logo\/image\/\"}}]}<\/script>\n<!-- \/ Yoast SEO plugin. -->","yoast_head_json":{"title":"Artisan Cr\u00e9atrice de Bijoux-Ligne Masculine et F\u00e9minine-Fait main","description":"Emilie Papaye, Artisan Cr\u00e9atrice. Bijoux pour hommes et femmes. Cr\u00e9ation artisanale et responsable dans les Landes. EMILIE PAPAYE","robots":{"index":"index","follow":"follow","max-snippet":"max-snippet:-1","max-image-preview":"max-image-preview:large","max-video-preview":"max-video-preview:-1"},"canonical":"https:\/\/emiliepapaye.com\/index.php\/bijoux\/","og_locale":"fr_FR","og_type":"article","og_title":"Artisan Cr\u00e9atrice de Bijoux-Ligne Masculine et F\u00e9minine-Fait main","og_description":"Emilie Papaye, Artisan Cr\u00e9atrice. Bijoux pour hommes et femmes. Cr\u00e9ation artisanale et responsable dans les Landes. EMILIE PAPAYE","og_url":"https:\/\/emiliepapaye.com\/index.php\/bijoux\/","og_site_name":"EMILIE PAPAYE","article_modified_time":"2022-08-23T08:30:29+00:00","og_image":[{"url":"https:\/\/emiliepapaye.com\/wp-content\/uploads\/2020\/12\/placneh-archi-768x1087.jpg","type":"","width":"","height":""}],"twitter_card":"summary_large_image","twitter_misc":{"Dur\u00e9e de lecture estim\u00e9e":"3 minutes"},"schema":{"@context":"https:\/\/schema.org","@graph":[{"@type":"WebPage","@id":"https:\/\/emiliepapaye.com\/index.php\/bijoux\/","url":"https:\/\/emiliepapaye.com\/index.php\/bijoux\/","name":"Artisan Cr\u00e9atrice de Bijoux-Ligne Masculine et F\u00e9minine-Fait main","isPartOf":{"@id":"https:\/\/emiliepapaye.com\/#website"},"primaryImageOfPage":{"@id":"https:\/\/emiliepapaye.com\/index.php\/bijoux\/#primaryimage"},"image":{"@id":"https:\/\/emiliepapaye.com\/index.php\/bijoux\/#primaryimage"},"thumbnailUrl":"https:\/\/emiliepapaye.com\/wp-content\/uploads\/2020\/12\/placneh-archi-768x1087.jpg","datePublished":"2020-09-11T12:39:45+00:00","dateModified":"2022-08-23T08:30:29+00:00","description":"Emilie Papaye, Artisan Cr\u00e9atrice. Bijoux pour hommes et femmes. Cr\u00e9ation artisanale et responsable dans les Landes. EMILIE PAPAYE","breadcrumb":{"@id":"https:\/\/emiliepapaye.com\/index.php\/bijoux\/#breadcrumb"},"inLanguage":"fr-FR","potentialAction":[{"@type":"ReadAction","target":["https:\/\/emiliepapaye.com\/index.php\/bijoux\/"]}]},{"@type":"ImageObject","inLanguage":"fr-FR","@id":"https:\/\/emiliepapaye.com\/index.php\/bijoux\/#primaryimage","url":"https:\/\/emiliepapaye.com\/wp-content\/uploads\/2020\/12\/placneh-archi-768x1087.jpg","contentUrl":"https:\/\/emiliepapaye.com\/wp-content\/uploads\/2020\/12\/placneh-archi-768x1087.jpg"},{"@type":"BreadcrumbList","@id":"https:\/\/emiliepapaye.com\/index.php\/bijoux\/#breadcrumb","itemListElement":[{"@type":"ListItem","position":1,"name":"Accueil","item":"https:\/\/emiliepapaye.com\/"},{"@type":"ListItem","position":2,"name":"Histoire"}]},{"@type":"WebSite","@id":"https:\/\/emiliepapaye.com\/#website","url":"https:\/\/emiliepapaye.com\/","name":"EMILIE PAPAYE","description":"EMILIE PAPAYE","publisher":{"@id":"https:\/\/emiliepapaye.com\/#organization"},"potentialAction":[{"@type":"SearchAction","target":{"@type":"EntryPoint","urlTemplate":"https:\/\/emiliepapaye.com\/?s={search_term_string}"},"query-input":{"@type":"PropertyValueSpecification","valueRequired":true,"valueName":"search_term_string"}}],"inLanguage":"fr-FR"},{"@type":"Organization","@id":"https:\/\/emiliepapaye.com\/#organization","name":"EMILIE PAPAYE","url":"https:\/\/emiliepapaye.com\/","logo":{"@type":"ImageObject","inLanguage":"fr-FR","@id":"https:\/\/emiliepapaye.com\/#\/schema\/logo\/image\/","url":"https:\/\/emiliepapaye.com\/wp-content\/uploads\/2024\/01\/cropped-1.png","contentUrl":"https:\/\/emiliepapaye.com\/wp-content\/uploads\/2024\/01\/cropped-1.png","width":6912,"height":3456,"caption":"EMILIE PAPAYE"},"image":{"@id":"https:\/\/emiliepapaye.com\/#\/schema\/logo\/image\/"}}]}},"jetpack_sharing_enabled":true,"_links":{"self":[{"href":"https:\/\/emiliepapaye.com\/index.php\/wp-json\/wp\/v2\/pages\/415","targetHints":{"allow":["GET"]}}],"collection":[{"href":"https:\/\/emiliepapaye.com\/index.php\/wp-json\/wp\/v2\/pages"}],"about":[{"href":"https:\/\/emiliepapaye.com\/index.php\/wp-json\/wp\/v2\/types\/page"}],"author":[{"embeddable":true,"href":"https:\/\/emiliepapaye.com\/index.php\/wp-json\/wp\/v2\/users\/1"}],"replies":[{"embeddable":true,"href":"https:\/\/emiliepapaye.com\/index.php\/wp-json\/wp\/v2\/comments?post=415"}],"version-history":[{"count":58,"href":"https:\/\/emiliepapaye.com\/index.php\/wp-json\/wp\/v2\/pages\/415\/revisions"}],"predecessor-version":[{"id":2767,"href":"https:\/\/emiliepapaye.com\/index.php\/wp-json\/wp\/v2\/pages\/415\/revisions\/2767"}],"wp:attachment":[{"href":"https:\/\/emiliepapaye.com\/index.php\/wp-json\/wp\/v2\/media?parent=415"}],"curies":[{"name":"wp","href":"https:\/\/api.w.org\/{rel}","templated":true}]}}