{"id":1552,"date":"2021-02-05T10:24:29","date_gmt":"2021-02-05T09:24:29","guid":{"rendered":"https:\/\/emiliepapaye.com\/?post_type=product&#038;p=1552"},"modified":"2024-01-21T10:10:48","modified_gmt":"2024-01-21T09:10:48","slug":"ilha-verde","status":"publish","type":"product","link":"https:\/\/emiliepapaye.com\/index.php\/produit\/ilha-verde\/","title":{"rendered":"PARATY VERDE"},"content":{"rendered":"<p>Un pendentif pr\u00e9cieux en or gris 18 carats, comme une \u00eele verte au creux des sali\u00e8res.<\/p>\n<p>Lignes minimalistes et sym\u00e9triques.<\/p>\n<p>L&rsquo;or Jaune vient rehausser le jardin de la pierre et apporte au bijou la touche joaillerie.<\/p>\n<p>&nbsp;<\/p>\n","protected":false},"excerpt":{"rendered":"<ul>\n<li>Or gris 18K &#8211;\u00a0 recycl\u00e9 et \u00e9thique<\/li>\n<li>Griffe or jaune 24K<\/li>\n<li>Poli Miroir<\/li>\n<li>3g<\/li>\n<li>Cha\u00eene en or gris incluse 40\/45\/50 cm<\/li>\n<li>Fabrication artisanale dans les Landes par la cr\u00e9atrice \u00c9milie Papaye.<\/li>\n<li>\n<div>D\u00e9lais : 4 jours ouvr\u00e9s + d\u00e9lai de La Poste. Si le bijou n&rsquo;est pas en stock,\u00a0 le d\u00e9lai de fabrication est de 3\u00a0 semaines.<\/div>\n<\/li>\n<\/ul>\n<p><strong>La Pierre<\/strong><\/p>\n<p>\u00c9meraude Colombienne\u00a0 ancienne et unique couleur menthe \u00e0 l&rsquo;eau. Le pendentif s&rsquo;adaptera au choix de la pierre.<\/p>\n<p>Photo non contractuelle.<\/p>\n","protected":false},"featured_media":1553,"comment_status":"open","ping_status":"closed","template":"","meta":{"_bbp_topic_count":0,"_bbp_reply_count":0,"_bbp_total_topic_count":0,"_bbp_total_reply_count":0,"_bbp_voice_count":0,"_bbp_anonymous_reply_count":0,"_bbp_topic_count_hidden":0,"_bbp_reply_count_hidden":0,"_bbp_forum_subforum_count":0},"product_brand":[],"product_cat":[37,63,18,59],"product_tag":[],"class_list":{"0":"post-1552","1":"product","2":"type-product","3":"status-publish","4":"has-post-thumbnail","6":"product_cat-femme","7":"product_cat-joaillerie","8":"product_cat-pendentif","9":"product_cat-sur-mesure","11":"first","12":"instock","13":"purchasable","14":"product-type-simple"},"yoast_head":"<!-- This site is optimized with the Yoast SEO plugin v26.8 - https:\/\/yoast.com\/product\/yoast-seo-wordpress\/ -->\n<title>PARATY VERDE - EMILIE PAPAYE<\/title>\n<meta name=\"robots\" content=\"index, follow, max-snippet:-1, max-image-preview:large, max-video-preview:-1\" \/>\n<link rel=\"canonical\" href=\"https:\/\/emiliepapaye.com\/index.php\/produit\/ilha-verde\/\" \/>\n<meta property=\"og:locale\" content=\"fr_FR\" \/>\n<meta property=\"og:type\" content=\"article\" \/>\n<meta property=\"og:title\" content=\"PARATY VERDE - EMILIE PAPAYE\" \/>\n<meta property=\"og:description\" content=\"Or gris 18K -\u00a0 recycl\u00e9 et \u00e9thique  Griffe or jaune 24K  Poli Miroir  3g  Cha\u00eene en or gris incluse 40\/45\/50 cm  Fabrication artisanale dans les Landes par la cr\u00e9atrice \u00c9milie Papaye.   D\u00e9lais : 4 jours ouvr\u00e9s + d\u00e9lai de La Poste. Si le bijou n&#039;est pas en stock,\u00a0 le d\u00e9lai de fabrication est de 3\u00a0 semaines.  La Pierre  \u00c9meraude Colombienne\u00a0 ancienne et unique couleur menthe \u00e0 l&#039;eau. Le pendentif s&#039;adaptera au choix de la pierre.  Photo non contractuelle.\" \/>\n<meta property=\"og:url\" content=\"https:\/\/emiliepapaye.com\/index.php\/produit\/ilha-verde\/\" \/>\n<meta property=\"og:site_name\" content=\"EMILIE PAPAYE\" \/>\n<meta property=\"article:modified_time\" content=\"2024-01-21T09:10:48+00:00\" \/>\n<meta property=\"og:image\" content=\"https:\/\/emiliepapaye.com\/wp-content\/uploads\/2021\/02\/pend-emereude-poinat-2-scaled.jpg\" \/>\n\t<meta property=\"og:image:width\" content=\"1440\" \/>\n\t<meta property=\"og:image:height\" content=\"2560\" \/>\n\t<meta property=\"og:image:type\" content=\"image\/jpeg\" \/>\n<meta name=\"twitter:card\" content=\"summary_large_image\" \/>\n<meta name=\"twitter:label1\" content=\"Dur\u00e9e de lecture estim\u00e9e\" \/>\n\t<meta name=\"twitter:data1\" content=\"1 minute\" \/>\n<script type=\"application\/ld+json\" class=\"yoast-schema-graph\">{\"@context\":\"https:\/\/schema.org\",\"@graph\":[{\"@type\":\"WebPage\",\"@id\":\"https:\/\/emiliepapaye.com\/index.php\/produit\/ilha-verde\/\",\"url\":\"https:\/\/emiliepapaye.com\/index.php\/produit\/ilha-verde\/\",\"name\":\"PARATY VERDE - EMILIE PAPAYE\",\"isPartOf\":{\"@id\":\"https:\/\/emiliepapaye.com\/#website\"},\"primaryImageOfPage\":{\"@id\":\"https:\/\/emiliepapaye.com\/index.php\/produit\/ilha-verde\/#primaryimage\"},\"image\":{\"@id\":\"https:\/\/emiliepapaye.com\/index.php\/produit\/ilha-verde\/#primaryimage\"},\"thumbnailUrl\":\"https:\/\/emiliepapaye.com\/wp-content\/uploads\/2021\/02\/pend-emereude-poinat-2-scaled.jpg\",\"datePublished\":\"2021-02-05T09:24:29+00:00\",\"dateModified\":\"2024-01-21T09:10:48+00:00\",\"breadcrumb\":{\"@id\":\"https:\/\/emiliepapaye.com\/index.php\/produit\/ilha-verde\/#breadcrumb\"},\"inLanguage\":\"fr-FR\",\"potentialAction\":[{\"@type\":\"ReadAction\",\"target\":[\"https:\/\/emiliepapaye.com\/index.php\/produit\/ilha-verde\/\"]}]},{\"@type\":\"ImageObject\",\"inLanguage\":\"fr-FR\",\"@id\":\"https:\/\/emiliepapaye.com\/index.php\/produit\/ilha-verde\/#primaryimage\",\"url\":\"https:\/\/emiliepapaye.com\/wp-content\/uploads\/2021\/02\/pend-emereude-poinat-2-scaled.jpg\",\"contentUrl\":\"https:\/\/emiliepapaye.com\/wp-content\/uploads\/2021\/02\/pend-emereude-poinat-2-scaled.jpg\",\"width\":1440,\"height\":2560},{\"@type\":\"BreadcrumbList\",\"@id\":\"https:\/\/emiliepapaye.com\/index.php\/produit\/ilha-verde\/#breadcrumb\",\"itemListElement\":[{\"@type\":\"ListItem\",\"position\":1,\"name\":\"Accueil\",\"item\":\"https:\/\/emiliepapaye.com\/\"},{\"@type\":\"ListItem\",\"position\":2,\"name\":\"Boutique\",\"item\":\"https:\/\/emiliepapaye.com\/index.php\/boutique\/\"},{\"@type\":\"ListItem\",\"position\":3,\"name\":\"PARATY VERDE\"}]},{\"@type\":\"WebSite\",\"@id\":\"https:\/\/emiliepapaye.com\/#website\",\"url\":\"https:\/\/emiliepapaye.com\/\",\"name\":\"EMILIE PAPAYE\",\"description\":\"EMILIE PAPAYE\",\"publisher\":{\"@id\":\"https:\/\/emiliepapaye.com\/#organization\"},\"potentialAction\":[{\"@type\":\"SearchAction\",\"target\":{\"@type\":\"EntryPoint\",\"urlTemplate\":\"https:\/\/emiliepapaye.com\/?s={search_term_string}\"},\"query-input\":{\"@type\":\"PropertyValueSpecification\",\"valueRequired\":true,\"valueName\":\"search_term_string\"}}],\"inLanguage\":\"fr-FR\"},{\"@type\":\"Organization\",\"@id\":\"https:\/\/emiliepapaye.com\/#organization\",\"name\":\"EMILIE PAPAYE\",\"url\":\"https:\/\/emiliepapaye.com\/\",\"logo\":{\"@type\":\"ImageObject\",\"inLanguage\":\"fr-FR\",\"@id\":\"https:\/\/emiliepapaye.com\/#\/schema\/logo\/image\/\",\"url\":\"https:\/\/emiliepapaye.com\/wp-content\/uploads\/2024\/01\/cropped-1.png\",\"contentUrl\":\"https:\/\/emiliepapaye.com\/wp-content\/uploads\/2024\/01\/cropped-1.png\",\"width\":6912,\"height\":3456,\"caption\":\"EMILIE PAPAYE\"},\"image\":{\"@id\":\"https:\/\/emiliepapaye.com\/#\/schema\/logo\/image\/\"}}]}<\/script>\n<!-- \/ Yoast SEO plugin. -->","yoast_head_json":{"title":"PARATY VERDE - EMILIE PAPAYE","robots":{"index":"index","follow":"follow","max-snippet":"max-snippet:-1","max-image-preview":"max-image-preview:large","max-video-preview":"max-video-preview:-1"},"canonical":"https:\/\/emiliepapaye.com\/index.php\/produit\/ilha-verde\/","og_locale":"fr_FR","og_type":"article","og_title":"PARATY VERDE - EMILIE PAPAYE","og_description":"Or gris 18K -\u00a0 recycl\u00e9 et \u00e9thique  Griffe or jaune 24K  Poli Miroir  3g  Cha\u00eene en or gris incluse 40\/45\/50 cm  Fabrication artisanale dans les Landes par la cr\u00e9atrice \u00c9milie Papaye.   D\u00e9lais : 4 jours ouvr\u00e9s + d\u00e9lai de La Poste. Si le bijou n'est pas en stock,\u00a0 le d\u00e9lai de fabrication est de 3\u00a0 semaines.  La Pierre  \u00c9meraude Colombienne\u00a0 ancienne et unique couleur menthe \u00e0 l'eau. Le pendentif s'adaptera au choix de la pierre.  Photo non contractuelle.","og_url":"https:\/\/emiliepapaye.com\/index.php\/produit\/ilha-verde\/","og_site_name":"EMILIE PAPAYE","article_modified_time":"2024-01-21T09:10:48+00:00","og_image":[{"width":1440,"height":2560,"url":"https:\/\/emiliepapaye.com\/wp-content\/uploads\/2021\/02\/pend-emereude-poinat-2-scaled.jpg","type":"image\/jpeg"}],"twitter_card":"summary_large_image","twitter_misc":{"Dur\u00e9e de lecture estim\u00e9e":"1 minute"},"schema":{"@context":"https:\/\/schema.org","@graph":[{"@type":"WebPage","@id":"https:\/\/emiliepapaye.com\/index.php\/produit\/ilha-verde\/","url":"https:\/\/emiliepapaye.com\/index.php\/produit\/ilha-verde\/","name":"PARATY VERDE - EMILIE PAPAYE","isPartOf":{"@id":"https:\/\/emiliepapaye.com\/#website"},"primaryImageOfPage":{"@id":"https:\/\/emiliepapaye.com\/index.php\/produit\/ilha-verde\/#primaryimage"},"image":{"@id":"https:\/\/emiliepapaye.com\/index.php\/produit\/ilha-verde\/#primaryimage"},"thumbnailUrl":"https:\/\/emiliepapaye.com\/wp-content\/uploads\/2021\/02\/pend-emereude-poinat-2-scaled.jpg","datePublished":"2021-02-05T09:24:29+00:00","dateModified":"2024-01-21T09:10:48+00:00","breadcrumb":{"@id":"https:\/\/emiliepapaye.com\/index.php\/produit\/ilha-verde\/#breadcrumb"},"inLanguage":"fr-FR","potentialAction":[{"@type":"ReadAction","target":["https:\/\/emiliepapaye.com\/index.php\/produit\/ilha-verde\/"]}]},{"@type":"ImageObject","inLanguage":"fr-FR","@id":"https:\/\/emiliepapaye.com\/index.php\/produit\/ilha-verde\/#primaryimage","url":"https:\/\/emiliepapaye.com\/wp-content\/uploads\/2021\/02\/pend-emereude-poinat-2-scaled.jpg","contentUrl":"https:\/\/emiliepapaye.com\/wp-content\/uploads\/2021\/02\/pend-emereude-poinat-2-scaled.jpg","width":1440,"height":2560},{"@type":"BreadcrumbList","@id":"https:\/\/emiliepapaye.com\/index.php\/produit\/ilha-verde\/#breadcrumb","itemListElement":[{"@type":"ListItem","position":1,"name":"Accueil","item":"https:\/\/emiliepapaye.com\/"},{"@type":"ListItem","position":2,"name":"Boutique","item":"https:\/\/emiliepapaye.com\/index.php\/boutique\/"},{"@type":"ListItem","position":3,"name":"PARATY VERDE"}]},{"@type":"WebSite","@id":"https:\/\/emiliepapaye.com\/#website","url":"https:\/\/emiliepapaye.com\/","name":"EMILIE PAPAYE","description":"EMILIE PAPAYE","publisher":{"@id":"https:\/\/emiliepapaye.com\/#organization"},"potentialAction":[{"@type":"SearchAction","target":{"@type":"EntryPoint","urlTemplate":"https:\/\/emiliepapaye.com\/?s={search_term_string}"},"query-input":{"@type":"PropertyValueSpecification","valueRequired":true,"valueName":"search_term_string"}}],"inLanguage":"fr-FR"},{"@type":"Organization","@id":"https:\/\/emiliepapaye.com\/#organization","name":"EMILIE PAPAYE","url":"https:\/\/emiliepapaye.com\/","logo":{"@type":"ImageObject","inLanguage":"fr-FR","@id":"https:\/\/emiliepapaye.com\/#\/schema\/logo\/image\/","url":"https:\/\/emiliepapaye.com\/wp-content\/uploads\/2024\/01\/cropped-1.png","contentUrl":"https:\/\/emiliepapaye.com\/wp-content\/uploads\/2024\/01\/cropped-1.png","width":6912,"height":3456,"caption":"EMILIE PAPAYE"},"image":{"@id":"https:\/\/emiliepapaye.com\/#\/schema\/logo\/image\/"}}]}},"jetpack_sharing_enabled":true,"_links":{"self":[{"href":"https:\/\/emiliepapaye.com\/index.php\/wp-json\/wp\/v2\/product\/1552","targetHints":{"allow":["GET"]}}],"collection":[{"href":"https:\/\/emiliepapaye.com\/index.php\/wp-json\/wp\/v2\/product"}],"about":[{"href":"https:\/\/emiliepapaye.com\/index.php\/wp-json\/wp\/v2\/types\/product"}],"replies":[{"embeddable":true,"href":"https:\/\/emiliepapaye.com\/index.php\/wp-json\/wp\/v2\/comments?post=1552"}],"wp:featuredmedia":[{"embeddable":true,"href":"https:\/\/emiliepapaye.com\/index.php\/wp-json\/wp\/v2\/media\/1553"}],"wp:attachment":[{"href":"https:\/\/emiliepapaye.com\/index.php\/wp-json\/wp\/v2\/media?parent=1552"}],"wp:term":[{"taxonomy":"product_brand","embeddable":true,"href":"https:\/\/emiliepapaye.com\/index.php\/wp-json\/wp\/v2\/product_brand?post=1552"},{"taxonomy":"product_cat","embeddable":true,"href":"https:\/\/emiliepapaye.com\/index.php\/wp-json\/wp\/v2\/product_cat?post=1552"},{"taxonomy":"product_tag","embeddable":true,"href":"https:\/\/emiliepapaye.com\/index.php\/wp-json\/wp\/v2\/product_tag?post=1552"}],"curies":[{"name":"wp","href":"https:\/\/api.w.org\/{rel}","templated":true}]}}