{"id":1675,"date":"2021-03-18T15:00:24","date_gmt":"2021-03-18T14:00:24","guid":{"rendered":"https:\/\/emiliepapaye.com\/?post_type=product&#038;p=1675"},"modified":"2023-01-03T09:07:31","modified_gmt":"2023-01-03T08:07:31","slug":"ne-sous-la-bonne-etoile","status":"publish","type":"product","link":"https:\/\/emiliepapaye.com\/index.php\/produit\/ne-sous-la-bonne-etoile\/","title":{"rendered":"N\u00e9 sous la bonne \u00e9toile"},"content":{"rendered":"<p><span class=\"\">Pour ce nouveau pendentif j&rsquo;ai explor\u00e9 une nouvelle technique japonaise, le <a href=\"https:\/\/www.christies.com\/en\/lot\/lot-4612075\">SHIBUICHI<\/a>.<br \/>\n.<br \/>\nOn retrouve cette technique sur la garde du katana qu&rsquo;on appelle<a href=\"https:\/\/www.christies.com\/features\/Unique-among-swords-an-interview-with-Victor-Harris-on-the-Samurai-Aesthetic-5275-1.aspx?sc_lang=en\"> TSUBA<\/a>.<br \/>\nSon r\u00f4le est de prot\u00e9ger la main et de l&#8217;emp\u00eacher de glisser de la poign\u00e9e et sur le tranchant de la lame, d&rsquo;en assurer l&rsquo;\u00e9quilibre par contrepoids.<br \/>\nC&rsquo;est une v\u00e9ritable \u0153uvre d&rsquo;art d&rsquo;une finesse incroyable.<br \/>\n.<br \/>\nSur ce pendentif, j&rsquo;ai utilis\u00e9 l&rsquo;oxydation de l&rsquo;argent (gris anthracite) pour faire ressortir l&rsquo;or jaune.<\/span><\/p>\n<p><span class=\"\">On retrouve la g\u00e9om\u00e9trie de mes inspirations Art D\u00e9co. Avec plus de simplicit\u00e9 pour laisser place \u00e0 cette \u00e9toile dans un ciel sombre et chaotique.<\/span><\/p>\n<p><span class=\"\">Parce que nous avons tous besoin d&rsquo;une bonne \u00e9toile. <\/span><\/p>\n","protected":false},"excerpt":{"rendered":"<ul>\n<li>Pendentif en Argent 925\/1000 &#8211;\u00a0 recycl\u00e9<\/li>\n<li>Martel\u00e9 et poli miroir<\/li>\n<li>Oxydation de l&rsquo;argent sur la partie sup\u00e9rieure.<\/li>\n<li>\u00c9clat d&rsquo;or 18 carats<\/li>\n<li>4g<\/li>\n<li>Hauteur 27mm<\/li>\n<li>Largeur 7,9 mm<\/li>\n<li>Cha\u00eene en argent incluse 60 cm<\/li>\n<li>Fabrication artisanale dans les Landes par la cr\u00e9atrice \u00c9milie Papaye.<\/li>\n<li>\n<div>D\u00e9lais : 7 jours ouvr\u00e9s + d\u00e9lai de La Poste. Si le bijou n&rsquo;est pas en stock,\u00a0 le d\u00e9lai de fabrication est de 3\u00a0 semaines.<\/div>\n<\/li>\n<\/ul>\n<p>Photo non contractuelle &#8211; L&rsquo;argent se patine avec le temps.<\/p>\n","protected":false},"featured_media":1676,"comment_status":"open","ping_status":"closed","template":"","meta":{"_bbp_topic_count":0,"_bbp_reply_count":0,"_bbp_total_topic_count":0,"_bbp_total_reply_count":0,"_bbp_voice_count":0,"_bbp_anonymous_reply_count":0,"_bbp_topic_count_hidden":0,"_bbp_reply_count_hidden":0,"_bbp_forum_subforum_count":0},"product_brand":[],"product_cat":[49,35,18,34],"product_tag":[],"class_list":{"0":"post-1675","1":"product","2":"type-product","3":"status-publish","4":"has-post-thumbnail","6":"product_cat-argent","7":"product_cat-homme","8":"product_cat-pendentif","9":"product_cat-pointe-noire","11":"first","12":"instock","13":"purchasable","14":"product-type-simple"},"yoast_head":"<!-- This site is optimized with the Yoast SEO plugin v26.8 - https:\/\/yoast.com\/product\/yoast-seo-wordpress\/ -->\n<title>N\u00e9 sous la bonne \u00e9toile - EMILIE PAPAYE<\/title>\n<meta name=\"description\" content=\"Pendentif en argent martel\u00e9 et oxyd\u00e9. \u00c9clat d&#039;or 18 carats. Shibuichi, technique ancestrale japonaise utilis\u00e9e sur la garde des Katanas.\" \/>\n<meta name=\"robots\" content=\"index, follow, max-snippet:-1, max-image-preview:large, max-video-preview:-1\" \/>\n<link rel=\"canonical\" href=\"https:\/\/emiliepapaye.com\/index.php\/produit\/ne-sous-la-bonne-etoile\/\" \/>\n<meta property=\"og:locale\" content=\"fr_FR\" \/>\n<meta property=\"og:type\" content=\"article\" \/>\n<meta property=\"og:title\" content=\"N\u00e9 sous la bonne \u00e9toile - EMILIE PAPAYE\" \/>\n<meta property=\"og:description\" content=\"Pendentif en argent martel\u00e9 et oxyd\u00e9. \u00c9clat d&#039;or 18 carats. Shibuichi, technique ancestrale japonaise utilis\u00e9e sur la garde des Katanas.\" \/>\n<meta property=\"og:url\" content=\"https:\/\/emiliepapaye.com\/index.php\/produit\/ne-sous-la-bonne-etoile\/\" \/>\n<meta property=\"og:site_name\" content=\"EMILIE PAPAYE\" \/>\n<meta property=\"article:modified_time\" content=\"2023-01-03T08:07:31+00:00\" \/>\n<meta property=\"og:image\" content=\"https:\/\/emiliepapaye.com\/wp-content\/uploads\/2021\/03\/pointe-noire-2-scaled.jpg\" \/>\n\t<meta property=\"og:image:width\" content=\"1707\" \/>\n\t<meta property=\"og:image:height\" content=\"2560\" \/>\n\t<meta property=\"og:image:type\" content=\"image\/jpeg\" \/>\n<meta name=\"twitter:card\" content=\"summary_large_image\" \/>\n<meta name=\"twitter:label1\" content=\"Dur\u00e9e de lecture estim\u00e9e\" \/>\n\t<meta name=\"twitter:data1\" content=\"1 minute\" \/>\n<script type=\"application\/ld+json\" class=\"yoast-schema-graph\">{\"@context\":\"https:\/\/schema.org\",\"@graph\":[{\"@type\":\"WebPage\",\"@id\":\"https:\/\/emiliepapaye.com\/index.php\/produit\/ne-sous-la-bonne-etoile\/\",\"url\":\"https:\/\/emiliepapaye.com\/index.php\/produit\/ne-sous-la-bonne-etoile\/\",\"name\":\"N\u00e9 sous la bonne \u00e9toile - EMILIE PAPAYE\",\"isPartOf\":{\"@id\":\"https:\/\/emiliepapaye.com\/#website\"},\"primaryImageOfPage\":{\"@id\":\"https:\/\/emiliepapaye.com\/index.php\/produit\/ne-sous-la-bonne-etoile\/#primaryimage\"},\"image\":{\"@id\":\"https:\/\/emiliepapaye.com\/index.php\/produit\/ne-sous-la-bonne-etoile\/#primaryimage\"},\"thumbnailUrl\":\"https:\/\/emiliepapaye.com\/wp-content\/uploads\/2021\/03\/pointe-noire-2-scaled.jpg\",\"datePublished\":\"2021-03-18T14:00:24+00:00\",\"dateModified\":\"2023-01-03T08:07:31+00:00\",\"description\":\"Pendentif en argent martel\u00e9 et oxyd\u00e9. \u00c9clat d'or 18 carats. Shibuichi, technique ancestrale japonaise utilis\u00e9e sur la garde des Katanas.\",\"breadcrumb\":{\"@id\":\"https:\/\/emiliepapaye.com\/index.php\/produit\/ne-sous-la-bonne-etoile\/#breadcrumb\"},\"inLanguage\":\"fr-FR\",\"potentialAction\":[{\"@type\":\"ReadAction\",\"target\":[\"https:\/\/emiliepapaye.com\/index.php\/produit\/ne-sous-la-bonne-etoile\/\"]}]},{\"@type\":\"ImageObject\",\"inLanguage\":\"fr-FR\",\"@id\":\"https:\/\/emiliepapaye.com\/index.php\/produit\/ne-sous-la-bonne-etoile\/#primaryimage\",\"url\":\"https:\/\/emiliepapaye.com\/wp-content\/uploads\/2021\/03\/pointe-noire-2-scaled.jpg\",\"contentUrl\":\"https:\/\/emiliepapaye.com\/wp-content\/uploads\/2021\/03\/pointe-noire-2-scaled.jpg\",\"width\":1707,\"height\":2560,\"caption\":\"Pointe Noire\"},{\"@type\":\"BreadcrumbList\",\"@id\":\"https:\/\/emiliepapaye.com\/index.php\/produit\/ne-sous-la-bonne-etoile\/#breadcrumb\",\"itemListElement\":[{\"@type\":\"ListItem\",\"position\":1,\"name\":\"Accueil\",\"item\":\"https:\/\/emiliepapaye.com\/\"},{\"@type\":\"ListItem\",\"position\":2,\"name\":\"Boutique\",\"item\":\"https:\/\/emiliepapaye.com\/index.php\/boutique\/\"},{\"@type\":\"ListItem\",\"position\":3,\"name\":\"N\u00e9 sous la bonne \u00e9toile\"}]},{\"@type\":\"WebSite\",\"@id\":\"https:\/\/emiliepapaye.com\/#website\",\"url\":\"https:\/\/emiliepapaye.com\/\",\"name\":\"EMILIE PAPAYE\",\"description\":\"EMILIE PAPAYE\",\"publisher\":{\"@id\":\"https:\/\/emiliepapaye.com\/#organization\"},\"potentialAction\":[{\"@type\":\"SearchAction\",\"target\":{\"@type\":\"EntryPoint\",\"urlTemplate\":\"https:\/\/emiliepapaye.com\/?s={search_term_string}\"},\"query-input\":{\"@type\":\"PropertyValueSpecification\",\"valueRequired\":true,\"valueName\":\"search_term_string\"}}],\"inLanguage\":\"fr-FR\"},{\"@type\":\"Organization\",\"@id\":\"https:\/\/emiliepapaye.com\/#organization\",\"name\":\"EMILIE PAPAYE\",\"url\":\"https:\/\/emiliepapaye.com\/\",\"logo\":{\"@type\":\"ImageObject\",\"inLanguage\":\"fr-FR\",\"@id\":\"https:\/\/emiliepapaye.com\/#\/schema\/logo\/image\/\",\"url\":\"https:\/\/emiliepapaye.com\/wp-content\/uploads\/2024\/01\/cropped-1.png\",\"contentUrl\":\"https:\/\/emiliepapaye.com\/wp-content\/uploads\/2024\/01\/cropped-1.png\",\"width\":6912,\"height\":3456,\"caption\":\"EMILIE PAPAYE\"},\"image\":{\"@id\":\"https:\/\/emiliepapaye.com\/#\/schema\/logo\/image\/\"}}]}<\/script>\n<!-- \/ Yoast SEO plugin. -->","yoast_head_json":{"title":"N\u00e9 sous la bonne \u00e9toile - EMILIE PAPAYE","description":"Pendentif en argent martel\u00e9 et oxyd\u00e9. \u00c9clat d'or 18 carats. Shibuichi, technique ancestrale japonaise utilis\u00e9e sur la garde des Katanas.","robots":{"index":"index","follow":"follow","max-snippet":"max-snippet:-1","max-image-preview":"max-image-preview:large","max-video-preview":"max-video-preview:-1"},"canonical":"https:\/\/emiliepapaye.com\/index.php\/produit\/ne-sous-la-bonne-etoile\/","og_locale":"fr_FR","og_type":"article","og_title":"N\u00e9 sous la bonne \u00e9toile - EMILIE PAPAYE","og_description":"Pendentif en argent martel\u00e9 et oxyd\u00e9. \u00c9clat d'or 18 carats. Shibuichi, technique ancestrale japonaise utilis\u00e9e sur la garde des Katanas.","og_url":"https:\/\/emiliepapaye.com\/index.php\/produit\/ne-sous-la-bonne-etoile\/","og_site_name":"EMILIE PAPAYE","article_modified_time":"2023-01-03T08:07:31+00:00","og_image":[{"width":1707,"height":2560,"url":"https:\/\/emiliepapaye.com\/wp-content\/uploads\/2021\/03\/pointe-noire-2-scaled.jpg","type":"image\/jpeg"}],"twitter_card":"summary_large_image","twitter_misc":{"Dur\u00e9e de lecture estim\u00e9e":"1 minute"},"schema":{"@context":"https:\/\/schema.org","@graph":[{"@type":"WebPage","@id":"https:\/\/emiliepapaye.com\/index.php\/produit\/ne-sous-la-bonne-etoile\/","url":"https:\/\/emiliepapaye.com\/index.php\/produit\/ne-sous-la-bonne-etoile\/","name":"N\u00e9 sous la bonne \u00e9toile - EMILIE PAPAYE","isPartOf":{"@id":"https:\/\/emiliepapaye.com\/#website"},"primaryImageOfPage":{"@id":"https:\/\/emiliepapaye.com\/index.php\/produit\/ne-sous-la-bonne-etoile\/#primaryimage"},"image":{"@id":"https:\/\/emiliepapaye.com\/index.php\/produit\/ne-sous-la-bonne-etoile\/#primaryimage"},"thumbnailUrl":"https:\/\/emiliepapaye.com\/wp-content\/uploads\/2021\/03\/pointe-noire-2-scaled.jpg","datePublished":"2021-03-18T14:00:24+00:00","dateModified":"2023-01-03T08:07:31+00:00","description":"Pendentif en argent martel\u00e9 et oxyd\u00e9. \u00c9clat d'or 18 carats. Shibuichi, technique ancestrale japonaise utilis\u00e9e sur la garde des Katanas.","breadcrumb":{"@id":"https:\/\/emiliepapaye.com\/index.php\/produit\/ne-sous-la-bonne-etoile\/#breadcrumb"},"inLanguage":"fr-FR","potentialAction":[{"@type":"ReadAction","target":["https:\/\/emiliepapaye.com\/index.php\/produit\/ne-sous-la-bonne-etoile\/"]}]},{"@type":"ImageObject","inLanguage":"fr-FR","@id":"https:\/\/emiliepapaye.com\/index.php\/produit\/ne-sous-la-bonne-etoile\/#primaryimage","url":"https:\/\/emiliepapaye.com\/wp-content\/uploads\/2021\/03\/pointe-noire-2-scaled.jpg","contentUrl":"https:\/\/emiliepapaye.com\/wp-content\/uploads\/2021\/03\/pointe-noire-2-scaled.jpg","width":1707,"height":2560,"caption":"Pointe Noire"},{"@type":"BreadcrumbList","@id":"https:\/\/emiliepapaye.com\/index.php\/produit\/ne-sous-la-bonne-etoile\/#breadcrumb","itemListElement":[{"@type":"ListItem","position":1,"name":"Accueil","item":"https:\/\/emiliepapaye.com\/"},{"@type":"ListItem","position":2,"name":"Boutique","item":"https:\/\/emiliepapaye.com\/index.php\/boutique\/"},{"@type":"ListItem","position":3,"name":"N\u00e9 sous la bonne \u00e9toile"}]},{"@type":"WebSite","@id":"https:\/\/emiliepapaye.com\/#website","url":"https:\/\/emiliepapaye.com\/","name":"EMILIE PAPAYE","description":"EMILIE PAPAYE","publisher":{"@id":"https:\/\/emiliepapaye.com\/#organization"},"potentialAction":[{"@type":"SearchAction","target":{"@type":"EntryPoint","urlTemplate":"https:\/\/emiliepapaye.com\/?s={search_term_string}"},"query-input":{"@type":"PropertyValueSpecification","valueRequired":true,"valueName":"search_term_string"}}],"inLanguage":"fr-FR"},{"@type":"Organization","@id":"https:\/\/emiliepapaye.com\/#organization","name":"EMILIE PAPAYE","url":"https:\/\/emiliepapaye.com\/","logo":{"@type":"ImageObject","inLanguage":"fr-FR","@id":"https:\/\/emiliepapaye.com\/#\/schema\/logo\/image\/","url":"https:\/\/emiliepapaye.com\/wp-content\/uploads\/2024\/01\/cropped-1.png","contentUrl":"https:\/\/emiliepapaye.com\/wp-content\/uploads\/2024\/01\/cropped-1.png","width":6912,"height":3456,"caption":"EMILIE PAPAYE"},"image":{"@id":"https:\/\/emiliepapaye.com\/#\/schema\/logo\/image\/"}}]}},"jetpack_sharing_enabled":true,"_links":{"self":[{"href":"https:\/\/emiliepapaye.com\/index.php\/wp-json\/wp\/v2\/product\/1675","targetHints":{"allow":["GET"]}}],"collection":[{"href":"https:\/\/emiliepapaye.com\/index.php\/wp-json\/wp\/v2\/product"}],"about":[{"href":"https:\/\/emiliepapaye.com\/index.php\/wp-json\/wp\/v2\/types\/product"}],"replies":[{"embeddable":true,"href":"https:\/\/emiliepapaye.com\/index.php\/wp-json\/wp\/v2\/comments?post=1675"}],"wp:featuredmedia":[{"embeddable":true,"href":"https:\/\/emiliepapaye.com\/index.php\/wp-json\/wp\/v2\/media\/1676"}],"wp:attachment":[{"href":"https:\/\/emiliepapaye.com\/index.php\/wp-json\/wp\/v2\/media?parent=1675"}],"wp:term":[{"taxonomy":"product_brand","embeddable":true,"href":"https:\/\/emiliepapaye.com\/index.php\/wp-json\/wp\/v2\/product_brand?post=1675"},{"taxonomy":"product_cat","embeddable":true,"href":"https:\/\/emiliepapaye.com\/index.php\/wp-json\/wp\/v2\/product_cat?post=1675"},{"taxonomy":"product_tag","embeddable":true,"href":"https:\/\/emiliepapaye.com\/index.php\/wp-json\/wp\/v2\/product_tag?post=1675"}],"curies":[{"name":"wp","href":"https:\/\/api.w.org\/{rel}","templated":true}]}}