{"id":1745,"date":"2021-04-29T15:19:41","date_gmt":"2021-04-29T13:19:41","guid":{"rendered":"https:\/\/emiliepapaye.com\/?post_type=product&#038;p=1745"},"modified":"2024-07-08T11:22:50","modified_gmt":"2024-07-08T09:22:50","slug":"assinie-2","status":"publish","type":"product","link":"https:\/\/emiliepapaye.com\/index.php\/produit\/assinie-2\/","title":{"rendered":"ASSINIE MAFIA"},"content":{"rendered":"<p><span class=\"\">Le dollar des sables m&rsquo;\u00e9voque de longues balades sur les plages d&rsquo;Assinie, en C\u00f4te d&rsquo;ivoire.<br \/>\nUne coquille d&rsquo;oursin plat, couleur dollar, \u00e9chou\u00e9e sur le sable.<br \/>\n<\/span><\/p>\n<p>Un talisman pour les amoureux de l&rsquo;Oc\u00e9an. Un gri-gri pour les inconditionnels du sables dans le maillot.<\/p>\n<p>\u2234<\/p>\n<p>Bienfaits de la pierre, le DIAMANT<\/p>\n<p>Le diamant est un grand alli\u00e9 de la lithoth\u00e9rapie car en dehors de ses propres qualit\u00e9s, il amplifie les vertus des autres pierres. Ce r\u00f4le amplificateur transmis par son extr\u00eame puissance doit \u00eatre utilis\u00e9 avec discernement car il aurait tendance aussi \u00e0 intensifier les influences n\u00e9gatives.<\/p>\n<p>Le diamant apporte la paix profonde de l\u2019\u00e2me, il est donc associ\u00e9 en priorit\u00e9 au <strong>7\u00e8me chakra<\/strong>, le chakra couronne li\u00e9 \u00e0 la conscience spirituelle.<\/p>\n<p>Permet de communiquer, avec son soi le plus \u00e9lev\u00e9, mais \u00e9galement avec les forces plus puissantes et autrement plus difficiles \u00e0 percevoir de l\u2019univers.<\/p>\n<p>Il apporte la clairvoyance et la clart\u00e9 d\u2019esprit, dissolvant par la m\u00eame occasion les angoisses, tensions et blocages.<\/p>\n<p>Min\u00e9ral indiqu\u00e9 pour les personnes qui se sont coup\u00e9es des souvenirs et sensations de l&rsquo;enfance.<\/p>\n","protected":false},"excerpt":{"rendered":"<ul>\n<li>Or Jaune 18 carats<\/li>\n<li>Poli Miroir<\/li>\n<li>2,5 gr<\/li>\n<li>Diamant taille ancienne<\/li>\n<li>Gravure \u00e0 la main<\/li>\n<li>Cha\u00eene non comprise<\/li>\n<li>Fabrication artisanale dans les Landes par la cr\u00e9atrice \u00c9milie Papaye.<\/li>\n<li>\n<div>D\u00e9lais : 7 jours ouvr\u00e9s + d\u00e9lai de La Poste. Si le bijou n&rsquo;est pas en stock,\u00a0 le d\u00e9lai de fabrication est de 3\u00a0 semaines.<\/div>\n<\/li>\n<\/ul>\n<p>Photo non contractuelle.<\/p>\n<p>&nbsp;<\/p>\n","protected":false},"featured_media":1746,"comment_status":"open","ping_status":"closed","template":"","meta":{"_bbp_topic_count":0,"_bbp_reply_count":0,"_bbp_total_topic_count":0,"_bbp_total_reply_count":0,"_bbp_voice_count":0,"_bbp_anonymous_reply_count":0,"_bbp_topic_count_hidden":0,"_bbp_reply_count_hidden":0,"_bbp_forum_subforum_count":0},"product_brand":[],"product_cat":[37,63,48,18,59],"product_tag":[],"class_list":{"0":"post-1745","1":"product","2":"type-product","3":"status-publish","4":"has-post-thumbnail","6":"product_cat-femme","7":"product_cat-joaillerie","8":"product_cat-or","9":"product_cat-pendentif","10":"product_cat-sur-mesure","12":"first","13":"instock","14":"purchasable","15":"product-type-simple"},"yoast_head":"<!-- This site is optimized with the Yoast SEO plugin v26.8 - https:\/\/yoast.com\/product\/yoast-seo-wordpress\/ -->\n<title>ASSINIE MAFIA - EMILIE PAPAYE<\/title>\n<meta name=\"robots\" content=\"index, follow, max-snippet:-1, max-image-preview:large, max-video-preview:-1\" \/>\n<link rel=\"canonical\" href=\"https:\/\/emiliepapaye.com\/index.php\/produit\/assinie-2\/\" \/>\n<meta property=\"og:locale\" content=\"fr_FR\" \/>\n<meta property=\"og:type\" content=\"article\" \/>\n<meta property=\"og:title\" content=\"ASSINIE MAFIA - EMILIE PAPAYE\" \/>\n<meta property=\"og:description\" content=\"Or Jaune 18 carats  Poli Miroir  2,5 gr  Diamant taille ancienne  Gravure \u00e0 la main  Cha\u00eene non comprise  Fabrication artisanale dans les Landes par la cr\u00e9atrice \u00c9milie Papaye.   D\u00e9lais : 7 jours ouvr\u00e9s + d\u00e9lai de La Poste. Si le bijou n&#039;est pas en stock,\u00a0 le d\u00e9lai de fabrication est de 3\u00a0 semaines.  Photo non contractuelle.  &nbsp;\" \/>\n<meta property=\"og:url\" content=\"https:\/\/emiliepapaye.com\/index.php\/produit\/assinie-2\/\" \/>\n<meta property=\"og:site_name\" content=\"EMILIE PAPAYE\" \/>\n<meta property=\"article:modified_time\" content=\"2024-07-08T09:22:50+00:00\" \/>\n<meta property=\"og:image\" content=\"https:\/\/emiliepapaye.com\/wp-content\/uploads\/2021\/04\/assinie-8-scaled.jpg\" \/>\n\t<meta property=\"og:image:width\" content=\"1707\" \/>\n\t<meta property=\"og:image:height\" content=\"2560\" \/>\n\t<meta property=\"og:image:type\" content=\"image\/jpeg\" \/>\n<meta name=\"twitter:card\" content=\"summary_large_image\" \/>\n<meta name=\"twitter:label1\" content=\"Dur\u00e9e de lecture estim\u00e9e\" \/>\n\t<meta name=\"twitter:data1\" content=\"1 minute\" \/>\n<script type=\"application\/ld+json\" class=\"yoast-schema-graph\">{\"@context\":\"https:\/\/schema.org\",\"@graph\":[{\"@type\":\"WebPage\",\"@id\":\"https:\/\/emiliepapaye.com\/index.php\/produit\/assinie-2\/\",\"url\":\"https:\/\/emiliepapaye.com\/index.php\/produit\/assinie-2\/\",\"name\":\"ASSINIE MAFIA - EMILIE PAPAYE\",\"isPartOf\":{\"@id\":\"https:\/\/emiliepapaye.com\/#website\"},\"primaryImageOfPage\":{\"@id\":\"https:\/\/emiliepapaye.com\/index.php\/produit\/assinie-2\/#primaryimage\"},\"image\":{\"@id\":\"https:\/\/emiliepapaye.com\/index.php\/produit\/assinie-2\/#primaryimage\"},\"thumbnailUrl\":\"https:\/\/emiliepapaye.com\/wp-content\/uploads\/2021\/04\/assinie-8-scaled.jpg\",\"datePublished\":\"2021-04-29T13:19:41+00:00\",\"dateModified\":\"2024-07-08T09:22:50+00:00\",\"breadcrumb\":{\"@id\":\"https:\/\/emiliepapaye.com\/index.php\/produit\/assinie-2\/#breadcrumb\"},\"inLanguage\":\"fr-FR\",\"potentialAction\":[{\"@type\":\"ReadAction\",\"target\":[\"https:\/\/emiliepapaye.com\/index.php\/produit\/assinie-2\/\"]}]},{\"@type\":\"ImageObject\",\"inLanguage\":\"fr-FR\",\"@id\":\"https:\/\/emiliepapaye.com\/index.php\/produit\/assinie-2\/#primaryimage\",\"url\":\"https:\/\/emiliepapaye.com\/wp-content\/uploads\/2021\/04\/assinie-8-scaled.jpg\",\"contentUrl\":\"https:\/\/emiliepapaye.com\/wp-content\/uploads\/2021\/04\/assinie-8-scaled.jpg\",\"width\":1707,\"height\":2560},{\"@type\":\"BreadcrumbList\",\"@id\":\"https:\/\/emiliepapaye.com\/index.php\/produit\/assinie-2\/#breadcrumb\",\"itemListElement\":[{\"@type\":\"ListItem\",\"position\":1,\"name\":\"Accueil\",\"item\":\"https:\/\/emiliepapaye.com\/\"},{\"@type\":\"ListItem\",\"position\":2,\"name\":\"Boutique\",\"item\":\"https:\/\/emiliepapaye.com\/index.php\/boutique\/\"},{\"@type\":\"ListItem\",\"position\":3,\"name\":\"ASSINIE MAFIA\"}]},{\"@type\":\"WebSite\",\"@id\":\"https:\/\/emiliepapaye.com\/#website\",\"url\":\"https:\/\/emiliepapaye.com\/\",\"name\":\"EMILIE PAPAYE\",\"description\":\"EMILIE PAPAYE\",\"publisher\":{\"@id\":\"https:\/\/emiliepapaye.com\/#organization\"},\"potentialAction\":[{\"@type\":\"SearchAction\",\"target\":{\"@type\":\"EntryPoint\",\"urlTemplate\":\"https:\/\/emiliepapaye.com\/?s={search_term_string}\"},\"query-input\":{\"@type\":\"PropertyValueSpecification\",\"valueRequired\":true,\"valueName\":\"search_term_string\"}}],\"inLanguage\":\"fr-FR\"},{\"@type\":\"Organization\",\"@id\":\"https:\/\/emiliepapaye.com\/#organization\",\"name\":\"EMILIE PAPAYE\",\"url\":\"https:\/\/emiliepapaye.com\/\",\"logo\":{\"@type\":\"ImageObject\",\"inLanguage\":\"fr-FR\",\"@id\":\"https:\/\/emiliepapaye.com\/#\/schema\/logo\/image\/\",\"url\":\"https:\/\/emiliepapaye.com\/wp-content\/uploads\/2024\/01\/cropped-1.png\",\"contentUrl\":\"https:\/\/emiliepapaye.com\/wp-content\/uploads\/2024\/01\/cropped-1.png\",\"width\":6912,\"height\":3456,\"caption\":\"EMILIE PAPAYE\"},\"image\":{\"@id\":\"https:\/\/emiliepapaye.com\/#\/schema\/logo\/image\/\"}}]}<\/script>\n<!-- \/ Yoast SEO plugin. -->","yoast_head_json":{"title":"ASSINIE MAFIA - EMILIE PAPAYE","robots":{"index":"index","follow":"follow","max-snippet":"max-snippet:-1","max-image-preview":"max-image-preview:large","max-video-preview":"max-video-preview:-1"},"canonical":"https:\/\/emiliepapaye.com\/index.php\/produit\/assinie-2\/","og_locale":"fr_FR","og_type":"article","og_title":"ASSINIE MAFIA - EMILIE PAPAYE","og_description":"Or Jaune 18 carats  Poli Miroir  2,5 gr  Diamant taille ancienne  Gravure \u00e0 la main  Cha\u00eene non comprise  Fabrication artisanale dans les Landes par la cr\u00e9atrice \u00c9milie Papaye.   D\u00e9lais : 7 jours ouvr\u00e9s + d\u00e9lai de La Poste. Si le bijou n'est pas en stock,\u00a0 le d\u00e9lai de fabrication est de 3\u00a0 semaines.  Photo non contractuelle.  &nbsp;","og_url":"https:\/\/emiliepapaye.com\/index.php\/produit\/assinie-2\/","og_site_name":"EMILIE PAPAYE","article_modified_time":"2024-07-08T09:22:50+00:00","og_image":[{"width":1707,"height":2560,"url":"https:\/\/emiliepapaye.com\/wp-content\/uploads\/2021\/04\/assinie-8-scaled.jpg","type":"image\/jpeg"}],"twitter_card":"summary_large_image","twitter_misc":{"Dur\u00e9e de lecture estim\u00e9e":"1 minute"},"schema":{"@context":"https:\/\/schema.org","@graph":[{"@type":"WebPage","@id":"https:\/\/emiliepapaye.com\/index.php\/produit\/assinie-2\/","url":"https:\/\/emiliepapaye.com\/index.php\/produit\/assinie-2\/","name":"ASSINIE MAFIA - EMILIE PAPAYE","isPartOf":{"@id":"https:\/\/emiliepapaye.com\/#website"},"primaryImageOfPage":{"@id":"https:\/\/emiliepapaye.com\/index.php\/produit\/assinie-2\/#primaryimage"},"image":{"@id":"https:\/\/emiliepapaye.com\/index.php\/produit\/assinie-2\/#primaryimage"},"thumbnailUrl":"https:\/\/emiliepapaye.com\/wp-content\/uploads\/2021\/04\/assinie-8-scaled.jpg","datePublished":"2021-04-29T13:19:41+00:00","dateModified":"2024-07-08T09:22:50+00:00","breadcrumb":{"@id":"https:\/\/emiliepapaye.com\/index.php\/produit\/assinie-2\/#breadcrumb"},"inLanguage":"fr-FR","potentialAction":[{"@type":"ReadAction","target":["https:\/\/emiliepapaye.com\/index.php\/produit\/assinie-2\/"]}]},{"@type":"ImageObject","inLanguage":"fr-FR","@id":"https:\/\/emiliepapaye.com\/index.php\/produit\/assinie-2\/#primaryimage","url":"https:\/\/emiliepapaye.com\/wp-content\/uploads\/2021\/04\/assinie-8-scaled.jpg","contentUrl":"https:\/\/emiliepapaye.com\/wp-content\/uploads\/2021\/04\/assinie-8-scaled.jpg","width":1707,"height":2560},{"@type":"BreadcrumbList","@id":"https:\/\/emiliepapaye.com\/index.php\/produit\/assinie-2\/#breadcrumb","itemListElement":[{"@type":"ListItem","position":1,"name":"Accueil","item":"https:\/\/emiliepapaye.com\/"},{"@type":"ListItem","position":2,"name":"Boutique","item":"https:\/\/emiliepapaye.com\/index.php\/boutique\/"},{"@type":"ListItem","position":3,"name":"ASSINIE MAFIA"}]},{"@type":"WebSite","@id":"https:\/\/emiliepapaye.com\/#website","url":"https:\/\/emiliepapaye.com\/","name":"EMILIE PAPAYE","description":"EMILIE PAPAYE","publisher":{"@id":"https:\/\/emiliepapaye.com\/#organization"},"potentialAction":[{"@type":"SearchAction","target":{"@type":"EntryPoint","urlTemplate":"https:\/\/emiliepapaye.com\/?s={search_term_string}"},"query-input":{"@type":"PropertyValueSpecification","valueRequired":true,"valueName":"search_term_string"}}],"inLanguage":"fr-FR"},{"@type":"Organization","@id":"https:\/\/emiliepapaye.com\/#organization","name":"EMILIE PAPAYE","url":"https:\/\/emiliepapaye.com\/","logo":{"@type":"ImageObject","inLanguage":"fr-FR","@id":"https:\/\/emiliepapaye.com\/#\/schema\/logo\/image\/","url":"https:\/\/emiliepapaye.com\/wp-content\/uploads\/2024\/01\/cropped-1.png","contentUrl":"https:\/\/emiliepapaye.com\/wp-content\/uploads\/2024\/01\/cropped-1.png","width":6912,"height":3456,"caption":"EMILIE PAPAYE"},"image":{"@id":"https:\/\/emiliepapaye.com\/#\/schema\/logo\/image\/"}}]}},"jetpack_sharing_enabled":true,"_links":{"self":[{"href":"https:\/\/emiliepapaye.com\/index.php\/wp-json\/wp\/v2\/product\/1745","targetHints":{"allow":["GET"]}}],"collection":[{"href":"https:\/\/emiliepapaye.com\/index.php\/wp-json\/wp\/v2\/product"}],"about":[{"href":"https:\/\/emiliepapaye.com\/index.php\/wp-json\/wp\/v2\/types\/product"}],"replies":[{"embeddable":true,"href":"https:\/\/emiliepapaye.com\/index.php\/wp-json\/wp\/v2\/comments?post=1745"}],"wp:featuredmedia":[{"embeddable":true,"href":"https:\/\/emiliepapaye.com\/index.php\/wp-json\/wp\/v2\/media\/1746"}],"wp:attachment":[{"href":"https:\/\/emiliepapaye.com\/index.php\/wp-json\/wp\/v2\/media?parent=1745"}],"wp:term":[{"taxonomy":"product_brand","embeddable":true,"href":"https:\/\/emiliepapaye.com\/index.php\/wp-json\/wp\/v2\/product_brand?post=1745"},{"taxonomy":"product_cat","embeddable":true,"href":"https:\/\/emiliepapaye.com\/index.php\/wp-json\/wp\/v2\/product_cat?post=1745"},{"taxonomy":"product_tag","embeddable":true,"href":"https:\/\/emiliepapaye.com\/index.php\/wp-json\/wp\/v2\/product_tag?post=1745"}],"curies":[{"name":"wp","href":"https:\/\/api.w.org\/{rel}","templated":true}]}}