{"id":2696,"date":"2022-05-24T15:01:22","date_gmt":"2022-05-24T13:01:22","guid":{"rendered":"https:\/\/emiliepapaye.com\/?post_type=product&#038;p=2696"},"modified":"2024-03-15T04:57:08","modified_gmt":"2024-03-15T03:57:08","slug":"boa-sorte-rubis","status":"publish","type":"product","link":"https:\/\/emiliepapaye.com\/index.php\/produit\/boa-sorte-rubis\/","title":{"rendered":"BOA SORTE &#8211; rubis"},"content":{"rendered":"<p>Bracelet \u00e0 t\u00eate de serpent et rubis en couronne.<\/p>\n<p>Forg\u00e9 et sculpt\u00e9 \u00e0 la main.<\/p>\n<p>BOA SORTE, bonne chance, \u00e0 porter comme un talisman.<\/p>\n<p>Le serpent repr\u00e9sente l\u2019\u00e9nergie de la terre , la force de vie. Il est li\u00e9 \u00e0 l&rsquo;\u00e9nergie vitale car il a la capacit\u00e9 de changer de peau.<\/p>\n<p>Embl\u00e8me de la m\u00e9decine, de la gu\u00e9rison.<\/p>\n","protected":false},"excerpt":{"rendered":"<ul>\n<li>Bracelet en Argent 925\/1000 \u2013\u00a0 recycl\u00e9<\/li>\n<li>Rubis ancien<\/li>\n<li>Texture martel\u00e9e et facett\u00e9e<\/li>\n<li>10 gr<\/li>\n<li>Fabrication artisanale dans les Landes \u2013 100% fait main par la cr\u00e9atrice \u00c9milie Papaye.<\/li>\n<li>\n<div>D\u00e9lais : 8 Jours\u00a0 ouvr\u00e9s+ d\u00e9lai de La Poste.<\/div>\n<\/li>\n<\/ul>\n","protected":false},"featured_media":2697,"comment_status":"open","ping_status":"closed","template":"","meta":{"_bbp_topic_count":0,"_bbp_reply_count":0,"_bbp_total_topic_count":0,"_bbp_total_reply_count":0,"_bbp_voice_count":0,"_bbp_anonymous_reply_count":0,"_bbp_topic_count_hidden":0,"_bbp_reply_count_hidden":0,"_bbp_forum_subforum_count":0},"product_brand":[],"product_cat":[17,49,50,40,37],"product_tag":[],"class_list":{"0":"post-2696","1":"product","2":"type-product","3":"status-publish","4":"has-post-thumbnail","6":"product_cat-non-classe","7":"product_cat-argent","8":"product_cat-bracelet","9":"product_cat-casa-rosa","10":"product_cat-femme","12":"first","13":"instock","14":"taxable","15":"shipping-taxable","16":"purchasable","17":"product-type-simple"},"yoast_head":"<!-- This site is optimized with the Yoast SEO plugin v26.8 - https:\/\/yoast.com\/product\/yoast-seo-wordpress\/ -->\n<title>BOA SORTE - rubis - EMILIE PAPAYE<\/title>\n<meta name=\"description\" content=\"Bracelet serpent en argent 925 et rubis ancien. Forg\u00e9e et sculpt\u00e9e \u00e0 la main. Collection BOA SORTE, bonne chance.\" \/>\n<meta name=\"robots\" content=\"index, follow, max-snippet:-1, max-image-preview:large, max-video-preview:-1\" \/>\n<link rel=\"canonical\" href=\"https:\/\/emiliepapaye.com\/index.php\/produit\/boa-sorte-rubis\/\" \/>\n<meta property=\"og:locale\" content=\"fr_FR\" \/>\n<meta property=\"og:type\" content=\"article\" \/>\n<meta property=\"og:title\" content=\"BOA SORTE - rubis - EMILIE PAPAYE\" \/>\n<meta property=\"og:description\" content=\"Bracelet serpent en argent 925 et rubis ancien. Forg\u00e9e et sculpt\u00e9e \u00e0 la main. Collection BOA SORTE, bonne chance.\" \/>\n<meta property=\"og:url\" content=\"https:\/\/emiliepapaye.com\/index.php\/produit\/boa-sorte-rubis\/\" \/>\n<meta property=\"og:site_name\" content=\"EMILIE PAPAYE\" \/>\n<meta property=\"article:modified_time\" content=\"2024-03-15T03:57:08+00:00\" \/>\n<meta property=\"og:image\" content=\"https:\/\/emiliepapaye.com\/wp-content\/uploads\/2022\/05\/boa-sorte-14.jpg\" \/>\n\t<meta property=\"og:image:width\" content=\"683\" \/>\n\t<meta property=\"og:image:height\" content=\"1024\" \/>\n\t<meta property=\"og:image:type\" content=\"image\/jpeg\" \/>\n<meta name=\"twitter:card\" content=\"summary_large_image\" \/>\n<script type=\"application\/ld+json\" class=\"yoast-schema-graph\">{\"@context\":\"https:\/\/schema.org\",\"@graph\":[{\"@type\":\"WebPage\",\"@id\":\"https:\/\/emiliepapaye.com\/index.php\/produit\/boa-sorte-rubis\/\",\"url\":\"https:\/\/emiliepapaye.com\/index.php\/produit\/boa-sorte-rubis\/\",\"name\":\"BOA SORTE - rubis - EMILIE PAPAYE\",\"isPartOf\":{\"@id\":\"https:\/\/emiliepapaye.com\/#website\"},\"primaryImageOfPage\":{\"@id\":\"https:\/\/emiliepapaye.com\/index.php\/produit\/boa-sorte-rubis\/#primaryimage\"},\"image\":{\"@id\":\"https:\/\/emiliepapaye.com\/index.php\/produit\/boa-sorte-rubis\/#primaryimage\"},\"thumbnailUrl\":\"https:\/\/emiliepapaye.com\/wp-content\/uploads\/2022\/05\/boa-sorte-14.jpg\",\"datePublished\":\"2022-05-24T13:01:22+00:00\",\"dateModified\":\"2024-03-15T03:57:08+00:00\",\"description\":\"Bracelet serpent en argent 925 et rubis ancien. Forg\u00e9e et sculpt\u00e9e \u00e0 la main. Collection BOA SORTE, bonne chance.\",\"breadcrumb\":{\"@id\":\"https:\/\/emiliepapaye.com\/index.php\/produit\/boa-sorte-rubis\/#breadcrumb\"},\"inLanguage\":\"fr-FR\",\"potentialAction\":[{\"@type\":\"ReadAction\",\"target\":[\"https:\/\/emiliepapaye.com\/index.php\/produit\/boa-sorte-rubis\/\"]}]},{\"@type\":\"ImageObject\",\"inLanguage\":\"fr-FR\",\"@id\":\"https:\/\/emiliepapaye.com\/index.php\/produit\/boa-sorte-rubis\/#primaryimage\",\"url\":\"https:\/\/emiliepapaye.com\/wp-content\/uploads\/2022\/05\/boa-sorte-14.jpg\",\"contentUrl\":\"https:\/\/emiliepapaye.com\/wp-content\/uploads\/2022\/05\/boa-sorte-14.jpg\",\"width\":683,\"height\":1024,\"caption\":\"bracelet argent 925 rubis\"},{\"@type\":\"BreadcrumbList\",\"@id\":\"https:\/\/emiliepapaye.com\/index.php\/produit\/boa-sorte-rubis\/#breadcrumb\",\"itemListElement\":[{\"@type\":\"ListItem\",\"position\":1,\"name\":\"Accueil\",\"item\":\"https:\/\/emiliepapaye.com\/\"},{\"@type\":\"ListItem\",\"position\":2,\"name\":\"Boutique\",\"item\":\"https:\/\/emiliepapaye.com\/index.php\/boutique\/\"},{\"@type\":\"ListItem\",\"position\":3,\"name\":\"BOA SORTE &#8211; rubis\"}]},{\"@type\":\"WebSite\",\"@id\":\"https:\/\/emiliepapaye.com\/#website\",\"url\":\"https:\/\/emiliepapaye.com\/\",\"name\":\"EMILIE PAPAYE\",\"description\":\"EMILIE PAPAYE\",\"publisher\":{\"@id\":\"https:\/\/emiliepapaye.com\/#organization\"},\"potentialAction\":[{\"@type\":\"SearchAction\",\"target\":{\"@type\":\"EntryPoint\",\"urlTemplate\":\"https:\/\/emiliepapaye.com\/?s={search_term_string}\"},\"query-input\":{\"@type\":\"PropertyValueSpecification\",\"valueRequired\":true,\"valueName\":\"search_term_string\"}}],\"inLanguage\":\"fr-FR\"},{\"@type\":\"Organization\",\"@id\":\"https:\/\/emiliepapaye.com\/#organization\",\"name\":\"EMILIE PAPAYE\",\"url\":\"https:\/\/emiliepapaye.com\/\",\"logo\":{\"@type\":\"ImageObject\",\"inLanguage\":\"fr-FR\",\"@id\":\"https:\/\/emiliepapaye.com\/#\/schema\/logo\/image\/\",\"url\":\"https:\/\/emiliepapaye.com\/wp-content\/uploads\/2024\/01\/cropped-1.png\",\"contentUrl\":\"https:\/\/emiliepapaye.com\/wp-content\/uploads\/2024\/01\/cropped-1.png\",\"width\":6912,\"height\":3456,\"caption\":\"EMILIE PAPAYE\"},\"image\":{\"@id\":\"https:\/\/emiliepapaye.com\/#\/schema\/logo\/image\/\"}}]}<\/script>\n<!-- \/ Yoast SEO plugin. -->","yoast_head_json":{"title":"BOA SORTE - rubis - EMILIE PAPAYE","description":"Bracelet serpent en argent 925 et rubis ancien. Forg\u00e9e et sculpt\u00e9e \u00e0 la main. Collection BOA SORTE, bonne chance.","robots":{"index":"index","follow":"follow","max-snippet":"max-snippet:-1","max-image-preview":"max-image-preview:large","max-video-preview":"max-video-preview:-1"},"canonical":"https:\/\/emiliepapaye.com\/index.php\/produit\/boa-sorte-rubis\/","og_locale":"fr_FR","og_type":"article","og_title":"BOA SORTE - rubis - EMILIE PAPAYE","og_description":"Bracelet serpent en argent 925 et rubis ancien. Forg\u00e9e et sculpt\u00e9e \u00e0 la main. Collection BOA SORTE, bonne chance.","og_url":"https:\/\/emiliepapaye.com\/index.php\/produit\/boa-sorte-rubis\/","og_site_name":"EMILIE PAPAYE","article_modified_time":"2024-03-15T03:57:08+00:00","og_image":[{"width":683,"height":1024,"url":"https:\/\/emiliepapaye.com\/wp-content\/uploads\/2022\/05\/boa-sorte-14.jpg","type":"image\/jpeg"}],"twitter_card":"summary_large_image","schema":{"@context":"https:\/\/schema.org","@graph":[{"@type":"WebPage","@id":"https:\/\/emiliepapaye.com\/index.php\/produit\/boa-sorte-rubis\/","url":"https:\/\/emiliepapaye.com\/index.php\/produit\/boa-sorte-rubis\/","name":"BOA SORTE - rubis - EMILIE PAPAYE","isPartOf":{"@id":"https:\/\/emiliepapaye.com\/#website"},"primaryImageOfPage":{"@id":"https:\/\/emiliepapaye.com\/index.php\/produit\/boa-sorte-rubis\/#primaryimage"},"image":{"@id":"https:\/\/emiliepapaye.com\/index.php\/produit\/boa-sorte-rubis\/#primaryimage"},"thumbnailUrl":"https:\/\/emiliepapaye.com\/wp-content\/uploads\/2022\/05\/boa-sorte-14.jpg","datePublished":"2022-05-24T13:01:22+00:00","dateModified":"2024-03-15T03:57:08+00:00","description":"Bracelet serpent en argent 925 et rubis ancien. Forg\u00e9e et sculpt\u00e9e \u00e0 la main. Collection BOA SORTE, bonne chance.","breadcrumb":{"@id":"https:\/\/emiliepapaye.com\/index.php\/produit\/boa-sorte-rubis\/#breadcrumb"},"inLanguage":"fr-FR","potentialAction":[{"@type":"ReadAction","target":["https:\/\/emiliepapaye.com\/index.php\/produit\/boa-sorte-rubis\/"]}]},{"@type":"ImageObject","inLanguage":"fr-FR","@id":"https:\/\/emiliepapaye.com\/index.php\/produit\/boa-sorte-rubis\/#primaryimage","url":"https:\/\/emiliepapaye.com\/wp-content\/uploads\/2022\/05\/boa-sorte-14.jpg","contentUrl":"https:\/\/emiliepapaye.com\/wp-content\/uploads\/2022\/05\/boa-sorte-14.jpg","width":683,"height":1024,"caption":"bracelet argent 925 rubis"},{"@type":"BreadcrumbList","@id":"https:\/\/emiliepapaye.com\/index.php\/produit\/boa-sorte-rubis\/#breadcrumb","itemListElement":[{"@type":"ListItem","position":1,"name":"Accueil","item":"https:\/\/emiliepapaye.com\/"},{"@type":"ListItem","position":2,"name":"Boutique","item":"https:\/\/emiliepapaye.com\/index.php\/boutique\/"},{"@type":"ListItem","position":3,"name":"BOA SORTE &#8211; rubis"}]},{"@type":"WebSite","@id":"https:\/\/emiliepapaye.com\/#website","url":"https:\/\/emiliepapaye.com\/","name":"EMILIE PAPAYE","description":"EMILIE PAPAYE","publisher":{"@id":"https:\/\/emiliepapaye.com\/#organization"},"potentialAction":[{"@type":"SearchAction","target":{"@type":"EntryPoint","urlTemplate":"https:\/\/emiliepapaye.com\/?s={search_term_string}"},"query-input":{"@type":"PropertyValueSpecification","valueRequired":true,"valueName":"search_term_string"}}],"inLanguage":"fr-FR"},{"@type":"Organization","@id":"https:\/\/emiliepapaye.com\/#organization","name":"EMILIE PAPAYE","url":"https:\/\/emiliepapaye.com\/","logo":{"@type":"ImageObject","inLanguage":"fr-FR","@id":"https:\/\/emiliepapaye.com\/#\/schema\/logo\/image\/","url":"https:\/\/emiliepapaye.com\/wp-content\/uploads\/2024\/01\/cropped-1.png","contentUrl":"https:\/\/emiliepapaye.com\/wp-content\/uploads\/2024\/01\/cropped-1.png","width":6912,"height":3456,"caption":"EMILIE PAPAYE"},"image":{"@id":"https:\/\/emiliepapaye.com\/#\/schema\/logo\/image\/"}}]}},"jetpack_sharing_enabled":true,"_links":{"self":[{"href":"https:\/\/emiliepapaye.com\/index.php\/wp-json\/wp\/v2\/product\/2696","targetHints":{"allow":["GET"]}}],"collection":[{"href":"https:\/\/emiliepapaye.com\/index.php\/wp-json\/wp\/v2\/product"}],"about":[{"href":"https:\/\/emiliepapaye.com\/index.php\/wp-json\/wp\/v2\/types\/product"}],"replies":[{"embeddable":true,"href":"https:\/\/emiliepapaye.com\/index.php\/wp-json\/wp\/v2\/comments?post=2696"}],"wp:featuredmedia":[{"embeddable":true,"href":"https:\/\/emiliepapaye.com\/index.php\/wp-json\/wp\/v2\/media\/2697"}],"wp:attachment":[{"href":"https:\/\/emiliepapaye.com\/index.php\/wp-json\/wp\/v2\/media?parent=2696"}],"wp:term":[{"taxonomy":"product_brand","embeddable":true,"href":"https:\/\/emiliepapaye.com\/index.php\/wp-json\/wp\/v2\/product_brand?post=2696"},{"taxonomy":"product_cat","embeddable":true,"href":"https:\/\/emiliepapaye.com\/index.php\/wp-json\/wp\/v2\/product_cat?post=2696"},{"taxonomy":"product_tag","embeddable":true,"href":"https:\/\/emiliepapaye.com\/index.php\/wp-json\/wp\/v2\/product_tag?post=2696"}],"curies":[{"name":"wp","href":"https:\/\/api.w.org\/{rel}","templated":true}]}}