{"id":2717,"date":"2022-07-29T17:40:16","date_gmt":"2022-07-29T15:40:16","guid":{"rendered":"https:\/\/emiliepapaye.com\/?post_type=product&#038;p=2717"},"modified":"2025-03-18T13:38:36","modified_gmt":"2025-03-18T12:38:36","slug":"duafe-vermeil","status":"publish","type":"product","link":"https:\/\/emiliepapaye.com\/index.php\/produit\/duafe-vermeil\/","title":{"rendered":"DUAFE VERMEIL \u00e9meraude"},"content":{"rendered":"<p>DUAFE\u00a0 est v\u00e9ritable talisman.<\/p>\n<p>DUAFE\u00a0 signifie \u00ab\u00a0Peigne en bois\u00a0\u00bb. Symbole de beaut\u00e9 et d&rsquo;amour<\/p>\n<p>La femme AKAN l&rsquo;utilisait pour peigner et tresser ces cheveux.<\/p>\n<p>A s&rsquo;offrir, pour prendre soin de son moi int\u00e9rieur.<\/p>\n<p>A offrir \u00e0 une amie, une s\u0153ur, une m\u00e8re, une fille, une amoureuse.<\/p>\n<p>\u2234<\/p>\n<p>DUAFE est l&rsquo;un des symboles Adinkra. Ils sont utilis\u00e9s pour communiquer des messages.<\/p>\n<p>Il peuvent repr\u00e9senter un morceau de notre histoire personnelle,\u00a0 ou quelqu&rsquo;un qui nous entoure.<\/p>\n<p>\u2234<\/p>\n<p>&nbsp;<\/p>\n","protected":false},"excerpt":{"rendered":"<ul>\n<li>Vermeil (Argent massif-plaqu\u00e9 or 24k-5 microns)<\/li>\n<li>Poli Miroir<\/li>\n<li>\u00c9meraude ancienne<\/li>\n<li>Cha\u00eene non comprise<\/li>\n<li>Fabrication artisanale dans les Landes par la cr\u00e9atrice \u00c9milie Papaye.<\/li>\n<\/ul>\n<p>Photo non contractuelle. Chaque pi\u00e8ce est faite \u00e0 la main et peuvent donc pr\u00e9senter de l\u00e9g\u00e8res diff\u00e9rences.<\/p>\n","protected":false},"featured_media":2720,"comment_status":"open","ping_status":"closed","template":"","meta":{"_bbp_topic_count":0,"_bbp_reply_count":0,"_bbp_total_topic_count":0,"_bbp_total_reply_count":0,"_bbp_voice_count":0,"_bbp_anonymous_reply_count":0,"_bbp_topic_count_hidden":0,"_bbp_reply_count_hidden":0,"_bbp_forum_subforum_count":0},"product_brand":[],"product_cat":[40,37,18],"product_tag":[],"class_list":{"0":"post-2717","1":"product","2":"type-product","3":"status-publish","4":"has-post-thumbnail","6":"product_cat-casa-rosa","7":"product_cat-femme","8":"product_cat-pendentif","10":"first","11":"instock","12":"taxable","13":"shipping-taxable","14":"purchasable","15":"product-type-simple"},"yoast_head":"<!-- This site is optimized with the Yoast SEO plugin v26.8 - https:\/\/yoast.com\/product\/yoast-seo-wordpress\/ -->\n<title>DUAFE VERMEIL \u00e9meraude - EMILIE PAPAYE<\/title>\n<meta name=\"robots\" content=\"index, follow, max-snippet:-1, max-image-preview:large, max-video-preview:-1\" \/>\n<link rel=\"canonical\" href=\"https:\/\/emiliepapaye.com\/index.php\/produit\/duafe-vermeil\/\" \/>\n<meta property=\"og:locale\" content=\"fr_FR\" \/>\n<meta property=\"og:type\" content=\"article\" \/>\n<meta property=\"og:title\" content=\"DUAFE VERMEIL \u00e9meraude - EMILIE PAPAYE\" \/>\n<meta property=\"og:description\" content=\"Vermeil (Argent massif-plaqu\u00e9 or 24k-5 microns)  Poli Miroir  \u00c9meraude ancienne  Cha\u00eene non comprise  Fabrication artisanale dans les Landes par la cr\u00e9atrice \u00c9milie Papaye.  Photo non contractuelle. Chaque pi\u00e8ce est faite \u00e0 la main et peuvent donc pr\u00e9senter de l\u00e9g\u00e8res diff\u00e9rences.\" \/>\n<meta property=\"og:url\" content=\"https:\/\/emiliepapaye.com\/index.php\/produit\/duafe-vermeil\/\" \/>\n<meta property=\"og:site_name\" content=\"EMILIE PAPAYE\" \/>\n<meta property=\"article:modified_time\" content=\"2025-03-18T12:38:36+00:00\" \/>\n<meta property=\"og:image\" content=\"https:\/\/emiliepapaye.com\/wp-content\/uploads\/2022\/07\/DUAFE-VERMEIL-2.jpg\" \/>\n\t<meta property=\"og:image:width\" content=\"683\" \/>\n\t<meta property=\"og:image:height\" content=\"1024\" \/>\n\t<meta property=\"og:image:type\" content=\"image\/jpeg\" \/>\n<meta name=\"twitter:card\" content=\"summary_large_image\" \/>\n<meta name=\"twitter:label1\" content=\"Dur\u00e9e de lecture estim\u00e9e\" \/>\n\t<meta name=\"twitter:data1\" content=\"1 minute\" \/>\n<script type=\"application\/ld+json\" class=\"yoast-schema-graph\">{\"@context\":\"https:\/\/schema.org\",\"@graph\":[{\"@type\":\"WebPage\",\"@id\":\"https:\/\/emiliepapaye.com\/index.php\/produit\/duafe-vermeil\/\",\"url\":\"https:\/\/emiliepapaye.com\/index.php\/produit\/duafe-vermeil\/\",\"name\":\"DUAFE VERMEIL \u00e9meraude - EMILIE PAPAYE\",\"isPartOf\":{\"@id\":\"https:\/\/emiliepapaye.com\/#website\"},\"primaryImageOfPage\":{\"@id\":\"https:\/\/emiliepapaye.com\/index.php\/produit\/duafe-vermeil\/#primaryimage\"},\"image\":{\"@id\":\"https:\/\/emiliepapaye.com\/index.php\/produit\/duafe-vermeil\/#primaryimage\"},\"thumbnailUrl\":\"https:\/\/emiliepapaye.com\/wp-content\/uploads\/2022\/07\/DUAFE-VERMEIL-2.jpg\",\"datePublished\":\"2022-07-29T15:40:16+00:00\",\"dateModified\":\"2025-03-18T12:38:36+00:00\",\"breadcrumb\":{\"@id\":\"https:\/\/emiliepapaye.com\/index.php\/produit\/duafe-vermeil\/#breadcrumb\"},\"inLanguage\":\"fr-FR\",\"potentialAction\":[{\"@type\":\"ReadAction\",\"target\":[\"https:\/\/emiliepapaye.com\/index.php\/produit\/duafe-vermeil\/\"]}]},{\"@type\":\"ImageObject\",\"inLanguage\":\"fr-FR\",\"@id\":\"https:\/\/emiliepapaye.com\/index.php\/produit\/duafe-vermeil\/#primaryimage\",\"url\":\"https:\/\/emiliepapaye.com\/wp-content\/uploads\/2022\/07\/DUAFE-VERMEIL-2.jpg\",\"contentUrl\":\"https:\/\/emiliepapaye.com\/wp-content\/uploads\/2022\/07\/DUAFE-VERMEIL-2.jpg\",\"width\":683,\"height\":1024},{\"@type\":\"BreadcrumbList\",\"@id\":\"https:\/\/emiliepapaye.com\/index.php\/produit\/duafe-vermeil\/#breadcrumb\",\"itemListElement\":[{\"@type\":\"ListItem\",\"position\":1,\"name\":\"Accueil\",\"item\":\"https:\/\/emiliepapaye.com\/\"},{\"@type\":\"ListItem\",\"position\":2,\"name\":\"Boutique\",\"item\":\"https:\/\/emiliepapaye.com\/index.php\/boutique\/\"},{\"@type\":\"ListItem\",\"position\":3,\"name\":\"DUAFE VERMEIL \u00e9meraude\"}]},{\"@type\":\"WebSite\",\"@id\":\"https:\/\/emiliepapaye.com\/#website\",\"url\":\"https:\/\/emiliepapaye.com\/\",\"name\":\"EMILIE PAPAYE\",\"description\":\"EMILIE PAPAYE\",\"publisher\":{\"@id\":\"https:\/\/emiliepapaye.com\/#organization\"},\"potentialAction\":[{\"@type\":\"SearchAction\",\"target\":{\"@type\":\"EntryPoint\",\"urlTemplate\":\"https:\/\/emiliepapaye.com\/?s={search_term_string}\"},\"query-input\":{\"@type\":\"PropertyValueSpecification\",\"valueRequired\":true,\"valueName\":\"search_term_string\"}}],\"inLanguage\":\"fr-FR\"},{\"@type\":\"Organization\",\"@id\":\"https:\/\/emiliepapaye.com\/#organization\",\"name\":\"EMILIE PAPAYE\",\"url\":\"https:\/\/emiliepapaye.com\/\",\"logo\":{\"@type\":\"ImageObject\",\"inLanguage\":\"fr-FR\",\"@id\":\"https:\/\/emiliepapaye.com\/#\/schema\/logo\/image\/\",\"url\":\"https:\/\/emiliepapaye.com\/wp-content\/uploads\/2024\/01\/cropped-1.png\",\"contentUrl\":\"https:\/\/emiliepapaye.com\/wp-content\/uploads\/2024\/01\/cropped-1.png\",\"width\":6912,\"height\":3456,\"caption\":\"EMILIE PAPAYE\"},\"image\":{\"@id\":\"https:\/\/emiliepapaye.com\/#\/schema\/logo\/image\/\"}}]}<\/script>\n<!-- \/ Yoast SEO plugin. -->","yoast_head_json":{"title":"DUAFE VERMEIL \u00e9meraude - EMILIE PAPAYE","robots":{"index":"index","follow":"follow","max-snippet":"max-snippet:-1","max-image-preview":"max-image-preview:large","max-video-preview":"max-video-preview:-1"},"canonical":"https:\/\/emiliepapaye.com\/index.php\/produit\/duafe-vermeil\/","og_locale":"fr_FR","og_type":"article","og_title":"DUAFE VERMEIL \u00e9meraude - EMILIE PAPAYE","og_description":"Vermeil (Argent massif-plaqu\u00e9 or 24k-5 microns)  Poli Miroir  \u00c9meraude ancienne  Cha\u00eene non comprise  Fabrication artisanale dans les Landes par la cr\u00e9atrice \u00c9milie Papaye.  Photo non contractuelle. Chaque pi\u00e8ce est faite \u00e0 la main et peuvent donc pr\u00e9senter de l\u00e9g\u00e8res diff\u00e9rences.","og_url":"https:\/\/emiliepapaye.com\/index.php\/produit\/duafe-vermeil\/","og_site_name":"EMILIE PAPAYE","article_modified_time":"2025-03-18T12:38:36+00:00","og_image":[{"width":683,"height":1024,"url":"https:\/\/emiliepapaye.com\/wp-content\/uploads\/2022\/07\/DUAFE-VERMEIL-2.jpg","type":"image\/jpeg"}],"twitter_card":"summary_large_image","twitter_misc":{"Dur\u00e9e de lecture estim\u00e9e":"1 minute"},"schema":{"@context":"https:\/\/schema.org","@graph":[{"@type":"WebPage","@id":"https:\/\/emiliepapaye.com\/index.php\/produit\/duafe-vermeil\/","url":"https:\/\/emiliepapaye.com\/index.php\/produit\/duafe-vermeil\/","name":"DUAFE VERMEIL \u00e9meraude - EMILIE PAPAYE","isPartOf":{"@id":"https:\/\/emiliepapaye.com\/#website"},"primaryImageOfPage":{"@id":"https:\/\/emiliepapaye.com\/index.php\/produit\/duafe-vermeil\/#primaryimage"},"image":{"@id":"https:\/\/emiliepapaye.com\/index.php\/produit\/duafe-vermeil\/#primaryimage"},"thumbnailUrl":"https:\/\/emiliepapaye.com\/wp-content\/uploads\/2022\/07\/DUAFE-VERMEIL-2.jpg","datePublished":"2022-07-29T15:40:16+00:00","dateModified":"2025-03-18T12:38:36+00:00","breadcrumb":{"@id":"https:\/\/emiliepapaye.com\/index.php\/produit\/duafe-vermeil\/#breadcrumb"},"inLanguage":"fr-FR","potentialAction":[{"@type":"ReadAction","target":["https:\/\/emiliepapaye.com\/index.php\/produit\/duafe-vermeil\/"]}]},{"@type":"ImageObject","inLanguage":"fr-FR","@id":"https:\/\/emiliepapaye.com\/index.php\/produit\/duafe-vermeil\/#primaryimage","url":"https:\/\/emiliepapaye.com\/wp-content\/uploads\/2022\/07\/DUAFE-VERMEIL-2.jpg","contentUrl":"https:\/\/emiliepapaye.com\/wp-content\/uploads\/2022\/07\/DUAFE-VERMEIL-2.jpg","width":683,"height":1024},{"@type":"BreadcrumbList","@id":"https:\/\/emiliepapaye.com\/index.php\/produit\/duafe-vermeil\/#breadcrumb","itemListElement":[{"@type":"ListItem","position":1,"name":"Accueil","item":"https:\/\/emiliepapaye.com\/"},{"@type":"ListItem","position":2,"name":"Boutique","item":"https:\/\/emiliepapaye.com\/index.php\/boutique\/"},{"@type":"ListItem","position":3,"name":"DUAFE VERMEIL \u00e9meraude"}]},{"@type":"WebSite","@id":"https:\/\/emiliepapaye.com\/#website","url":"https:\/\/emiliepapaye.com\/","name":"EMILIE PAPAYE","description":"EMILIE PAPAYE","publisher":{"@id":"https:\/\/emiliepapaye.com\/#organization"},"potentialAction":[{"@type":"SearchAction","target":{"@type":"EntryPoint","urlTemplate":"https:\/\/emiliepapaye.com\/?s={search_term_string}"},"query-input":{"@type":"PropertyValueSpecification","valueRequired":true,"valueName":"search_term_string"}}],"inLanguage":"fr-FR"},{"@type":"Organization","@id":"https:\/\/emiliepapaye.com\/#organization","name":"EMILIE PAPAYE","url":"https:\/\/emiliepapaye.com\/","logo":{"@type":"ImageObject","inLanguage":"fr-FR","@id":"https:\/\/emiliepapaye.com\/#\/schema\/logo\/image\/","url":"https:\/\/emiliepapaye.com\/wp-content\/uploads\/2024\/01\/cropped-1.png","contentUrl":"https:\/\/emiliepapaye.com\/wp-content\/uploads\/2024\/01\/cropped-1.png","width":6912,"height":3456,"caption":"EMILIE PAPAYE"},"image":{"@id":"https:\/\/emiliepapaye.com\/#\/schema\/logo\/image\/"}}]}},"jetpack_sharing_enabled":true,"_links":{"self":[{"href":"https:\/\/emiliepapaye.com\/index.php\/wp-json\/wp\/v2\/product\/2717","targetHints":{"allow":["GET"]}}],"collection":[{"href":"https:\/\/emiliepapaye.com\/index.php\/wp-json\/wp\/v2\/product"}],"about":[{"href":"https:\/\/emiliepapaye.com\/index.php\/wp-json\/wp\/v2\/types\/product"}],"replies":[{"embeddable":true,"href":"https:\/\/emiliepapaye.com\/index.php\/wp-json\/wp\/v2\/comments?post=2717"}],"wp:featuredmedia":[{"embeddable":true,"href":"https:\/\/emiliepapaye.com\/index.php\/wp-json\/wp\/v2\/media\/2720"}],"wp:attachment":[{"href":"https:\/\/emiliepapaye.com\/index.php\/wp-json\/wp\/v2\/media?parent=2717"}],"wp:term":[{"taxonomy":"product_brand","embeddable":true,"href":"https:\/\/emiliepapaye.com\/index.php\/wp-json\/wp\/v2\/product_brand?post=2717"},{"taxonomy":"product_cat","embeddable":true,"href":"https:\/\/emiliepapaye.com\/index.php\/wp-json\/wp\/v2\/product_cat?post=2717"},{"taxonomy":"product_tag","embeddable":true,"href":"https:\/\/emiliepapaye.com\/index.php\/wp-json\/wp\/v2\/product_tag?post=2717"}],"curies":[{"name":"wp","href":"https:\/\/api.w.org\/{rel}","templated":true}]}}