{"id":2721,"date":"2022-07-31T12:12:50","date_gmt":"2022-07-31T10:12:50","guid":{"rendered":"https:\/\/emiliepapaye.com\/?post_type=product&#038;p=2721"},"modified":"2025-03-18T13:37:09","modified_gmt":"2025-03-18T12:37:09","slug":"duafe-vermeil-saphir","status":"publish","type":"product","link":"https:\/\/emiliepapaye.com\/index.php\/produit\/duafe-vermeil-saphir\/","title":{"rendered":"DUAFE VERMEIL saphir"},"content":{"rendered":"<h6>DUAFE AWA est un pendentif talisman.<\/h6>\n<h6>DUAFE\u00a0 signifie \u00ab\u00a0Peigne en bois\u00a0\u00bb. Symbole de beaut\u00e9 et d&rsquo;amour<\/h6>\n<h6>La femme AKAN l&rsquo;utilisait pour peigner et tresser ces cheveux.<\/h6>\n<h6>A s&rsquo;offrir, pour prendre soin de son moi int\u00e9rieur.<\/h6>\n<h6>A offrir \u00e0 une amie, une s\u0153ur, une m\u00e8re, une fille, une amoureuse.<\/h6>\n<h6>\u2234<\/h6>\n<h6>DUAFE est l&rsquo;un des symboles Adinkra. Ils sont utilis\u00e9s pour communiquer des messages.<\/h6>\n<h6>Il peuvent repr\u00e9senter un morceau de notre histoire personnelle,\u00a0 ou quelqu&rsquo;un qui nous entoure.<\/h6>\n<h6>\u2234<\/h6>\n<h6><\/h6>\n<h6><\/h6>\n","protected":false},"excerpt":{"rendered":"<ul>\n<li>Vermeil<\/li>\n<li>Poli Miroir<\/li>\n<li>Saphir ancien<\/li>\n<li>Cha\u00eene en argent incluse 40\/45\/50 cm<\/li>\n<li>Fabrication artisanale dans les Landes par la cr\u00e9atrice \u00c9milie Papaye.<\/li>\n<li>\n<div>D\u00e9lais : 4 jours ouvr\u00e9s + d\u00e9lai de La Poste. Si le bijou n&rsquo;est pas en stock,\u00a0 le d\u00e9lai de fabrication est de 3\u00a0 semaines.<\/div>\n<\/li>\n<\/ul>\n","protected":false},"featured_media":2722,"comment_status":"open","ping_status":"closed","template":"","meta":{"_bbp_topic_count":0,"_bbp_reply_count":0,"_bbp_total_topic_count":0,"_bbp_total_reply_count":0,"_bbp_voice_count":0,"_bbp_anonymous_reply_count":0,"_bbp_topic_count_hidden":0,"_bbp_reply_count_hidden":0,"_bbp_forum_subforum_count":0},"product_brand":[],"product_cat":[17,40,37,18,53],"product_tag":[],"class_list":{"0":"post-2721","1":"product","2":"type-product","3":"status-publish","4":"has-post-thumbnail","6":"product_cat-non-classe","7":"product_cat-casa-rosa","8":"product_cat-femme","9":"product_cat-pendentif","10":"product_cat-vermeil","12":"first","13":"instock","14":"taxable","15":"shipping-taxable","16":"purchasable","17":"product-type-simple"},"yoast_head":"<!-- This site is optimized with the Yoast SEO plugin v26.8 - https:\/\/yoast.com\/product\/yoast-seo-wordpress\/ -->\n<title>DUAFE VERMEIL saphir - EMILIE PAPAYE<\/title>\n<meta name=\"robots\" content=\"index, follow, max-snippet:-1, max-image-preview:large, max-video-preview:-1\" \/>\n<link rel=\"canonical\" href=\"https:\/\/emiliepapaye.com\/index.php\/produit\/duafe-vermeil-saphir\/\" \/>\n<meta property=\"og:locale\" content=\"fr_FR\" \/>\n<meta property=\"og:type\" content=\"article\" \/>\n<meta property=\"og:title\" content=\"DUAFE VERMEIL saphir - EMILIE PAPAYE\" \/>\n<meta property=\"og:description\" content=\"Vermeil  Poli Miroir  Saphir ancien  Cha\u00eene en argent incluse 40\/45\/50 cm  Fabrication artisanale dans les Landes par la cr\u00e9atrice \u00c9milie Papaye.   D\u00e9lais : 4 jours ouvr\u00e9s + d\u00e9lai de La Poste. Si le bijou n&#039;est pas en stock,\u00a0 le d\u00e9lai de fabrication est de 3\u00a0 semaines.\" \/>\n<meta property=\"og:url\" content=\"https:\/\/emiliepapaye.com\/index.php\/produit\/duafe-vermeil-saphir\/\" \/>\n<meta property=\"og:site_name\" content=\"EMILIE PAPAYE\" \/>\n<meta property=\"article:modified_time\" content=\"2025-03-18T12:37:09+00:00\" \/>\n<meta property=\"og:image\" content=\"https:\/\/emiliepapaye.com\/wp-content\/uploads\/2022\/07\/DUAFE-VERMEIL-3.jpg\" \/>\n\t<meta property=\"og:image:width\" content=\"683\" \/>\n\t<meta property=\"og:image:height\" content=\"1024\" \/>\n\t<meta property=\"og:image:type\" content=\"image\/jpeg\" \/>\n<meta name=\"twitter:card\" content=\"summary_large_image\" \/>\n<meta name=\"twitter:label1\" content=\"Dur\u00e9e de lecture estim\u00e9e\" \/>\n\t<meta name=\"twitter:data1\" content=\"1 minute\" \/>\n<script type=\"application\/ld+json\" class=\"yoast-schema-graph\">{\"@context\":\"https:\/\/schema.org\",\"@graph\":[{\"@type\":\"WebPage\",\"@id\":\"https:\/\/emiliepapaye.com\/index.php\/produit\/duafe-vermeil-saphir\/\",\"url\":\"https:\/\/emiliepapaye.com\/index.php\/produit\/duafe-vermeil-saphir\/\",\"name\":\"DUAFE VERMEIL saphir - EMILIE PAPAYE\",\"isPartOf\":{\"@id\":\"https:\/\/emiliepapaye.com\/#website\"},\"primaryImageOfPage\":{\"@id\":\"https:\/\/emiliepapaye.com\/index.php\/produit\/duafe-vermeil-saphir\/#primaryimage\"},\"image\":{\"@id\":\"https:\/\/emiliepapaye.com\/index.php\/produit\/duafe-vermeil-saphir\/#primaryimage\"},\"thumbnailUrl\":\"https:\/\/emiliepapaye.com\/wp-content\/uploads\/2022\/07\/DUAFE-VERMEIL-3.jpg\",\"datePublished\":\"2022-07-31T10:12:50+00:00\",\"dateModified\":\"2025-03-18T12:37:09+00:00\",\"breadcrumb\":{\"@id\":\"https:\/\/emiliepapaye.com\/index.php\/produit\/duafe-vermeil-saphir\/#breadcrumb\"},\"inLanguage\":\"fr-FR\",\"potentialAction\":[{\"@type\":\"ReadAction\",\"target\":[\"https:\/\/emiliepapaye.com\/index.php\/produit\/duafe-vermeil-saphir\/\"]}]},{\"@type\":\"ImageObject\",\"inLanguage\":\"fr-FR\",\"@id\":\"https:\/\/emiliepapaye.com\/index.php\/produit\/duafe-vermeil-saphir\/#primaryimage\",\"url\":\"https:\/\/emiliepapaye.com\/wp-content\/uploads\/2022\/07\/DUAFE-VERMEIL-3.jpg\",\"contentUrl\":\"https:\/\/emiliepapaye.com\/wp-content\/uploads\/2022\/07\/DUAFE-VERMEIL-3.jpg\",\"width\":683,\"height\":1024,\"caption\":\"Pendentif peigne afro vermeil et cabochon saphir ancien\"},{\"@type\":\"BreadcrumbList\",\"@id\":\"https:\/\/emiliepapaye.com\/index.php\/produit\/duafe-vermeil-saphir\/#breadcrumb\",\"itemListElement\":[{\"@type\":\"ListItem\",\"position\":1,\"name\":\"Accueil\",\"item\":\"https:\/\/emiliepapaye.com\/\"},{\"@type\":\"ListItem\",\"position\":2,\"name\":\"Boutique\",\"item\":\"https:\/\/emiliepapaye.com\/index.php\/boutique\/\"},{\"@type\":\"ListItem\",\"position\":3,\"name\":\"DUAFE VERMEIL saphir\"}]},{\"@type\":\"WebSite\",\"@id\":\"https:\/\/emiliepapaye.com\/#website\",\"url\":\"https:\/\/emiliepapaye.com\/\",\"name\":\"EMILIE PAPAYE\",\"description\":\"EMILIE PAPAYE\",\"publisher\":{\"@id\":\"https:\/\/emiliepapaye.com\/#organization\"},\"potentialAction\":[{\"@type\":\"SearchAction\",\"target\":{\"@type\":\"EntryPoint\",\"urlTemplate\":\"https:\/\/emiliepapaye.com\/?s={search_term_string}\"},\"query-input\":{\"@type\":\"PropertyValueSpecification\",\"valueRequired\":true,\"valueName\":\"search_term_string\"}}],\"inLanguage\":\"fr-FR\"},{\"@type\":\"Organization\",\"@id\":\"https:\/\/emiliepapaye.com\/#organization\",\"name\":\"EMILIE PAPAYE\",\"url\":\"https:\/\/emiliepapaye.com\/\",\"logo\":{\"@type\":\"ImageObject\",\"inLanguage\":\"fr-FR\",\"@id\":\"https:\/\/emiliepapaye.com\/#\/schema\/logo\/image\/\",\"url\":\"https:\/\/emiliepapaye.com\/wp-content\/uploads\/2024\/01\/cropped-1.png\",\"contentUrl\":\"https:\/\/emiliepapaye.com\/wp-content\/uploads\/2024\/01\/cropped-1.png\",\"width\":6912,\"height\":3456,\"caption\":\"EMILIE PAPAYE\"},\"image\":{\"@id\":\"https:\/\/emiliepapaye.com\/#\/schema\/logo\/image\/\"}}]}<\/script>\n<!-- \/ Yoast SEO plugin. -->","yoast_head_json":{"title":"DUAFE VERMEIL saphir - EMILIE PAPAYE","robots":{"index":"index","follow":"follow","max-snippet":"max-snippet:-1","max-image-preview":"max-image-preview:large","max-video-preview":"max-video-preview:-1"},"canonical":"https:\/\/emiliepapaye.com\/index.php\/produit\/duafe-vermeil-saphir\/","og_locale":"fr_FR","og_type":"article","og_title":"DUAFE VERMEIL saphir - EMILIE PAPAYE","og_description":"Vermeil  Poli Miroir  Saphir ancien  Cha\u00eene en argent incluse 40\/45\/50 cm  Fabrication artisanale dans les Landes par la cr\u00e9atrice \u00c9milie Papaye.   D\u00e9lais : 4 jours ouvr\u00e9s + d\u00e9lai de La Poste. Si le bijou n'est pas en stock,\u00a0 le d\u00e9lai de fabrication est de 3\u00a0 semaines.","og_url":"https:\/\/emiliepapaye.com\/index.php\/produit\/duafe-vermeil-saphir\/","og_site_name":"EMILIE PAPAYE","article_modified_time":"2025-03-18T12:37:09+00:00","og_image":[{"width":683,"height":1024,"url":"https:\/\/emiliepapaye.com\/wp-content\/uploads\/2022\/07\/DUAFE-VERMEIL-3.jpg","type":"image\/jpeg"}],"twitter_card":"summary_large_image","twitter_misc":{"Dur\u00e9e de lecture estim\u00e9e":"1 minute"},"schema":{"@context":"https:\/\/schema.org","@graph":[{"@type":"WebPage","@id":"https:\/\/emiliepapaye.com\/index.php\/produit\/duafe-vermeil-saphir\/","url":"https:\/\/emiliepapaye.com\/index.php\/produit\/duafe-vermeil-saphir\/","name":"DUAFE VERMEIL saphir - EMILIE PAPAYE","isPartOf":{"@id":"https:\/\/emiliepapaye.com\/#website"},"primaryImageOfPage":{"@id":"https:\/\/emiliepapaye.com\/index.php\/produit\/duafe-vermeil-saphir\/#primaryimage"},"image":{"@id":"https:\/\/emiliepapaye.com\/index.php\/produit\/duafe-vermeil-saphir\/#primaryimage"},"thumbnailUrl":"https:\/\/emiliepapaye.com\/wp-content\/uploads\/2022\/07\/DUAFE-VERMEIL-3.jpg","datePublished":"2022-07-31T10:12:50+00:00","dateModified":"2025-03-18T12:37:09+00:00","breadcrumb":{"@id":"https:\/\/emiliepapaye.com\/index.php\/produit\/duafe-vermeil-saphir\/#breadcrumb"},"inLanguage":"fr-FR","potentialAction":[{"@type":"ReadAction","target":["https:\/\/emiliepapaye.com\/index.php\/produit\/duafe-vermeil-saphir\/"]}]},{"@type":"ImageObject","inLanguage":"fr-FR","@id":"https:\/\/emiliepapaye.com\/index.php\/produit\/duafe-vermeil-saphir\/#primaryimage","url":"https:\/\/emiliepapaye.com\/wp-content\/uploads\/2022\/07\/DUAFE-VERMEIL-3.jpg","contentUrl":"https:\/\/emiliepapaye.com\/wp-content\/uploads\/2022\/07\/DUAFE-VERMEIL-3.jpg","width":683,"height":1024,"caption":"Pendentif peigne afro vermeil et cabochon saphir ancien"},{"@type":"BreadcrumbList","@id":"https:\/\/emiliepapaye.com\/index.php\/produit\/duafe-vermeil-saphir\/#breadcrumb","itemListElement":[{"@type":"ListItem","position":1,"name":"Accueil","item":"https:\/\/emiliepapaye.com\/"},{"@type":"ListItem","position":2,"name":"Boutique","item":"https:\/\/emiliepapaye.com\/index.php\/boutique\/"},{"@type":"ListItem","position":3,"name":"DUAFE VERMEIL saphir"}]},{"@type":"WebSite","@id":"https:\/\/emiliepapaye.com\/#website","url":"https:\/\/emiliepapaye.com\/","name":"EMILIE PAPAYE","description":"EMILIE PAPAYE","publisher":{"@id":"https:\/\/emiliepapaye.com\/#organization"},"potentialAction":[{"@type":"SearchAction","target":{"@type":"EntryPoint","urlTemplate":"https:\/\/emiliepapaye.com\/?s={search_term_string}"},"query-input":{"@type":"PropertyValueSpecification","valueRequired":true,"valueName":"search_term_string"}}],"inLanguage":"fr-FR"},{"@type":"Organization","@id":"https:\/\/emiliepapaye.com\/#organization","name":"EMILIE PAPAYE","url":"https:\/\/emiliepapaye.com\/","logo":{"@type":"ImageObject","inLanguage":"fr-FR","@id":"https:\/\/emiliepapaye.com\/#\/schema\/logo\/image\/","url":"https:\/\/emiliepapaye.com\/wp-content\/uploads\/2024\/01\/cropped-1.png","contentUrl":"https:\/\/emiliepapaye.com\/wp-content\/uploads\/2024\/01\/cropped-1.png","width":6912,"height":3456,"caption":"EMILIE PAPAYE"},"image":{"@id":"https:\/\/emiliepapaye.com\/#\/schema\/logo\/image\/"}}]}},"jetpack_sharing_enabled":true,"_links":{"self":[{"href":"https:\/\/emiliepapaye.com\/index.php\/wp-json\/wp\/v2\/product\/2721","targetHints":{"allow":["GET"]}}],"collection":[{"href":"https:\/\/emiliepapaye.com\/index.php\/wp-json\/wp\/v2\/product"}],"about":[{"href":"https:\/\/emiliepapaye.com\/index.php\/wp-json\/wp\/v2\/types\/product"}],"replies":[{"embeddable":true,"href":"https:\/\/emiliepapaye.com\/index.php\/wp-json\/wp\/v2\/comments?post=2721"}],"wp:featuredmedia":[{"embeddable":true,"href":"https:\/\/emiliepapaye.com\/index.php\/wp-json\/wp\/v2\/media\/2722"}],"wp:attachment":[{"href":"https:\/\/emiliepapaye.com\/index.php\/wp-json\/wp\/v2\/media?parent=2721"}],"wp:term":[{"taxonomy":"product_brand","embeddable":true,"href":"https:\/\/emiliepapaye.com\/index.php\/wp-json\/wp\/v2\/product_brand?post=2721"},{"taxonomy":"product_cat","embeddable":true,"href":"https:\/\/emiliepapaye.com\/index.php\/wp-json\/wp\/v2\/product_cat?post=2721"},{"taxonomy":"product_tag","embeddable":true,"href":"https:\/\/emiliepapaye.com\/index.php\/wp-json\/wp\/v2\/product_tag?post=2721"}],"curies":[{"name":"wp","href":"https:\/\/api.w.org\/{rel}","templated":true}]}}