{"id":2940,"date":"2022-09-02T11:33:38","date_gmt":"2022-09-02T09:33:38","guid":{"rendered":"https:\/\/emiliepapaye.com\/?post_type=product&#038;p=2940"},"modified":"2024-03-02T18:29:23","modified_gmt":"2024-03-02T17:29:24","slug":"terraco-vermeil","status":"publish","type":"product","link":"https:\/\/emiliepapaye.com\/index.php\/produit\/terraco-vermeil\/","title":{"rendered":"TERRA\u00c7O VERMEIL"},"content":{"rendered":"<p>Chevali\u00e8re pleine en Vermeil<\/p>\n<p>Sa fabrication n\u00e9cessite un beau travail de forge et de sculpture pour fa\u00e7onner ses escaliers.<\/p>\n<p>Cette chevali\u00e8re m\u00e9lange les classique. Un cot\u00e9 rond, l&rsquo;autre carr\u00e9. Une vraie dualit\u00e9 dans une m\u00eame cr\u00e9ation.<\/p>\n<p>On retrouve les escaliers, tr\u00e8s pr\u00e9sents dans toutes mes collections.<\/p>\n<p>Comme un coucher de soleil sur une terrasse.<\/p>\n<p>*Ce mod\u00e8le existe \u00e9galement tout en argent.<\/p>\n","protected":false},"excerpt":{"rendered":"<ul>\n<li>Bague en Vermeil<\/li>\n<li>Poli Miroir<\/li>\n<li>Fabrication artisanale dans les Landes &#8211; 100% fait main par \u00c9milie Papaye.<\/li>\n<\/ul>\n<p>Photo non contractuelle &#8211; Chaque pi\u00e8ce est unique car faite \u00e0 la main.<\/p>\n","protected":false},"featured_media":2943,"comment_status":"open","ping_status":"closed","template":"","meta":{"_bbp_topic_count":0,"_bbp_reply_count":0,"_bbp_total_topic_count":0,"_bbp_total_reply_count":0,"_bbp_voice_count":0,"_bbp_anonymous_reply_count":0,"_bbp_topic_count_hidden":0,"_bbp_reply_count_hidden":0,"_bbp_forum_subforum_count":0},"product_brand":[],"product_cat":[38,37,35,53],"product_tag":[],"class_list":{"0":"post-2940","1":"product","2":"type-product","3":"status-publish","4":"has-post-thumbnail","6":"product_cat-bague","7":"product_cat-femme","8":"product_cat-homme","9":"product_cat-vermeil","11":"first","12":"instock","13":"taxable","14":"shipping-taxable","15":"purchasable","16":"product-type-simple"},"yoast_head":"<!-- This site is optimized with the Yoast SEO plugin v26.8 - https:\/\/yoast.com\/product\/yoast-seo-wordpress\/ -->\n<title>TERRA\u00c7O VERMEIL - EMILIE PAPAYE<\/title>\n<meta name=\"robots\" content=\"index, follow, max-snippet:-1, max-image-preview:large, max-video-preview:-1\" \/>\n<link rel=\"canonical\" href=\"https:\/\/emiliepapaye.com\/index.php\/produit\/terraco-vermeil\/\" \/>\n<meta property=\"og:locale\" content=\"fr_FR\" \/>\n<meta property=\"og:type\" content=\"article\" \/>\n<meta property=\"og:title\" content=\"TERRA\u00c7O VERMEIL - EMILIE PAPAYE\" \/>\n<meta property=\"og:description\" content=\"Bague en Vermeil  Poli Miroir  Fabrication artisanale dans les Landes - 100% fait main par \u00c9milie Papaye.  Photo non contractuelle - Chaque pi\u00e8ce est unique car faite \u00e0 la main.\" \/>\n<meta property=\"og:url\" content=\"https:\/\/emiliepapaye.com\/index.php\/produit\/terraco-vermeil\/\" \/>\n<meta property=\"og:site_name\" content=\"EMILIE PAPAYE\" \/>\n<meta property=\"article:modified_time\" content=\"2024-03-02T17:29:24+00:00\" \/>\n<meta property=\"og:image\" content=\"https:\/\/emiliepapaye.com\/wp-content\/uploads\/2022\/09\/papaye-2-1-scaled.jpg\" \/>\n\t<meta property=\"og:image:width\" content=\"1707\" \/>\n\t<meta property=\"og:image:height\" content=\"2560\" \/>\n\t<meta property=\"og:image:type\" content=\"image\/jpeg\" \/>\n<meta name=\"twitter:card\" content=\"summary_large_image\" \/>\n<script type=\"application\/ld+json\" class=\"yoast-schema-graph\">{\"@context\":\"https:\/\/schema.org\",\"@graph\":[{\"@type\":\"WebPage\",\"@id\":\"https:\/\/emiliepapaye.com\/index.php\/produit\/terraco-vermeil\/\",\"url\":\"https:\/\/emiliepapaye.com\/index.php\/produit\/terraco-vermeil\/\",\"name\":\"TERRA\u00c7O VERMEIL - EMILIE PAPAYE\",\"isPartOf\":{\"@id\":\"https:\/\/emiliepapaye.com\/#website\"},\"primaryImageOfPage\":{\"@id\":\"https:\/\/emiliepapaye.com\/index.php\/produit\/terraco-vermeil\/#primaryimage\"},\"image\":{\"@id\":\"https:\/\/emiliepapaye.com\/index.php\/produit\/terraco-vermeil\/#primaryimage\"},\"thumbnailUrl\":\"https:\/\/emiliepapaye.com\/wp-content\/uploads\/2022\/09\/papaye-2-1-scaled.jpg\",\"datePublished\":\"2022-09-02T09:33:38+00:00\",\"dateModified\":\"2024-03-02T17:29:24+00:00\",\"breadcrumb\":{\"@id\":\"https:\/\/emiliepapaye.com\/index.php\/produit\/terraco-vermeil\/#breadcrumb\"},\"inLanguage\":\"fr-FR\",\"potentialAction\":[{\"@type\":\"ReadAction\",\"target\":[\"https:\/\/emiliepapaye.com\/index.php\/produit\/terraco-vermeil\/\"]}]},{\"@type\":\"ImageObject\",\"inLanguage\":\"fr-FR\",\"@id\":\"https:\/\/emiliepapaye.com\/index.php\/produit\/terraco-vermeil\/#primaryimage\",\"url\":\"https:\/\/emiliepapaye.com\/wp-content\/uploads\/2022\/09\/papaye-2-1-scaled.jpg\",\"contentUrl\":\"https:\/\/emiliepapaye.com\/wp-content\/uploads\/2022\/09\/papaye-2-1-scaled.jpg\",\"width\":1707,\"height\":2560,\"caption\":\"Chevali\u00e8re Art Deco en vermeil\"},{\"@type\":\"BreadcrumbList\",\"@id\":\"https:\/\/emiliepapaye.com\/index.php\/produit\/terraco-vermeil\/#breadcrumb\",\"itemListElement\":[{\"@type\":\"ListItem\",\"position\":1,\"name\":\"Accueil\",\"item\":\"https:\/\/emiliepapaye.com\/\"},{\"@type\":\"ListItem\",\"position\":2,\"name\":\"Boutique\",\"item\":\"https:\/\/emiliepapaye.com\/index.php\/boutique\/\"},{\"@type\":\"ListItem\",\"position\":3,\"name\":\"TERRA\u00c7O VERMEIL\"}]},{\"@type\":\"WebSite\",\"@id\":\"https:\/\/emiliepapaye.com\/#website\",\"url\":\"https:\/\/emiliepapaye.com\/\",\"name\":\"EMILIE PAPAYE\",\"description\":\"EMILIE PAPAYE\",\"publisher\":{\"@id\":\"https:\/\/emiliepapaye.com\/#organization\"},\"potentialAction\":[{\"@type\":\"SearchAction\",\"target\":{\"@type\":\"EntryPoint\",\"urlTemplate\":\"https:\/\/emiliepapaye.com\/?s={search_term_string}\"},\"query-input\":{\"@type\":\"PropertyValueSpecification\",\"valueRequired\":true,\"valueName\":\"search_term_string\"}}],\"inLanguage\":\"fr-FR\"},{\"@type\":\"Organization\",\"@id\":\"https:\/\/emiliepapaye.com\/#organization\",\"name\":\"EMILIE PAPAYE\",\"url\":\"https:\/\/emiliepapaye.com\/\",\"logo\":{\"@type\":\"ImageObject\",\"inLanguage\":\"fr-FR\",\"@id\":\"https:\/\/emiliepapaye.com\/#\/schema\/logo\/image\/\",\"url\":\"https:\/\/emiliepapaye.com\/wp-content\/uploads\/2024\/01\/cropped-1.png\",\"contentUrl\":\"https:\/\/emiliepapaye.com\/wp-content\/uploads\/2024\/01\/cropped-1.png\",\"width\":6912,\"height\":3456,\"caption\":\"EMILIE PAPAYE\"},\"image\":{\"@id\":\"https:\/\/emiliepapaye.com\/#\/schema\/logo\/image\/\"}}]}<\/script>\n<!-- \/ Yoast SEO plugin. -->","yoast_head_json":{"title":"TERRA\u00c7O VERMEIL - EMILIE PAPAYE","robots":{"index":"index","follow":"follow","max-snippet":"max-snippet:-1","max-image-preview":"max-image-preview:large","max-video-preview":"max-video-preview:-1"},"canonical":"https:\/\/emiliepapaye.com\/index.php\/produit\/terraco-vermeil\/","og_locale":"fr_FR","og_type":"article","og_title":"TERRA\u00c7O VERMEIL - EMILIE PAPAYE","og_description":"Bague en Vermeil  Poli Miroir  Fabrication artisanale dans les Landes - 100% fait main par \u00c9milie Papaye.  Photo non contractuelle - Chaque pi\u00e8ce est unique car faite \u00e0 la main.","og_url":"https:\/\/emiliepapaye.com\/index.php\/produit\/terraco-vermeil\/","og_site_name":"EMILIE PAPAYE","article_modified_time":"2024-03-02T17:29:24+00:00","og_image":[{"width":1707,"height":2560,"url":"https:\/\/emiliepapaye.com\/wp-content\/uploads\/2022\/09\/papaye-2-1-scaled.jpg","type":"image\/jpeg"}],"twitter_card":"summary_large_image","schema":{"@context":"https:\/\/schema.org","@graph":[{"@type":"WebPage","@id":"https:\/\/emiliepapaye.com\/index.php\/produit\/terraco-vermeil\/","url":"https:\/\/emiliepapaye.com\/index.php\/produit\/terraco-vermeil\/","name":"TERRA\u00c7O VERMEIL - EMILIE PAPAYE","isPartOf":{"@id":"https:\/\/emiliepapaye.com\/#website"},"primaryImageOfPage":{"@id":"https:\/\/emiliepapaye.com\/index.php\/produit\/terraco-vermeil\/#primaryimage"},"image":{"@id":"https:\/\/emiliepapaye.com\/index.php\/produit\/terraco-vermeil\/#primaryimage"},"thumbnailUrl":"https:\/\/emiliepapaye.com\/wp-content\/uploads\/2022\/09\/papaye-2-1-scaled.jpg","datePublished":"2022-09-02T09:33:38+00:00","dateModified":"2024-03-02T17:29:24+00:00","breadcrumb":{"@id":"https:\/\/emiliepapaye.com\/index.php\/produit\/terraco-vermeil\/#breadcrumb"},"inLanguage":"fr-FR","potentialAction":[{"@type":"ReadAction","target":["https:\/\/emiliepapaye.com\/index.php\/produit\/terraco-vermeil\/"]}]},{"@type":"ImageObject","inLanguage":"fr-FR","@id":"https:\/\/emiliepapaye.com\/index.php\/produit\/terraco-vermeil\/#primaryimage","url":"https:\/\/emiliepapaye.com\/wp-content\/uploads\/2022\/09\/papaye-2-1-scaled.jpg","contentUrl":"https:\/\/emiliepapaye.com\/wp-content\/uploads\/2022\/09\/papaye-2-1-scaled.jpg","width":1707,"height":2560,"caption":"Chevali\u00e8re Art Deco en vermeil"},{"@type":"BreadcrumbList","@id":"https:\/\/emiliepapaye.com\/index.php\/produit\/terraco-vermeil\/#breadcrumb","itemListElement":[{"@type":"ListItem","position":1,"name":"Accueil","item":"https:\/\/emiliepapaye.com\/"},{"@type":"ListItem","position":2,"name":"Boutique","item":"https:\/\/emiliepapaye.com\/index.php\/boutique\/"},{"@type":"ListItem","position":3,"name":"TERRA\u00c7O VERMEIL"}]},{"@type":"WebSite","@id":"https:\/\/emiliepapaye.com\/#website","url":"https:\/\/emiliepapaye.com\/","name":"EMILIE PAPAYE","description":"EMILIE PAPAYE","publisher":{"@id":"https:\/\/emiliepapaye.com\/#organization"},"potentialAction":[{"@type":"SearchAction","target":{"@type":"EntryPoint","urlTemplate":"https:\/\/emiliepapaye.com\/?s={search_term_string}"},"query-input":{"@type":"PropertyValueSpecification","valueRequired":true,"valueName":"search_term_string"}}],"inLanguage":"fr-FR"},{"@type":"Organization","@id":"https:\/\/emiliepapaye.com\/#organization","name":"EMILIE PAPAYE","url":"https:\/\/emiliepapaye.com\/","logo":{"@type":"ImageObject","inLanguage":"fr-FR","@id":"https:\/\/emiliepapaye.com\/#\/schema\/logo\/image\/","url":"https:\/\/emiliepapaye.com\/wp-content\/uploads\/2024\/01\/cropped-1.png","contentUrl":"https:\/\/emiliepapaye.com\/wp-content\/uploads\/2024\/01\/cropped-1.png","width":6912,"height":3456,"caption":"EMILIE PAPAYE"},"image":{"@id":"https:\/\/emiliepapaye.com\/#\/schema\/logo\/image\/"}}]}},"jetpack_sharing_enabled":true,"_links":{"self":[{"href":"https:\/\/emiliepapaye.com\/index.php\/wp-json\/wp\/v2\/product\/2940","targetHints":{"allow":["GET"]}}],"collection":[{"href":"https:\/\/emiliepapaye.com\/index.php\/wp-json\/wp\/v2\/product"}],"about":[{"href":"https:\/\/emiliepapaye.com\/index.php\/wp-json\/wp\/v2\/types\/product"}],"replies":[{"embeddable":true,"href":"https:\/\/emiliepapaye.com\/index.php\/wp-json\/wp\/v2\/comments?post=2940"}],"wp:featuredmedia":[{"embeddable":true,"href":"https:\/\/emiliepapaye.com\/index.php\/wp-json\/wp\/v2\/media\/2943"}],"wp:attachment":[{"href":"https:\/\/emiliepapaye.com\/index.php\/wp-json\/wp\/v2\/media?parent=2940"}],"wp:term":[{"taxonomy":"product_brand","embeddable":true,"href":"https:\/\/emiliepapaye.com\/index.php\/wp-json\/wp\/v2\/product_brand?post=2940"},{"taxonomy":"product_cat","embeddable":true,"href":"https:\/\/emiliepapaye.com\/index.php\/wp-json\/wp\/v2\/product_cat?post=2940"},{"taxonomy":"product_tag","embeddable":true,"href":"https:\/\/emiliepapaye.com\/index.php\/wp-json\/wp\/v2\/product_tag?post=2940"}],"curies":[{"name":"wp","href":"https:\/\/api.w.org\/{rel}","templated":true}]}}