{"id":4300,"date":"2025-02-14T12:03:33","date_gmt":"2025-02-14T11:03:33","guid":{"rendered":"https:\/\/emiliepapaye.com\/?post_type=product&#038;p=4300"},"modified":"2025-04-24T11:14:24","modified_gmt":"2025-04-24T09:14:24","slug":"magma-3","status":"publish","type":"product","link":"https:\/\/emiliepapaye.com\/index.php\/produit\/magma-3\/","title":{"rendered":"MAGMA"},"content":{"rendered":"<h3 class=\"\" data-start=\"173\" data-end=\"228\"><strong data-start=\"177\" data-end=\"228\">Pendentifs en argent forg\u00e9s dans le feu<\/strong><\/h3>\n<p class=\"\" data-start=\"230\" data-end=\"439\">MAGMA, c\u2019est une collection n\u00e9e de la chaleur, du m\u00e9tal en fusion, du geste instinctif.<br data-start=\"317\" data-end=\"320\" \/>Chaque pendentif est travaill\u00e9 \u00e0 chaud, sculpt\u00e9 \u00e0 la main dans mon atelier, pour faire surgir la mati\u00e8re \u00e0 l\u2019\u00e9tat brut.<\/p>\n<p class=\"\" data-start=\"441\" data-end=\"623\">Les surfaces sont volontairement contrast\u00e9es :<br data-start=\"487\" data-end=\"490\" \/>des zones rugueuses, irr\u00e9guli\u00e8res, comme une cro\u00fbte de lave solidifi\u00e9e,<br data-start=\"561\" data-end=\"564\" \/>et des facettes sculpt\u00e9es, nettes, qui attrapent la lumi\u00e8re.<\/p>\n<p class=\"\" data-start=\"625\" data-end=\"876\">Ce jeu d\u2019oppositions raconte la tension entre force et finesse, entre chaos et ma\u00eetrise.<br data-start=\"713\" data-end=\"716\" \/>Le feu n\u2019est pas que destruction \u2014 il est aussi transformation.<br data-start=\"779\" data-end=\"782\" \/>MAGMA porte cette symbolique : avancer, changer, br\u00fbler ce qui fige pour r\u00e9v\u00e9ler ce qui vibre.<\/p>\n<p class=\"\" data-start=\"878\" data-end=\"947\">Pour celles et ceux qui portent le feu en eux.<\/p>\n<p>PI\u00c8CE UNIQUE<\/p>\n<p>VENDUE<\/p>\n","protected":false},"excerpt":{"rendered":"<ul>\n<li>Pendentif Argent 925<\/li>\n<li>6,3g<\/li>\n<li>Pi\u00e8ce unique<\/li>\n<li>Disponible avec ou sans cha\u00eene &#8211; 60 cm en argent<\/li>\n<li>Fait main par \u00c9milie Papaye.<\/li>\n<\/ul>\n","protected":false},"featured_media":4287,"comment_status":"open","ping_status":"closed","template":"","meta":{"_bbp_topic_count":0,"_bbp_reply_count":0,"_bbp_total_topic_count":0,"_bbp_total_reply_count":0,"_bbp_voice_count":0,"_bbp_anonymous_reply_count":0,"_bbp_topic_count_hidden":0,"_bbp_reply_count_hidden":0,"_bbp_forum_subforum_count":0},"product_brand":[],"product_cat":[49,35,18],"product_tag":[],"class_list":{"0":"post-4300","1":"product","2":"type-product","3":"status-publish","4":"has-post-thumbnail","6":"product_cat-argent","7":"product_cat-homme","8":"product_cat-pendentif","10":"first","11":"outofstock","12":"taxable","13":"shipping-taxable","14":"purchasable","15":"product-type-variable"},"yoast_head":"<!-- This site is optimized with the Yoast SEO plugin v26.8 - https:\/\/yoast.com\/product\/yoast-seo-wordpress\/ -->\n<title>MAGMA - EMILIE PAPAYE<\/title>\n<meta name=\"robots\" content=\"index, follow, max-snippet:-1, max-image-preview:large, max-video-preview:-1\" \/>\n<link rel=\"canonical\" href=\"https:\/\/emiliepapaye.com\/index.php\/produit\/magma-3\/\" \/>\n<meta property=\"og:locale\" content=\"fr_FR\" \/>\n<meta property=\"og:type\" content=\"article\" \/>\n<meta property=\"og:title\" content=\"MAGMA - EMILIE PAPAYE\" \/>\n<meta property=\"og:description\" content=\"Pendentif Argent 925  6,3g  Pi\u00e8ce unique  Disponible avec ou sans cha\u00eene - 60 cm en argent  Fait main par \u00c9milie Papaye.\" \/>\n<meta property=\"og:url\" content=\"https:\/\/emiliepapaye.com\/index.php\/produit\/magma-3\/\" \/>\n<meta property=\"og:site_name\" content=\"EMILIE PAPAYE\" \/>\n<meta property=\"article:modified_time\" content=\"2025-04-24T09:14:24+00:00\" \/>\n<meta property=\"og:image\" content=\"https:\/\/emiliepapaye.com\/wp-content\/uploads\/2025\/02\/pendentifroche_4476-scaled.jpg\" \/>\n\t<meta property=\"og:image:width\" content=\"1707\" \/>\n\t<meta property=\"og:image:height\" content=\"2560\" \/>\n\t<meta property=\"og:image:type\" content=\"image\/jpeg\" \/>\n<meta name=\"twitter:card\" content=\"summary_large_image\" \/>\n<meta name=\"twitter:label1\" content=\"Dur\u00e9e de lecture estim\u00e9e\" \/>\n\t<meta name=\"twitter:data1\" content=\"1 minute\" \/>\n<script type=\"application\/ld+json\" class=\"yoast-schema-graph\">{\"@context\":\"https:\/\/schema.org\",\"@graph\":[{\"@type\":\"WebPage\",\"@id\":\"https:\/\/emiliepapaye.com\/index.php\/produit\/magma-3\/\",\"url\":\"https:\/\/emiliepapaye.com\/index.php\/produit\/magma-3\/\",\"name\":\"MAGMA - EMILIE PAPAYE\",\"isPartOf\":{\"@id\":\"https:\/\/emiliepapaye.com\/#website\"},\"primaryImageOfPage\":{\"@id\":\"https:\/\/emiliepapaye.com\/index.php\/produit\/magma-3\/#primaryimage\"},\"image\":{\"@id\":\"https:\/\/emiliepapaye.com\/index.php\/produit\/magma-3\/#primaryimage\"},\"thumbnailUrl\":\"https:\/\/emiliepapaye.com\/wp-content\/uploads\/2025\/02\/pendentifroche_4476-scaled.jpg\",\"datePublished\":\"2025-02-14T11:03:33+00:00\",\"dateModified\":\"2025-04-24T09:14:24+00:00\",\"breadcrumb\":{\"@id\":\"https:\/\/emiliepapaye.com\/index.php\/produit\/magma-3\/#breadcrumb\"},\"inLanguage\":\"fr-FR\",\"potentialAction\":[{\"@type\":\"ReadAction\",\"target\":[\"https:\/\/emiliepapaye.com\/index.php\/produit\/magma-3\/\"]}]},{\"@type\":\"ImageObject\",\"inLanguage\":\"fr-FR\",\"@id\":\"https:\/\/emiliepapaye.com\/index.php\/produit\/magma-3\/#primaryimage\",\"url\":\"https:\/\/emiliepapaye.com\/wp-content\/uploads\/2025\/02\/pendentifroche_4476-scaled.jpg\",\"contentUrl\":\"https:\/\/emiliepapaye.com\/wp-content\/uploads\/2025\/02\/pendentifroche_4476-scaled.jpg\",\"width\":1707,\"height\":2560},{\"@type\":\"BreadcrumbList\",\"@id\":\"https:\/\/emiliepapaye.com\/index.php\/produit\/magma-3\/#breadcrumb\",\"itemListElement\":[{\"@type\":\"ListItem\",\"position\":1,\"name\":\"Accueil\",\"item\":\"https:\/\/emiliepapaye.com\/\"},{\"@type\":\"ListItem\",\"position\":2,\"name\":\"Boutique\",\"item\":\"https:\/\/emiliepapaye.com\/index.php\/boutique\/\"},{\"@type\":\"ListItem\",\"position\":3,\"name\":\"MAGMA\"}]},{\"@type\":\"WebSite\",\"@id\":\"https:\/\/emiliepapaye.com\/#website\",\"url\":\"https:\/\/emiliepapaye.com\/\",\"name\":\"EMILIE PAPAYE\",\"description\":\"EMILIE PAPAYE\",\"publisher\":{\"@id\":\"https:\/\/emiliepapaye.com\/#organization\"},\"potentialAction\":[{\"@type\":\"SearchAction\",\"target\":{\"@type\":\"EntryPoint\",\"urlTemplate\":\"https:\/\/emiliepapaye.com\/?s={search_term_string}\"},\"query-input\":{\"@type\":\"PropertyValueSpecification\",\"valueRequired\":true,\"valueName\":\"search_term_string\"}}],\"inLanguage\":\"fr-FR\"},{\"@type\":\"Organization\",\"@id\":\"https:\/\/emiliepapaye.com\/#organization\",\"name\":\"EMILIE PAPAYE\",\"url\":\"https:\/\/emiliepapaye.com\/\",\"logo\":{\"@type\":\"ImageObject\",\"inLanguage\":\"fr-FR\",\"@id\":\"https:\/\/emiliepapaye.com\/#\/schema\/logo\/image\/\",\"url\":\"https:\/\/emiliepapaye.com\/wp-content\/uploads\/2024\/01\/cropped-1.png\",\"contentUrl\":\"https:\/\/emiliepapaye.com\/wp-content\/uploads\/2024\/01\/cropped-1.png\",\"width\":6912,\"height\":3456,\"caption\":\"EMILIE PAPAYE\"},\"image\":{\"@id\":\"https:\/\/emiliepapaye.com\/#\/schema\/logo\/image\/\"}}]}<\/script>\n<!-- \/ Yoast SEO plugin. -->","yoast_head_json":{"title":"MAGMA - EMILIE PAPAYE","robots":{"index":"index","follow":"follow","max-snippet":"max-snippet:-1","max-image-preview":"max-image-preview:large","max-video-preview":"max-video-preview:-1"},"canonical":"https:\/\/emiliepapaye.com\/index.php\/produit\/magma-3\/","og_locale":"fr_FR","og_type":"article","og_title":"MAGMA - EMILIE PAPAYE","og_description":"Pendentif Argent 925  6,3g  Pi\u00e8ce unique  Disponible avec ou sans cha\u00eene - 60 cm en argent  Fait main par \u00c9milie Papaye.","og_url":"https:\/\/emiliepapaye.com\/index.php\/produit\/magma-3\/","og_site_name":"EMILIE PAPAYE","article_modified_time":"2025-04-24T09:14:24+00:00","og_image":[{"width":1707,"height":2560,"url":"https:\/\/emiliepapaye.com\/wp-content\/uploads\/2025\/02\/pendentifroche_4476-scaled.jpg","type":"image\/jpeg"}],"twitter_card":"summary_large_image","twitter_misc":{"Dur\u00e9e de lecture estim\u00e9e":"1 minute"},"schema":{"@context":"https:\/\/schema.org","@graph":[{"@type":"WebPage","@id":"https:\/\/emiliepapaye.com\/index.php\/produit\/magma-3\/","url":"https:\/\/emiliepapaye.com\/index.php\/produit\/magma-3\/","name":"MAGMA - EMILIE PAPAYE","isPartOf":{"@id":"https:\/\/emiliepapaye.com\/#website"},"primaryImageOfPage":{"@id":"https:\/\/emiliepapaye.com\/index.php\/produit\/magma-3\/#primaryimage"},"image":{"@id":"https:\/\/emiliepapaye.com\/index.php\/produit\/magma-3\/#primaryimage"},"thumbnailUrl":"https:\/\/emiliepapaye.com\/wp-content\/uploads\/2025\/02\/pendentifroche_4476-scaled.jpg","datePublished":"2025-02-14T11:03:33+00:00","dateModified":"2025-04-24T09:14:24+00:00","breadcrumb":{"@id":"https:\/\/emiliepapaye.com\/index.php\/produit\/magma-3\/#breadcrumb"},"inLanguage":"fr-FR","potentialAction":[{"@type":"ReadAction","target":["https:\/\/emiliepapaye.com\/index.php\/produit\/magma-3\/"]}]},{"@type":"ImageObject","inLanguage":"fr-FR","@id":"https:\/\/emiliepapaye.com\/index.php\/produit\/magma-3\/#primaryimage","url":"https:\/\/emiliepapaye.com\/wp-content\/uploads\/2025\/02\/pendentifroche_4476-scaled.jpg","contentUrl":"https:\/\/emiliepapaye.com\/wp-content\/uploads\/2025\/02\/pendentifroche_4476-scaled.jpg","width":1707,"height":2560},{"@type":"BreadcrumbList","@id":"https:\/\/emiliepapaye.com\/index.php\/produit\/magma-3\/#breadcrumb","itemListElement":[{"@type":"ListItem","position":1,"name":"Accueil","item":"https:\/\/emiliepapaye.com\/"},{"@type":"ListItem","position":2,"name":"Boutique","item":"https:\/\/emiliepapaye.com\/index.php\/boutique\/"},{"@type":"ListItem","position":3,"name":"MAGMA"}]},{"@type":"WebSite","@id":"https:\/\/emiliepapaye.com\/#website","url":"https:\/\/emiliepapaye.com\/","name":"EMILIE PAPAYE","description":"EMILIE PAPAYE","publisher":{"@id":"https:\/\/emiliepapaye.com\/#organization"},"potentialAction":[{"@type":"SearchAction","target":{"@type":"EntryPoint","urlTemplate":"https:\/\/emiliepapaye.com\/?s={search_term_string}"},"query-input":{"@type":"PropertyValueSpecification","valueRequired":true,"valueName":"search_term_string"}}],"inLanguage":"fr-FR"},{"@type":"Organization","@id":"https:\/\/emiliepapaye.com\/#organization","name":"EMILIE PAPAYE","url":"https:\/\/emiliepapaye.com\/","logo":{"@type":"ImageObject","inLanguage":"fr-FR","@id":"https:\/\/emiliepapaye.com\/#\/schema\/logo\/image\/","url":"https:\/\/emiliepapaye.com\/wp-content\/uploads\/2024\/01\/cropped-1.png","contentUrl":"https:\/\/emiliepapaye.com\/wp-content\/uploads\/2024\/01\/cropped-1.png","width":6912,"height":3456,"caption":"EMILIE PAPAYE"},"image":{"@id":"https:\/\/emiliepapaye.com\/#\/schema\/logo\/image\/"}}]}},"jetpack_sharing_enabled":true,"_links":{"self":[{"href":"https:\/\/emiliepapaye.com\/index.php\/wp-json\/wp\/v2\/product\/4300","targetHints":{"allow":["GET"]}}],"collection":[{"href":"https:\/\/emiliepapaye.com\/index.php\/wp-json\/wp\/v2\/product"}],"about":[{"href":"https:\/\/emiliepapaye.com\/index.php\/wp-json\/wp\/v2\/types\/product"}],"replies":[{"embeddable":true,"href":"https:\/\/emiliepapaye.com\/index.php\/wp-json\/wp\/v2\/comments?post=4300"}],"wp:featuredmedia":[{"embeddable":true,"href":"https:\/\/emiliepapaye.com\/index.php\/wp-json\/wp\/v2\/media\/4287"}],"wp:attachment":[{"href":"https:\/\/emiliepapaye.com\/index.php\/wp-json\/wp\/v2\/media?parent=4300"}],"wp:term":[{"taxonomy":"product_brand","embeddable":true,"href":"https:\/\/emiliepapaye.com\/index.php\/wp-json\/wp\/v2\/product_brand?post=4300"},{"taxonomy":"product_cat","embeddable":true,"href":"https:\/\/emiliepapaye.com\/index.php\/wp-json\/wp\/v2\/product_cat?post=4300"},{"taxonomy":"product_tag","embeddable":true,"href":"https:\/\/emiliepapaye.com\/index.php\/wp-json\/wp\/v2\/product_tag?post=4300"}],"curies":[{"name":"wp","href":"https:\/\/api.w.org\/{rel}","templated":true}]}}