{"id":4325,"date":"2025-04-07T10:52:30","date_gmt":"2025-04-07T08:52:30","guid":{"rendered":"https:\/\/emiliepapaye.com\/?post_type=product&#038;p=4325"},"modified":"2025-12-16T15:46:52","modified_gmt":"2025-12-16T14:46:52","slug":"kma-3","status":"publish","type":"product","link":"https:\/\/emiliepapaye.com\/index.php\/produit\/kma-3\/","title":{"rendered":"L&rsquo;Amour aux Fesses"},"content":{"rendered":"<p>\u2764\ufe0f\u200d\ud83d\udd25 L\u2019Amour aux fesses<br \/>\nPas besoin de mi\u00e8vrerie quand on a du culot.<\/p>\n<p>Ce c\u0153ur-l\u00e0 a des fesses. Et il s\u2019en fout.<\/p>\n<p>Entre ic\u00f4ne tradi et clin d\u2019\u0153il insolent, ce pendentif taille l\u2019amour \u00e0 la dure :\u2028 cru, dr\u00f4le, frontal.<br \/>\nFait main. Comme une claque.<\/p>\n<p>A porter avec amour\u2026 ou avec rage.<\/p>\n","protected":false},"excerpt":{"rendered":"<ul>\n<li>Pendentif C\u0153ur &#8211; Cul \/\/ Plaqu\u00e9 Or ou Laiton<\/li>\n<li>Livr\u00e9 avec sa cha\u00eene<\/li>\n<li>Texture poli miroir<\/li>\n<li>Fabrication artisanale dans les Landes \u2013 100% fait main par la cr\u00e9atrice \u00c9milie Papaye.<\/li>\n<li><strong>D\u00c9LAI DE LIVRAISON &#8211; 4 SEMAINES<\/strong><\/li>\n<\/ul>\n","protected":false},"featured_media":4333,"comment_status":"open","ping_status":"closed","template":"","meta":{"_bbp_topic_count":0,"_bbp_reply_count":0,"_bbp_total_topic_count":0,"_bbp_total_reply_count":0,"_bbp_voice_count":0,"_bbp_anonymous_reply_count":0,"_bbp_topic_count_hidden":0,"_bbp_reply_count_hidden":0,"_bbp_forum_subforum_count":0},"product_brand":[],"product_cat":[68,18,60],"product_tag":[],"class_list":{"0":"post-4325","1":"product","2":"type-product","3":"status-publish","4":"has-post-thumbnail","6":"product_cat-kma","7":"product_cat-pendentif","8":"product_cat-plaque-or","10":"first","11":"instock","12":"taxable","13":"shipping-taxable","14":"purchasable","15":"product-type-variable"},"yoast_head":"<!-- This site is optimized with the Yoast SEO plugin v26.8 - https:\/\/yoast.com\/product\/yoast-seo-wordpress\/ -->\n<title>L&#039;Amour aux Fesses - EMILIE PAPAYE<\/title>\n<meta name=\"description\" content=\"Pendentif &#039;L&#039;Amour aux Fesses&#039; \u2013 Une cr\u00e9ation audacieuse et sensuelle plaqu\u00e9 or m\u00ealant humour, amour et symbolique dans un bijou unique et artisanal.\" \/>\n<meta name=\"robots\" content=\"index, follow, max-snippet:-1, max-image-preview:large, max-video-preview:-1\" \/>\n<link rel=\"canonical\" href=\"https:\/\/emiliepapaye.com\/index.php\/produit\/kma-3\/\" \/>\n<meta property=\"og:locale\" content=\"fr_FR\" \/>\n<meta property=\"og:type\" content=\"article\" \/>\n<meta property=\"og:title\" content=\"L&#039;Amour aux Fesses - EMILIE PAPAYE\" \/>\n<meta property=\"og:description\" content=\"Pendentif &#039;L&#039;Amour aux Fesses&#039; \u2013 Une cr\u00e9ation audacieuse et sensuelle plaqu\u00e9 or m\u00ealant humour, amour et symbolique dans un bijou unique et artisanal.\" \/>\n<meta property=\"og:url\" content=\"https:\/\/emiliepapaye.com\/index.php\/produit\/kma-3\/\" \/>\n<meta property=\"og:site_name\" content=\"EMILIE PAPAYE\" \/>\n<meta property=\"article:modified_time\" content=\"2025-12-16T14:46:52+00:00\" \/>\n<meta property=\"og:image\" content=\"https:\/\/emiliepapaye.com\/wp-content\/uploads\/2025\/04\/kmaelisa-11-scaled.jpg\" \/>\n\t<meta property=\"og:image:width\" content=\"1707\" \/>\n\t<meta property=\"og:image:height\" content=\"2560\" \/>\n\t<meta property=\"og:image:type\" content=\"image\/jpeg\" \/>\n<meta name=\"twitter:card\" content=\"summary_large_image\" \/>\n<meta name=\"twitter:label1\" content=\"Dur\u00e9e de lecture estim\u00e9e\" \/>\n\t<meta name=\"twitter:data1\" content=\"1 minute\" \/>\n<script type=\"application\/ld+json\" class=\"yoast-schema-graph\">{\"@context\":\"https:\/\/schema.org\",\"@graph\":[{\"@type\":\"WebPage\",\"@id\":\"https:\/\/emiliepapaye.com\/index.php\/produit\/kma-3\/\",\"url\":\"https:\/\/emiliepapaye.com\/index.php\/produit\/kma-3\/\",\"name\":\"L'Amour aux Fesses - EMILIE PAPAYE\",\"isPartOf\":{\"@id\":\"https:\/\/emiliepapaye.com\/#website\"},\"primaryImageOfPage\":{\"@id\":\"https:\/\/emiliepapaye.com\/index.php\/produit\/kma-3\/#primaryimage\"},\"image\":{\"@id\":\"https:\/\/emiliepapaye.com\/index.php\/produit\/kma-3\/#primaryimage\"},\"thumbnailUrl\":\"https:\/\/emiliepapaye.com\/wp-content\/uploads\/2025\/04\/kmaelisa-11-scaled.jpg\",\"datePublished\":\"2025-04-07T08:52:30+00:00\",\"dateModified\":\"2025-12-16T14:46:52+00:00\",\"description\":\"Pendentif 'L'Amour aux Fesses' \u2013 Une cr\u00e9ation audacieuse et sensuelle plaqu\u00e9 or m\u00ealant humour, amour et symbolique dans un bijou unique et artisanal.\",\"breadcrumb\":{\"@id\":\"https:\/\/emiliepapaye.com\/index.php\/produit\/kma-3\/#breadcrumb\"},\"inLanguage\":\"fr-FR\",\"potentialAction\":[{\"@type\":\"ReadAction\",\"target\":[\"https:\/\/emiliepapaye.com\/index.php\/produit\/kma-3\/\"]}]},{\"@type\":\"ImageObject\",\"inLanguage\":\"fr-FR\",\"@id\":\"https:\/\/emiliepapaye.com\/index.php\/produit\/kma-3\/#primaryimage\",\"url\":\"https:\/\/emiliepapaye.com\/wp-content\/uploads\/2025\/04\/kmaelisa-11-scaled.jpg\",\"contentUrl\":\"https:\/\/emiliepapaye.com\/wp-content\/uploads\/2025\/04\/kmaelisa-11-scaled.jpg\",\"width\":1707,\"height\":2560},{\"@type\":\"BreadcrumbList\",\"@id\":\"https:\/\/emiliepapaye.com\/index.php\/produit\/kma-3\/#breadcrumb\",\"itemListElement\":[{\"@type\":\"ListItem\",\"position\":1,\"name\":\"Accueil\",\"item\":\"https:\/\/emiliepapaye.com\/\"},{\"@type\":\"ListItem\",\"position\":2,\"name\":\"Boutique\",\"item\":\"https:\/\/emiliepapaye.com\/index.php\/boutique\/\"},{\"@type\":\"ListItem\",\"position\":3,\"name\":\"L&rsquo;Amour aux Fesses\"}]},{\"@type\":\"WebSite\",\"@id\":\"https:\/\/emiliepapaye.com\/#website\",\"url\":\"https:\/\/emiliepapaye.com\/\",\"name\":\"EMILIE PAPAYE\",\"description\":\"EMILIE PAPAYE\",\"publisher\":{\"@id\":\"https:\/\/emiliepapaye.com\/#organization\"},\"potentialAction\":[{\"@type\":\"SearchAction\",\"target\":{\"@type\":\"EntryPoint\",\"urlTemplate\":\"https:\/\/emiliepapaye.com\/?s={search_term_string}\"},\"query-input\":{\"@type\":\"PropertyValueSpecification\",\"valueRequired\":true,\"valueName\":\"search_term_string\"}}],\"inLanguage\":\"fr-FR\"},{\"@type\":\"Organization\",\"@id\":\"https:\/\/emiliepapaye.com\/#organization\",\"name\":\"EMILIE PAPAYE\",\"url\":\"https:\/\/emiliepapaye.com\/\",\"logo\":{\"@type\":\"ImageObject\",\"inLanguage\":\"fr-FR\",\"@id\":\"https:\/\/emiliepapaye.com\/#\/schema\/logo\/image\/\",\"url\":\"https:\/\/emiliepapaye.com\/wp-content\/uploads\/2024\/01\/cropped-1.png\",\"contentUrl\":\"https:\/\/emiliepapaye.com\/wp-content\/uploads\/2024\/01\/cropped-1.png\",\"width\":6912,\"height\":3456,\"caption\":\"EMILIE PAPAYE\"},\"image\":{\"@id\":\"https:\/\/emiliepapaye.com\/#\/schema\/logo\/image\/\"}}]}<\/script>\n<!-- \/ Yoast SEO plugin. -->","yoast_head_json":{"title":"L'Amour aux Fesses - EMILIE PAPAYE","description":"Pendentif 'L'Amour aux Fesses' \u2013 Une cr\u00e9ation audacieuse et sensuelle plaqu\u00e9 or m\u00ealant humour, amour et symbolique dans un bijou unique et artisanal.","robots":{"index":"index","follow":"follow","max-snippet":"max-snippet:-1","max-image-preview":"max-image-preview:large","max-video-preview":"max-video-preview:-1"},"canonical":"https:\/\/emiliepapaye.com\/index.php\/produit\/kma-3\/","og_locale":"fr_FR","og_type":"article","og_title":"L'Amour aux Fesses - EMILIE PAPAYE","og_description":"Pendentif 'L'Amour aux Fesses' \u2013 Une cr\u00e9ation audacieuse et sensuelle plaqu\u00e9 or m\u00ealant humour, amour et symbolique dans un bijou unique et artisanal.","og_url":"https:\/\/emiliepapaye.com\/index.php\/produit\/kma-3\/","og_site_name":"EMILIE PAPAYE","article_modified_time":"2025-12-16T14:46:52+00:00","og_image":[{"width":1707,"height":2560,"url":"https:\/\/emiliepapaye.com\/wp-content\/uploads\/2025\/04\/kmaelisa-11-scaled.jpg","type":"image\/jpeg"}],"twitter_card":"summary_large_image","twitter_misc":{"Dur\u00e9e de lecture estim\u00e9e":"1 minute"},"schema":{"@context":"https:\/\/schema.org","@graph":[{"@type":"WebPage","@id":"https:\/\/emiliepapaye.com\/index.php\/produit\/kma-3\/","url":"https:\/\/emiliepapaye.com\/index.php\/produit\/kma-3\/","name":"L'Amour aux Fesses - EMILIE PAPAYE","isPartOf":{"@id":"https:\/\/emiliepapaye.com\/#website"},"primaryImageOfPage":{"@id":"https:\/\/emiliepapaye.com\/index.php\/produit\/kma-3\/#primaryimage"},"image":{"@id":"https:\/\/emiliepapaye.com\/index.php\/produit\/kma-3\/#primaryimage"},"thumbnailUrl":"https:\/\/emiliepapaye.com\/wp-content\/uploads\/2025\/04\/kmaelisa-11-scaled.jpg","datePublished":"2025-04-07T08:52:30+00:00","dateModified":"2025-12-16T14:46:52+00:00","description":"Pendentif 'L'Amour aux Fesses' \u2013 Une cr\u00e9ation audacieuse et sensuelle plaqu\u00e9 or m\u00ealant humour, amour et symbolique dans un bijou unique et artisanal.","breadcrumb":{"@id":"https:\/\/emiliepapaye.com\/index.php\/produit\/kma-3\/#breadcrumb"},"inLanguage":"fr-FR","potentialAction":[{"@type":"ReadAction","target":["https:\/\/emiliepapaye.com\/index.php\/produit\/kma-3\/"]}]},{"@type":"ImageObject","inLanguage":"fr-FR","@id":"https:\/\/emiliepapaye.com\/index.php\/produit\/kma-3\/#primaryimage","url":"https:\/\/emiliepapaye.com\/wp-content\/uploads\/2025\/04\/kmaelisa-11-scaled.jpg","contentUrl":"https:\/\/emiliepapaye.com\/wp-content\/uploads\/2025\/04\/kmaelisa-11-scaled.jpg","width":1707,"height":2560},{"@type":"BreadcrumbList","@id":"https:\/\/emiliepapaye.com\/index.php\/produit\/kma-3\/#breadcrumb","itemListElement":[{"@type":"ListItem","position":1,"name":"Accueil","item":"https:\/\/emiliepapaye.com\/"},{"@type":"ListItem","position":2,"name":"Boutique","item":"https:\/\/emiliepapaye.com\/index.php\/boutique\/"},{"@type":"ListItem","position":3,"name":"L&rsquo;Amour aux Fesses"}]},{"@type":"WebSite","@id":"https:\/\/emiliepapaye.com\/#website","url":"https:\/\/emiliepapaye.com\/","name":"EMILIE PAPAYE","description":"EMILIE PAPAYE","publisher":{"@id":"https:\/\/emiliepapaye.com\/#organization"},"potentialAction":[{"@type":"SearchAction","target":{"@type":"EntryPoint","urlTemplate":"https:\/\/emiliepapaye.com\/?s={search_term_string}"},"query-input":{"@type":"PropertyValueSpecification","valueRequired":true,"valueName":"search_term_string"}}],"inLanguage":"fr-FR"},{"@type":"Organization","@id":"https:\/\/emiliepapaye.com\/#organization","name":"EMILIE PAPAYE","url":"https:\/\/emiliepapaye.com\/","logo":{"@type":"ImageObject","inLanguage":"fr-FR","@id":"https:\/\/emiliepapaye.com\/#\/schema\/logo\/image\/","url":"https:\/\/emiliepapaye.com\/wp-content\/uploads\/2024\/01\/cropped-1.png","contentUrl":"https:\/\/emiliepapaye.com\/wp-content\/uploads\/2024\/01\/cropped-1.png","width":6912,"height":3456,"caption":"EMILIE PAPAYE"},"image":{"@id":"https:\/\/emiliepapaye.com\/#\/schema\/logo\/image\/"}}]}},"jetpack_sharing_enabled":true,"_links":{"self":[{"href":"https:\/\/emiliepapaye.com\/index.php\/wp-json\/wp\/v2\/product\/4325","targetHints":{"allow":["GET"]}}],"collection":[{"href":"https:\/\/emiliepapaye.com\/index.php\/wp-json\/wp\/v2\/product"}],"about":[{"href":"https:\/\/emiliepapaye.com\/index.php\/wp-json\/wp\/v2\/types\/product"}],"replies":[{"embeddable":true,"href":"https:\/\/emiliepapaye.com\/index.php\/wp-json\/wp\/v2\/comments?post=4325"}],"wp:featuredmedia":[{"embeddable":true,"href":"https:\/\/emiliepapaye.com\/index.php\/wp-json\/wp\/v2\/media\/4333"}],"wp:attachment":[{"href":"https:\/\/emiliepapaye.com\/index.php\/wp-json\/wp\/v2\/media?parent=4325"}],"wp:term":[{"taxonomy":"product_brand","embeddable":true,"href":"https:\/\/emiliepapaye.com\/index.php\/wp-json\/wp\/v2\/product_brand?post=4325"},{"taxonomy":"product_cat","embeddable":true,"href":"https:\/\/emiliepapaye.com\/index.php\/wp-json\/wp\/v2\/product_cat?post=4325"},{"taxonomy":"product_tag","embeddable":true,"href":"https:\/\/emiliepapaye.com\/index.php\/wp-json\/wp\/v2\/product_tag?post=4325"}],"curies":[{"name":"wp","href":"https:\/\/api.w.org\/{rel}","templated":true}]}}