{"id":4342,"date":"2025-04-11T14:05:51","date_gmt":"2025-04-11T12:05:51","guid":{"rendered":"https:\/\/emiliepapaye.com\/?post_type=product&#038;p=4342"},"modified":"2025-04-24T10:52:52","modified_gmt":"2025-04-24T08:52:52","slug":"duafe-solar","status":"publish","type":"product","link":"https:\/\/emiliepapaye.com\/index.php\/produit\/duafe-solar\/","title":{"rendered":"DUAFE SOLAR"},"content":{"rendered":"<h3 class=\"\" data-start=\"126\" data-end=\"195\"><strong data-start=\"130\" data-end=\"195\">Pendentif Duafe &amp; Soleil \u2014 Bijou talisman en laiton fait main<\/strong><\/h3>\n<p class=\"\" data-start=\"197\" data-end=\"442\">Ce pendentif en laiton, fa\u00e7onn\u00e9 \u00e0 la main dans mon atelier nich\u00e9 au c\u0153ur des Landes, unit deux symboles puissants : le <em data-start=\"316\" data-end=\"323\">Duafe<\/em> et le <em data-start=\"330\" data-end=\"338\">Soleil<\/em>. Port\u00e9 sur une cha\u00eene assortie, il est bien plus qu\u2019un simple bijou \u2013 c\u2019est un talisman charg\u00e9 de sens.<\/p>\n<p class=\"\" data-start=\"444\" data-end=\"703\"><strong data-start=\"444\" data-end=\"456\">Le Duafe<\/strong>, symbole issu de la tradition Adinkra, incarne la f\u00e9minit\u00e9, le soin de soi, la douceur et l\u2019amour. C\u2019est un appel \u00e0 prendre soin de son corps, de son esprit et de son environnement, dans un geste d\u2019harmonie avec soi-m\u00eame et avec le monde.<\/p>\n<p class=\"\" data-start=\"705\" data-end=\"942\"><strong data-start=\"705\" data-end=\"718\">Le Soleil<\/strong>, rayonne de vitalit\u00e9, de clart\u00e9 et d\u2019\u00e9nergie. Il \u00e9voque la lumi\u00e8re int\u00e9rieure, la force cr\u00e9atrice et la chaleur du vivant. Associ\u00e9 au cycle de la vie, il rappelle l\u2019importance de se renouveler, jour apr\u00e8s jour.<\/p>\n<p class=\"\" data-start=\"944\" data-end=\"1116\">Ensemble, ces symboles forment un \u00e9quilibre entre \u00e9nergie solaire et douceur int\u00e9rieure \u2014 un talisman pour celles et ceux qui avancent avec lumi\u00e8re, force et bienveillance.<\/p>\n<p class=\"\" data-start=\"1118\" data-end=\"1278\">Chaque pi\u00e8ce est unique, empreinte de l\u2019\u00e2me du lieu o\u00f9 elle est n\u00e9e, et con\u00e7ue avec l\u2019intention de t\u2019accompagner au quotidien comme un bijou de sens et de c\u0153ur.<\/p>\n","protected":false},"excerpt":{"rendered":"<ul>\n<li>Pendentif<\/li>\n<li>Vendue avec sa cha\u00eene<\/li>\n<li>Laiton<\/li>\n<li>100% fait main dans mon atelier Landais<\/li>\n<\/ul>\n","protected":false},"featured_media":4343,"comment_status":"open","ping_status":"closed","template":"","meta":{"_bbp_topic_count":0,"_bbp_reply_count":0,"_bbp_total_topic_count":0,"_bbp_total_reply_count":0,"_bbp_voice_count":0,"_bbp_anonymous_reply_count":0,"_bbp_topic_count_hidden":0,"_bbp_reply_count_hidden":0,"_bbp_forum_subforum_count":0},"product_brand":[],"product_cat":[37,67,18],"product_tag":[],"class_list":{"0":"post-4342","1":"product","2":"type-product","3":"status-publish","4":"has-post-thumbnail","6":"product_cat-femme","7":"product_cat-laiton","8":"product_cat-pendentif","10":"first","11":"instock","12":"taxable","13":"shipping-taxable","14":"purchasable","15":"product-type-simple"},"yoast_head":"<!-- This site is optimized with the Yoast SEO plugin v26.8 - https:\/\/yoast.com\/product\/yoast-seo-wordpress\/ -->\n<title>DUAFE SOLAR - EMILIE PAPAYE<\/title>\n<meta name=\"robots\" content=\"index, follow, max-snippet:-1, max-image-preview:large, max-video-preview:-1\" \/>\n<link rel=\"canonical\" href=\"https:\/\/emiliepapaye.com\/index.php\/produit\/duafe-solar\/\" \/>\n<meta property=\"og:locale\" content=\"fr_FR\" \/>\n<meta property=\"og:type\" content=\"article\" \/>\n<meta property=\"og:title\" content=\"DUAFE SOLAR - EMILIE PAPAYE\" \/>\n<meta property=\"og:description\" content=\"Pendentif  Vendue avec sa cha\u00eene  Laiton  100% fait main dans mon atelier Landais\" \/>\n<meta property=\"og:url\" content=\"https:\/\/emiliepapaye.com\/index.php\/produit\/duafe-solar\/\" \/>\n<meta property=\"og:site_name\" content=\"EMILIE PAPAYE\" \/>\n<meta property=\"article:modified_time\" content=\"2025-04-24T08:52:52+00:00\" \/>\n<meta property=\"og:image\" content=\"https:\/\/emiliepapaye.com\/wp-content\/uploads\/2025\/04\/fanny-8-scaled.jpg\" \/>\n\t<meta property=\"og:image:width\" content=\"1707\" \/>\n\t<meta property=\"og:image:height\" content=\"2560\" \/>\n\t<meta property=\"og:image:type\" content=\"image\/jpeg\" \/>\n<meta name=\"twitter:card\" content=\"summary_large_image\" \/>\n<meta name=\"twitter:label1\" content=\"Dur\u00e9e de lecture estim\u00e9e\" \/>\n\t<meta name=\"twitter:data1\" content=\"2 minutes\" \/>\n<script type=\"application\/ld+json\" class=\"yoast-schema-graph\">{\"@context\":\"https:\/\/schema.org\",\"@graph\":[{\"@type\":\"WebPage\",\"@id\":\"https:\/\/emiliepapaye.com\/index.php\/produit\/duafe-solar\/\",\"url\":\"https:\/\/emiliepapaye.com\/index.php\/produit\/duafe-solar\/\",\"name\":\"DUAFE SOLAR - EMILIE PAPAYE\",\"isPartOf\":{\"@id\":\"https:\/\/emiliepapaye.com\/#website\"},\"primaryImageOfPage\":{\"@id\":\"https:\/\/emiliepapaye.com\/index.php\/produit\/duafe-solar\/#primaryimage\"},\"image\":{\"@id\":\"https:\/\/emiliepapaye.com\/index.php\/produit\/duafe-solar\/#primaryimage\"},\"thumbnailUrl\":\"https:\/\/emiliepapaye.com\/wp-content\/uploads\/2025\/04\/fanny-8-scaled.jpg\",\"datePublished\":\"2025-04-11T12:05:51+00:00\",\"dateModified\":\"2025-04-24T08:52:52+00:00\",\"breadcrumb\":{\"@id\":\"https:\/\/emiliepapaye.com\/index.php\/produit\/duafe-solar\/#breadcrumb\"},\"inLanguage\":\"fr-FR\",\"potentialAction\":[{\"@type\":\"ReadAction\",\"target\":[\"https:\/\/emiliepapaye.com\/index.php\/produit\/duafe-solar\/\"]}]},{\"@type\":\"ImageObject\",\"inLanguage\":\"fr-FR\",\"@id\":\"https:\/\/emiliepapaye.com\/index.php\/produit\/duafe-solar\/#primaryimage\",\"url\":\"https:\/\/emiliepapaye.com\/wp-content\/uploads\/2025\/04\/fanny-8-scaled.jpg\",\"contentUrl\":\"https:\/\/emiliepapaye.com\/wp-content\/uploads\/2025\/04\/fanny-8-scaled.jpg\",\"width\":1707,\"height\":2560},{\"@type\":\"BreadcrumbList\",\"@id\":\"https:\/\/emiliepapaye.com\/index.php\/produit\/duafe-solar\/#breadcrumb\",\"itemListElement\":[{\"@type\":\"ListItem\",\"position\":1,\"name\":\"Accueil\",\"item\":\"https:\/\/emiliepapaye.com\/\"},{\"@type\":\"ListItem\",\"position\":2,\"name\":\"Boutique\",\"item\":\"https:\/\/emiliepapaye.com\/index.php\/boutique\/\"},{\"@type\":\"ListItem\",\"position\":3,\"name\":\"DUAFE SOLAR\"}]},{\"@type\":\"WebSite\",\"@id\":\"https:\/\/emiliepapaye.com\/#website\",\"url\":\"https:\/\/emiliepapaye.com\/\",\"name\":\"EMILIE PAPAYE\",\"description\":\"EMILIE PAPAYE\",\"publisher\":{\"@id\":\"https:\/\/emiliepapaye.com\/#organization\"},\"potentialAction\":[{\"@type\":\"SearchAction\",\"target\":{\"@type\":\"EntryPoint\",\"urlTemplate\":\"https:\/\/emiliepapaye.com\/?s={search_term_string}\"},\"query-input\":{\"@type\":\"PropertyValueSpecification\",\"valueRequired\":true,\"valueName\":\"search_term_string\"}}],\"inLanguage\":\"fr-FR\"},{\"@type\":\"Organization\",\"@id\":\"https:\/\/emiliepapaye.com\/#organization\",\"name\":\"EMILIE PAPAYE\",\"url\":\"https:\/\/emiliepapaye.com\/\",\"logo\":{\"@type\":\"ImageObject\",\"inLanguage\":\"fr-FR\",\"@id\":\"https:\/\/emiliepapaye.com\/#\/schema\/logo\/image\/\",\"url\":\"https:\/\/emiliepapaye.com\/wp-content\/uploads\/2024\/01\/cropped-1.png\",\"contentUrl\":\"https:\/\/emiliepapaye.com\/wp-content\/uploads\/2024\/01\/cropped-1.png\",\"width\":6912,\"height\":3456,\"caption\":\"EMILIE PAPAYE\"},\"image\":{\"@id\":\"https:\/\/emiliepapaye.com\/#\/schema\/logo\/image\/\"}}]}<\/script>\n<!-- \/ Yoast SEO plugin. -->","yoast_head_json":{"title":"DUAFE SOLAR - EMILIE PAPAYE","robots":{"index":"index","follow":"follow","max-snippet":"max-snippet:-1","max-image-preview":"max-image-preview:large","max-video-preview":"max-video-preview:-1"},"canonical":"https:\/\/emiliepapaye.com\/index.php\/produit\/duafe-solar\/","og_locale":"fr_FR","og_type":"article","og_title":"DUAFE SOLAR - EMILIE PAPAYE","og_description":"Pendentif  Vendue avec sa cha\u00eene  Laiton  100% fait main dans mon atelier Landais","og_url":"https:\/\/emiliepapaye.com\/index.php\/produit\/duafe-solar\/","og_site_name":"EMILIE PAPAYE","article_modified_time":"2025-04-24T08:52:52+00:00","og_image":[{"width":1707,"height":2560,"url":"https:\/\/emiliepapaye.com\/wp-content\/uploads\/2025\/04\/fanny-8-scaled.jpg","type":"image\/jpeg"}],"twitter_card":"summary_large_image","twitter_misc":{"Dur\u00e9e de lecture estim\u00e9e":"2 minutes"},"schema":{"@context":"https:\/\/schema.org","@graph":[{"@type":"WebPage","@id":"https:\/\/emiliepapaye.com\/index.php\/produit\/duafe-solar\/","url":"https:\/\/emiliepapaye.com\/index.php\/produit\/duafe-solar\/","name":"DUAFE SOLAR - EMILIE PAPAYE","isPartOf":{"@id":"https:\/\/emiliepapaye.com\/#website"},"primaryImageOfPage":{"@id":"https:\/\/emiliepapaye.com\/index.php\/produit\/duafe-solar\/#primaryimage"},"image":{"@id":"https:\/\/emiliepapaye.com\/index.php\/produit\/duafe-solar\/#primaryimage"},"thumbnailUrl":"https:\/\/emiliepapaye.com\/wp-content\/uploads\/2025\/04\/fanny-8-scaled.jpg","datePublished":"2025-04-11T12:05:51+00:00","dateModified":"2025-04-24T08:52:52+00:00","breadcrumb":{"@id":"https:\/\/emiliepapaye.com\/index.php\/produit\/duafe-solar\/#breadcrumb"},"inLanguage":"fr-FR","potentialAction":[{"@type":"ReadAction","target":["https:\/\/emiliepapaye.com\/index.php\/produit\/duafe-solar\/"]}]},{"@type":"ImageObject","inLanguage":"fr-FR","@id":"https:\/\/emiliepapaye.com\/index.php\/produit\/duafe-solar\/#primaryimage","url":"https:\/\/emiliepapaye.com\/wp-content\/uploads\/2025\/04\/fanny-8-scaled.jpg","contentUrl":"https:\/\/emiliepapaye.com\/wp-content\/uploads\/2025\/04\/fanny-8-scaled.jpg","width":1707,"height":2560},{"@type":"BreadcrumbList","@id":"https:\/\/emiliepapaye.com\/index.php\/produit\/duafe-solar\/#breadcrumb","itemListElement":[{"@type":"ListItem","position":1,"name":"Accueil","item":"https:\/\/emiliepapaye.com\/"},{"@type":"ListItem","position":2,"name":"Boutique","item":"https:\/\/emiliepapaye.com\/index.php\/boutique\/"},{"@type":"ListItem","position":3,"name":"DUAFE SOLAR"}]},{"@type":"WebSite","@id":"https:\/\/emiliepapaye.com\/#website","url":"https:\/\/emiliepapaye.com\/","name":"EMILIE PAPAYE","description":"EMILIE PAPAYE","publisher":{"@id":"https:\/\/emiliepapaye.com\/#organization"},"potentialAction":[{"@type":"SearchAction","target":{"@type":"EntryPoint","urlTemplate":"https:\/\/emiliepapaye.com\/?s={search_term_string}"},"query-input":{"@type":"PropertyValueSpecification","valueRequired":true,"valueName":"search_term_string"}}],"inLanguage":"fr-FR"},{"@type":"Organization","@id":"https:\/\/emiliepapaye.com\/#organization","name":"EMILIE PAPAYE","url":"https:\/\/emiliepapaye.com\/","logo":{"@type":"ImageObject","inLanguage":"fr-FR","@id":"https:\/\/emiliepapaye.com\/#\/schema\/logo\/image\/","url":"https:\/\/emiliepapaye.com\/wp-content\/uploads\/2024\/01\/cropped-1.png","contentUrl":"https:\/\/emiliepapaye.com\/wp-content\/uploads\/2024\/01\/cropped-1.png","width":6912,"height":3456,"caption":"EMILIE PAPAYE"},"image":{"@id":"https:\/\/emiliepapaye.com\/#\/schema\/logo\/image\/"}}]}},"jetpack_sharing_enabled":true,"_links":{"self":[{"href":"https:\/\/emiliepapaye.com\/index.php\/wp-json\/wp\/v2\/product\/4342","targetHints":{"allow":["GET"]}}],"collection":[{"href":"https:\/\/emiliepapaye.com\/index.php\/wp-json\/wp\/v2\/product"}],"about":[{"href":"https:\/\/emiliepapaye.com\/index.php\/wp-json\/wp\/v2\/types\/product"}],"replies":[{"embeddable":true,"href":"https:\/\/emiliepapaye.com\/index.php\/wp-json\/wp\/v2\/comments?post=4342"}],"wp:featuredmedia":[{"embeddable":true,"href":"https:\/\/emiliepapaye.com\/index.php\/wp-json\/wp\/v2\/media\/4343"}],"wp:attachment":[{"href":"https:\/\/emiliepapaye.com\/index.php\/wp-json\/wp\/v2\/media?parent=4342"}],"wp:term":[{"taxonomy":"product_brand","embeddable":true,"href":"https:\/\/emiliepapaye.com\/index.php\/wp-json\/wp\/v2\/product_brand?post=4342"},{"taxonomy":"product_cat","embeddable":true,"href":"https:\/\/emiliepapaye.com\/index.php\/wp-json\/wp\/v2\/product_cat?post=4342"},{"taxonomy":"product_tag","embeddable":true,"href":"https:\/\/emiliepapaye.com\/index.php\/wp-json\/wp\/v2\/product_tag?post=4342"}],"curies":[{"name":"wp","href":"https:\/\/api.w.org\/{rel}","templated":true}]}}