{"id":4365,"date":"2025-05-05T16:43:36","date_gmt":"2025-05-05T14:43:36","guid":{"rendered":"https:\/\/emiliepapaye.com\/?post_type=product&#038;p=4365"},"modified":"2025-10-31T19:27:10","modified_gmt":"2025-10-31T18:27:10","slug":"magma-rubis","status":"publish","type":"product","link":"https:\/\/emiliepapaye.com\/index.php\/produit\/magma-rubis\/","title":{"rendered":"MAGMA RUBIS"},"content":{"rendered":"<p>Pierre et m\u00e9tal, fondus ensemble.<br data-start=\"231\" data-end=\"234\" \/>Les gemmes sont int\u00e9gr\u00e9es \u00e0 chaud, au c\u0153ur m\u00eame de la mati\u00e8re en fusion.<br data-start=\"306\" data-end=\"309\" \/>Seules les pierres de synth\u00e8se peuvent traverser cette \u00e9preuve.<br data-start=\"372\" data-end=\"375\" \/>Un choix assum\u00e9 : durable, technique, sans extraction.<br data-start=\"445\" data-end=\"448\" \/>Chaque pi\u00e8ce est une coul\u00e9e brute, une alchimie libre.<\/p>\n<p><br data-start=\"502\" data-end=\"505\" \/>Ces pierres ne sont pas simplement serties, elles ont travers\u00e9 le feu.<br data-start=\"457\" data-end=\"460\" \/>Int\u00e9gr\u00e9es directement dans le m\u00e9tal en fusion, elles deviennent partie du bijou \u2014 ins\u00e9parables, indomptables.<\/p>\n<p>Pi\u00e8ces uniques<\/p>\n<p>&nbsp;<\/p>\n","protected":false},"excerpt":{"rendered":"<ul>\n<li>Pendentif Argent 925<\/li>\n<li>Rubis de synth\u00e8se<\/li>\n<li>Pi\u00e8ce unique<\/li>\n<\/ul>\n","protected":false},"featured_media":4373,"comment_status":"open","ping_status":"closed","template":"","meta":{"_bbp_topic_count":0,"_bbp_reply_count":0,"_bbp_total_topic_count":0,"_bbp_total_reply_count":0,"_bbp_voice_count":0,"_bbp_anonymous_reply_count":0,"_bbp_topic_count_hidden":0,"_bbp_reply_count_hidden":0,"_bbp_forum_subforum_count":0},"product_brand":[],"product_cat":[49,37,35,18],"product_tag":[],"class_list":{"0":"post-4365","1":"product","2":"type-product","3":"status-publish","4":"has-post-thumbnail","6":"product_cat-argent","7":"product_cat-femme","8":"product_cat-homme","9":"product_cat-pendentif","11":"first","12":"instock","13":"taxable","14":"shipping-taxable","15":"purchasable","16":"product-type-simple"},"yoast_head":"<!-- This site is optimized with the Yoast SEO plugin v26.8 - https:\/\/yoast.com\/product\/yoast-seo-wordpress\/ -->\n<title>MAGMA RUBIS - EMILIE PAPAYE<\/title>\n<meta name=\"robots\" content=\"index, follow, max-snippet:-1, max-image-preview:large, max-video-preview:-1\" \/>\n<link rel=\"canonical\" href=\"https:\/\/emiliepapaye.com\/index.php\/produit\/magma-rubis\/\" \/>\n<meta property=\"og:locale\" content=\"fr_FR\" \/>\n<meta property=\"og:type\" content=\"article\" \/>\n<meta property=\"og:title\" content=\"MAGMA RUBIS - EMILIE PAPAYE\" \/>\n<meta property=\"og:description\" content=\"Pendentif Argent 925  Rubis de synth\u00e8se  Pi\u00e8ce unique\" \/>\n<meta property=\"og:url\" content=\"https:\/\/emiliepapaye.com\/index.php\/produit\/magma-rubis\/\" \/>\n<meta property=\"og:site_name\" content=\"EMILIE PAPAYE\" \/>\n<meta property=\"article:modified_time\" content=\"2025-10-31T18:27:10+00:00\" \/>\n<meta property=\"og:image\" content=\"https:\/\/emiliepapaye.com\/wp-content\/uploads\/2025\/05\/magmapierre-9-scaled.jpg\" \/>\n\t<meta property=\"og:image:width\" content=\"1707\" \/>\n\t<meta property=\"og:image:height\" content=\"2560\" \/>\n\t<meta property=\"og:image:type\" content=\"image\/jpeg\" \/>\n<meta name=\"twitter:card\" content=\"summary_large_image\" \/>\n<meta name=\"twitter:label1\" content=\"Dur\u00e9e de lecture estim\u00e9e\" \/>\n\t<meta name=\"twitter:data1\" content=\"1 minute\" \/>\n<script type=\"application\/ld+json\" class=\"yoast-schema-graph\">{\"@context\":\"https:\/\/schema.org\",\"@graph\":[{\"@type\":\"WebPage\",\"@id\":\"https:\/\/emiliepapaye.com\/index.php\/produit\/magma-rubis\/\",\"url\":\"https:\/\/emiliepapaye.com\/index.php\/produit\/magma-rubis\/\",\"name\":\"MAGMA RUBIS - EMILIE PAPAYE\",\"isPartOf\":{\"@id\":\"https:\/\/emiliepapaye.com\/#website\"},\"primaryImageOfPage\":{\"@id\":\"https:\/\/emiliepapaye.com\/index.php\/produit\/magma-rubis\/#primaryimage\"},\"image\":{\"@id\":\"https:\/\/emiliepapaye.com\/index.php\/produit\/magma-rubis\/#primaryimage\"},\"thumbnailUrl\":\"https:\/\/emiliepapaye.com\/wp-content\/uploads\/2025\/05\/magmapierre-9-scaled.jpg\",\"datePublished\":\"2025-05-05T14:43:36+00:00\",\"dateModified\":\"2025-10-31T18:27:10+00:00\",\"breadcrumb\":{\"@id\":\"https:\/\/emiliepapaye.com\/index.php\/produit\/magma-rubis\/#breadcrumb\"},\"inLanguage\":\"fr-FR\",\"potentialAction\":[{\"@type\":\"ReadAction\",\"target\":[\"https:\/\/emiliepapaye.com\/index.php\/produit\/magma-rubis\/\"]}]},{\"@type\":\"ImageObject\",\"inLanguage\":\"fr-FR\",\"@id\":\"https:\/\/emiliepapaye.com\/index.php\/produit\/magma-rubis\/#primaryimage\",\"url\":\"https:\/\/emiliepapaye.com\/wp-content\/uploads\/2025\/05\/magmapierre-9-scaled.jpg\",\"contentUrl\":\"https:\/\/emiliepapaye.com\/wp-content\/uploads\/2025\/05\/magmapierre-9-scaled.jpg\",\"width\":1707,\"height\":2560},{\"@type\":\"BreadcrumbList\",\"@id\":\"https:\/\/emiliepapaye.com\/index.php\/produit\/magma-rubis\/#breadcrumb\",\"itemListElement\":[{\"@type\":\"ListItem\",\"position\":1,\"name\":\"Accueil\",\"item\":\"https:\/\/emiliepapaye.com\/\"},{\"@type\":\"ListItem\",\"position\":2,\"name\":\"Boutique\",\"item\":\"https:\/\/emiliepapaye.com\/index.php\/boutique\/\"},{\"@type\":\"ListItem\",\"position\":3,\"name\":\"MAGMA RUBIS\"}]},{\"@type\":\"WebSite\",\"@id\":\"https:\/\/emiliepapaye.com\/#website\",\"url\":\"https:\/\/emiliepapaye.com\/\",\"name\":\"EMILIE PAPAYE\",\"description\":\"EMILIE PAPAYE\",\"publisher\":{\"@id\":\"https:\/\/emiliepapaye.com\/#organization\"},\"potentialAction\":[{\"@type\":\"SearchAction\",\"target\":{\"@type\":\"EntryPoint\",\"urlTemplate\":\"https:\/\/emiliepapaye.com\/?s={search_term_string}\"},\"query-input\":{\"@type\":\"PropertyValueSpecification\",\"valueRequired\":true,\"valueName\":\"search_term_string\"}}],\"inLanguage\":\"fr-FR\"},{\"@type\":\"Organization\",\"@id\":\"https:\/\/emiliepapaye.com\/#organization\",\"name\":\"EMILIE PAPAYE\",\"url\":\"https:\/\/emiliepapaye.com\/\",\"logo\":{\"@type\":\"ImageObject\",\"inLanguage\":\"fr-FR\",\"@id\":\"https:\/\/emiliepapaye.com\/#\/schema\/logo\/image\/\",\"url\":\"https:\/\/emiliepapaye.com\/wp-content\/uploads\/2024\/01\/cropped-1.png\",\"contentUrl\":\"https:\/\/emiliepapaye.com\/wp-content\/uploads\/2024\/01\/cropped-1.png\",\"width\":6912,\"height\":3456,\"caption\":\"EMILIE PAPAYE\"},\"image\":{\"@id\":\"https:\/\/emiliepapaye.com\/#\/schema\/logo\/image\/\"}}]}<\/script>\n<!-- \/ Yoast SEO plugin. -->","yoast_head_json":{"title":"MAGMA RUBIS - EMILIE PAPAYE","robots":{"index":"index","follow":"follow","max-snippet":"max-snippet:-1","max-image-preview":"max-image-preview:large","max-video-preview":"max-video-preview:-1"},"canonical":"https:\/\/emiliepapaye.com\/index.php\/produit\/magma-rubis\/","og_locale":"fr_FR","og_type":"article","og_title":"MAGMA RUBIS - EMILIE PAPAYE","og_description":"Pendentif Argent 925  Rubis de synth\u00e8se  Pi\u00e8ce unique","og_url":"https:\/\/emiliepapaye.com\/index.php\/produit\/magma-rubis\/","og_site_name":"EMILIE PAPAYE","article_modified_time":"2025-10-31T18:27:10+00:00","og_image":[{"width":1707,"height":2560,"url":"https:\/\/emiliepapaye.com\/wp-content\/uploads\/2025\/05\/magmapierre-9-scaled.jpg","type":"image\/jpeg"}],"twitter_card":"summary_large_image","twitter_misc":{"Dur\u00e9e de lecture estim\u00e9e":"1 minute"},"schema":{"@context":"https:\/\/schema.org","@graph":[{"@type":"WebPage","@id":"https:\/\/emiliepapaye.com\/index.php\/produit\/magma-rubis\/","url":"https:\/\/emiliepapaye.com\/index.php\/produit\/magma-rubis\/","name":"MAGMA RUBIS - EMILIE PAPAYE","isPartOf":{"@id":"https:\/\/emiliepapaye.com\/#website"},"primaryImageOfPage":{"@id":"https:\/\/emiliepapaye.com\/index.php\/produit\/magma-rubis\/#primaryimage"},"image":{"@id":"https:\/\/emiliepapaye.com\/index.php\/produit\/magma-rubis\/#primaryimage"},"thumbnailUrl":"https:\/\/emiliepapaye.com\/wp-content\/uploads\/2025\/05\/magmapierre-9-scaled.jpg","datePublished":"2025-05-05T14:43:36+00:00","dateModified":"2025-10-31T18:27:10+00:00","breadcrumb":{"@id":"https:\/\/emiliepapaye.com\/index.php\/produit\/magma-rubis\/#breadcrumb"},"inLanguage":"fr-FR","potentialAction":[{"@type":"ReadAction","target":["https:\/\/emiliepapaye.com\/index.php\/produit\/magma-rubis\/"]}]},{"@type":"ImageObject","inLanguage":"fr-FR","@id":"https:\/\/emiliepapaye.com\/index.php\/produit\/magma-rubis\/#primaryimage","url":"https:\/\/emiliepapaye.com\/wp-content\/uploads\/2025\/05\/magmapierre-9-scaled.jpg","contentUrl":"https:\/\/emiliepapaye.com\/wp-content\/uploads\/2025\/05\/magmapierre-9-scaled.jpg","width":1707,"height":2560},{"@type":"BreadcrumbList","@id":"https:\/\/emiliepapaye.com\/index.php\/produit\/magma-rubis\/#breadcrumb","itemListElement":[{"@type":"ListItem","position":1,"name":"Accueil","item":"https:\/\/emiliepapaye.com\/"},{"@type":"ListItem","position":2,"name":"Boutique","item":"https:\/\/emiliepapaye.com\/index.php\/boutique\/"},{"@type":"ListItem","position":3,"name":"MAGMA RUBIS"}]},{"@type":"WebSite","@id":"https:\/\/emiliepapaye.com\/#website","url":"https:\/\/emiliepapaye.com\/","name":"EMILIE PAPAYE","description":"EMILIE PAPAYE","publisher":{"@id":"https:\/\/emiliepapaye.com\/#organization"},"potentialAction":[{"@type":"SearchAction","target":{"@type":"EntryPoint","urlTemplate":"https:\/\/emiliepapaye.com\/?s={search_term_string}"},"query-input":{"@type":"PropertyValueSpecification","valueRequired":true,"valueName":"search_term_string"}}],"inLanguage":"fr-FR"},{"@type":"Organization","@id":"https:\/\/emiliepapaye.com\/#organization","name":"EMILIE PAPAYE","url":"https:\/\/emiliepapaye.com\/","logo":{"@type":"ImageObject","inLanguage":"fr-FR","@id":"https:\/\/emiliepapaye.com\/#\/schema\/logo\/image\/","url":"https:\/\/emiliepapaye.com\/wp-content\/uploads\/2024\/01\/cropped-1.png","contentUrl":"https:\/\/emiliepapaye.com\/wp-content\/uploads\/2024\/01\/cropped-1.png","width":6912,"height":3456,"caption":"EMILIE PAPAYE"},"image":{"@id":"https:\/\/emiliepapaye.com\/#\/schema\/logo\/image\/"}}]}},"jetpack_sharing_enabled":true,"_links":{"self":[{"href":"https:\/\/emiliepapaye.com\/index.php\/wp-json\/wp\/v2\/product\/4365","targetHints":{"allow":["GET"]}}],"collection":[{"href":"https:\/\/emiliepapaye.com\/index.php\/wp-json\/wp\/v2\/product"}],"about":[{"href":"https:\/\/emiliepapaye.com\/index.php\/wp-json\/wp\/v2\/types\/product"}],"replies":[{"embeddable":true,"href":"https:\/\/emiliepapaye.com\/index.php\/wp-json\/wp\/v2\/comments?post=4365"}],"wp:featuredmedia":[{"embeddable":true,"href":"https:\/\/emiliepapaye.com\/index.php\/wp-json\/wp\/v2\/media\/4373"}],"wp:attachment":[{"href":"https:\/\/emiliepapaye.com\/index.php\/wp-json\/wp\/v2\/media?parent=4365"}],"wp:term":[{"taxonomy":"product_brand","embeddable":true,"href":"https:\/\/emiliepapaye.com\/index.php\/wp-json\/wp\/v2\/product_brand?post=4365"},{"taxonomy":"product_cat","embeddable":true,"href":"https:\/\/emiliepapaye.com\/index.php\/wp-json\/wp\/v2\/product_cat?post=4365"},{"taxonomy":"product_tag","embeddable":true,"href":"https:\/\/emiliepapaye.com\/index.php\/wp-json\/wp\/v2\/product_tag?post=4365"}],"curies":[{"name":"wp","href":"https:\/\/api.w.org\/{rel}","templated":true}]}}