{"id":811,"date":"2020-12-08T15:28:23","date_gmt":"2020-12-08T14:28:23","guid":{"rendered":"http:\/\/emiliepapaye.com\/?post_type=product&#038;p=811"},"modified":"2022-08-04T10:21:24","modified_gmt":"2022-08-04T08:21:24","slug":"le-forgeron","status":"publish","type":"product","link":"https:\/\/emiliepapaye.com\/index.php\/produit\/le-forgeron\/","title":{"rendered":"L&rsquo;Architecte"},"content":{"rendered":"<p>Voici un pendentif d&rsquo;inspiration <a href=\"https:\/\/www.vogue.fr\/joaillerie\/article\/les-creatrices-dans-la-joaillerie-suzanne-belperron-et-ses-bijoux-sur-mesure\">Art D\u00e9co<\/a>.<\/p>\n<p>Le premier de ma collection. Un joli ensemble de textures. Superposition de plaques d&rsquo;argent martel\u00e9es et polie miroir.<\/p>\n<p>La cha\u00eene passe directement dans la masse pour une bijou minimaliste.\u00a0 Parfait pour un premier bijou.<\/p>\n<p>Ce pendentif nous rappelle l&rsquo;architecture des grattes-ciel new-yorkais.<\/p>\n<p>&nbsp;<\/p>\n","protected":false},"excerpt":{"rendered":"<ul>\n<li>Pendentif textur\u00e9 en Argent 925\/1000 &#8211;\u00a0 recycl\u00e9 et \u00e9thique<\/li>\n<li>Martelage et Poli Miroir<\/li>\n<li>4g<\/li>\n<li>Hauteur 20 mm<\/li>\n<li>Largeur 14 mm<\/li>\n<li>Cha\u00eene en argent incluse 60 cm<\/li>\n<li>Fabrication artisanale dans les Landes par la cr\u00e9atrice \u00c9milie Papaye.<\/li>\n<li>\n<div>D\u00e9lais : 4 jours ouvr\u00e9s + d\u00e9lai de La Poste. Si le bijou n&rsquo;est pas en stock,\u00a0 le d\u00e9lai de fabrication est de 3\u00a0 semaines.<\/div>\n<\/li>\n<\/ul>\n<p>Photo non contractuelle &#8211; L&rsquo;argent se patine avec le temps.<\/p>\n","protected":false},"featured_media":440,"comment_status":"open","ping_status":"closed","template":"","meta":{"_bbp_topic_count":0,"_bbp_reply_count":0,"_bbp_total_topic_count":0,"_bbp_total_reply_count":0,"_bbp_voice_count":0,"_bbp_anonymous_reply_count":0,"_bbp_topic_count_hidden":0,"_bbp_reply_count_hidden":0,"_bbp_forum_subforum_count":0},"product_brand":[],"product_cat":[49,35,18,34],"product_tag":[],"class_list":{"0":"post-811","1":"product","2":"type-product","3":"status-publish","4":"has-post-thumbnail","6":"product_cat-argent","7":"product_cat-homme","8":"product_cat-pendentif","9":"product_cat-pointe-noire","11":"first","12":"instock","13":"purchasable","14":"product-type-simple"},"yoast_head":"<!-- This site is optimized with the Yoast SEO plugin v26.8 - https:\/\/yoast.com\/product\/yoast-seo-wordpress\/ -->\n<title>L&#039;Architecte - Pendentif Homme en Argent - EMILIE PAPAYE<\/title>\n<meta name=\"description\" content=\"Pendentif pour homme en argent massif. Un beau travail de volume et de mati\u00e8re. Il nous rappelle les constructions art deco.\" \/>\n<meta name=\"robots\" content=\"index, follow, max-snippet:-1, max-image-preview:large, max-video-preview:-1\" \/>\n<link rel=\"canonical\" href=\"https:\/\/emiliepapaye.com\/index.php\/produit\/le-forgeron\/\" \/>\n<meta property=\"og:locale\" content=\"fr_FR\" \/>\n<meta property=\"og:type\" content=\"article\" \/>\n<meta property=\"og:title\" content=\"L&#039;Architecte - Pendentif Homme en Argent - EMILIE PAPAYE\" \/>\n<meta property=\"og:description\" content=\"Pendentif pour homme en argent massif. Un beau travail de volume et de mati\u00e8re. Il nous rappelle les constructions art deco.\" \/>\n<meta property=\"og:url\" content=\"https:\/\/emiliepapaye.com\/index.php\/produit\/le-forgeron\/\" \/>\n<meta property=\"og:site_name\" content=\"EMILIE PAPAYE\" \/>\n<meta property=\"article:modified_time\" content=\"2022-08-04T08:21:24+00:00\" \/>\n<meta property=\"og:image\" content=\"https:\/\/emiliepapaye.com\/wp-content\/uploads\/2020\/10\/bijoux-pointe-noire-10-scaled.jpg\" \/>\n\t<meta property=\"og:image:width\" content=\"1440\" \/>\n\t<meta property=\"og:image:height\" content=\"2560\" \/>\n\t<meta property=\"og:image:type\" content=\"image\/jpeg\" \/>\n<meta name=\"twitter:card\" content=\"summary_large_image\" \/>\n<script type=\"application\/ld+json\" class=\"yoast-schema-graph\">{\"@context\":\"https:\/\/schema.org\",\"@graph\":[{\"@type\":\"WebPage\",\"@id\":\"https:\/\/emiliepapaye.com\/index.php\/produit\/le-forgeron\/\",\"url\":\"https:\/\/emiliepapaye.com\/index.php\/produit\/le-forgeron\/\",\"name\":\"L'Architecte - Pendentif Homme en Argent - EMILIE PAPAYE\",\"isPartOf\":{\"@id\":\"https:\/\/emiliepapaye.com\/#website\"},\"primaryImageOfPage\":{\"@id\":\"https:\/\/emiliepapaye.com\/index.php\/produit\/le-forgeron\/#primaryimage\"},\"image\":{\"@id\":\"https:\/\/emiliepapaye.com\/index.php\/produit\/le-forgeron\/#primaryimage\"},\"thumbnailUrl\":\"https:\/\/emiliepapaye.com\/wp-content\/uploads\/2020\/10\/bijoux-pointe-noire-10-scaled.jpg\",\"datePublished\":\"2020-12-08T14:28:23+00:00\",\"dateModified\":\"2022-08-04T08:21:24+00:00\",\"description\":\"Pendentif pour homme en argent massif. Un beau travail de volume et de mati\u00e8re. Il nous rappelle les constructions art deco.\",\"breadcrumb\":{\"@id\":\"https:\/\/emiliepapaye.com\/index.php\/produit\/le-forgeron\/#breadcrumb\"},\"inLanguage\":\"fr-FR\",\"potentialAction\":[{\"@type\":\"ReadAction\",\"target\":[\"https:\/\/emiliepapaye.com\/index.php\/produit\/le-forgeron\/\"]}]},{\"@type\":\"ImageObject\",\"inLanguage\":\"fr-FR\",\"@id\":\"https:\/\/emiliepapaye.com\/index.php\/produit\/le-forgeron\/#primaryimage\",\"url\":\"https:\/\/emiliepapaye.com\/wp-content\/uploads\/2020\/10\/bijoux-pointe-noire-10-scaled.jpg\",\"contentUrl\":\"https:\/\/emiliepapaye.com\/wp-content\/uploads\/2020\/10\/bijoux-pointe-noire-10-scaled.jpg\",\"width\":1440,\"height\":2560},{\"@type\":\"BreadcrumbList\",\"@id\":\"https:\/\/emiliepapaye.com\/index.php\/produit\/le-forgeron\/#breadcrumb\",\"itemListElement\":[{\"@type\":\"ListItem\",\"position\":1,\"name\":\"Accueil\",\"item\":\"https:\/\/emiliepapaye.com\/\"},{\"@type\":\"ListItem\",\"position\":2,\"name\":\"Boutique\",\"item\":\"https:\/\/emiliepapaye.com\/index.php\/boutique\/\"},{\"@type\":\"ListItem\",\"position\":3,\"name\":\"L&rsquo;Architecte\"}]},{\"@type\":\"WebSite\",\"@id\":\"https:\/\/emiliepapaye.com\/#website\",\"url\":\"https:\/\/emiliepapaye.com\/\",\"name\":\"EMILIE PAPAYE\",\"description\":\"EMILIE PAPAYE\",\"publisher\":{\"@id\":\"https:\/\/emiliepapaye.com\/#organization\"},\"potentialAction\":[{\"@type\":\"SearchAction\",\"target\":{\"@type\":\"EntryPoint\",\"urlTemplate\":\"https:\/\/emiliepapaye.com\/?s={search_term_string}\"},\"query-input\":{\"@type\":\"PropertyValueSpecification\",\"valueRequired\":true,\"valueName\":\"search_term_string\"}}],\"inLanguage\":\"fr-FR\"},{\"@type\":\"Organization\",\"@id\":\"https:\/\/emiliepapaye.com\/#organization\",\"name\":\"EMILIE PAPAYE\",\"url\":\"https:\/\/emiliepapaye.com\/\",\"logo\":{\"@type\":\"ImageObject\",\"inLanguage\":\"fr-FR\",\"@id\":\"https:\/\/emiliepapaye.com\/#\/schema\/logo\/image\/\",\"url\":\"https:\/\/emiliepapaye.com\/wp-content\/uploads\/2024\/01\/cropped-1.png\",\"contentUrl\":\"https:\/\/emiliepapaye.com\/wp-content\/uploads\/2024\/01\/cropped-1.png\",\"width\":6912,\"height\":3456,\"caption\":\"EMILIE PAPAYE\"},\"image\":{\"@id\":\"https:\/\/emiliepapaye.com\/#\/schema\/logo\/image\/\"}}]}<\/script>\n<!-- \/ Yoast SEO plugin. -->","yoast_head_json":{"title":"L'Architecte - Pendentif Homme en Argent - EMILIE PAPAYE","description":"Pendentif pour homme en argent massif. Un beau travail de volume et de mati\u00e8re. Il nous rappelle les constructions art deco.","robots":{"index":"index","follow":"follow","max-snippet":"max-snippet:-1","max-image-preview":"max-image-preview:large","max-video-preview":"max-video-preview:-1"},"canonical":"https:\/\/emiliepapaye.com\/index.php\/produit\/le-forgeron\/","og_locale":"fr_FR","og_type":"article","og_title":"L'Architecte - Pendentif Homme en Argent - EMILIE PAPAYE","og_description":"Pendentif pour homme en argent massif. Un beau travail de volume et de mati\u00e8re. Il nous rappelle les constructions art deco.","og_url":"https:\/\/emiliepapaye.com\/index.php\/produit\/le-forgeron\/","og_site_name":"EMILIE PAPAYE","article_modified_time":"2022-08-04T08:21:24+00:00","og_image":[{"width":1440,"height":2560,"url":"https:\/\/emiliepapaye.com\/wp-content\/uploads\/2020\/10\/bijoux-pointe-noire-10-scaled.jpg","type":"image\/jpeg"}],"twitter_card":"summary_large_image","schema":{"@context":"https:\/\/schema.org","@graph":[{"@type":"WebPage","@id":"https:\/\/emiliepapaye.com\/index.php\/produit\/le-forgeron\/","url":"https:\/\/emiliepapaye.com\/index.php\/produit\/le-forgeron\/","name":"L'Architecte - Pendentif Homme en Argent - EMILIE PAPAYE","isPartOf":{"@id":"https:\/\/emiliepapaye.com\/#website"},"primaryImageOfPage":{"@id":"https:\/\/emiliepapaye.com\/index.php\/produit\/le-forgeron\/#primaryimage"},"image":{"@id":"https:\/\/emiliepapaye.com\/index.php\/produit\/le-forgeron\/#primaryimage"},"thumbnailUrl":"https:\/\/emiliepapaye.com\/wp-content\/uploads\/2020\/10\/bijoux-pointe-noire-10-scaled.jpg","datePublished":"2020-12-08T14:28:23+00:00","dateModified":"2022-08-04T08:21:24+00:00","description":"Pendentif pour homme en argent massif. Un beau travail de volume et de mati\u00e8re. Il nous rappelle les constructions art deco.","breadcrumb":{"@id":"https:\/\/emiliepapaye.com\/index.php\/produit\/le-forgeron\/#breadcrumb"},"inLanguage":"fr-FR","potentialAction":[{"@type":"ReadAction","target":["https:\/\/emiliepapaye.com\/index.php\/produit\/le-forgeron\/"]}]},{"@type":"ImageObject","inLanguage":"fr-FR","@id":"https:\/\/emiliepapaye.com\/index.php\/produit\/le-forgeron\/#primaryimage","url":"https:\/\/emiliepapaye.com\/wp-content\/uploads\/2020\/10\/bijoux-pointe-noire-10-scaled.jpg","contentUrl":"https:\/\/emiliepapaye.com\/wp-content\/uploads\/2020\/10\/bijoux-pointe-noire-10-scaled.jpg","width":1440,"height":2560},{"@type":"BreadcrumbList","@id":"https:\/\/emiliepapaye.com\/index.php\/produit\/le-forgeron\/#breadcrumb","itemListElement":[{"@type":"ListItem","position":1,"name":"Accueil","item":"https:\/\/emiliepapaye.com\/"},{"@type":"ListItem","position":2,"name":"Boutique","item":"https:\/\/emiliepapaye.com\/index.php\/boutique\/"},{"@type":"ListItem","position":3,"name":"L&rsquo;Architecte"}]},{"@type":"WebSite","@id":"https:\/\/emiliepapaye.com\/#website","url":"https:\/\/emiliepapaye.com\/","name":"EMILIE PAPAYE","description":"EMILIE PAPAYE","publisher":{"@id":"https:\/\/emiliepapaye.com\/#organization"},"potentialAction":[{"@type":"SearchAction","target":{"@type":"EntryPoint","urlTemplate":"https:\/\/emiliepapaye.com\/?s={search_term_string}"},"query-input":{"@type":"PropertyValueSpecification","valueRequired":true,"valueName":"search_term_string"}}],"inLanguage":"fr-FR"},{"@type":"Organization","@id":"https:\/\/emiliepapaye.com\/#organization","name":"EMILIE PAPAYE","url":"https:\/\/emiliepapaye.com\/","logo":{"@type":"ImageObject","inLanguage":"fr-FR","@id":"https:\/\/emiliepapaye.com\/#\/schema\/logo\/image\/","url":"https:\/\/emiliepapaye.com\/wp-content\/uploads\/2024\/01\/cropped-1.png","contentUrl":"https:\/\/emiliepapaye.com\/wp-content\/uploads\/2024\/01\/cropped-1.png","width":6912,"height":3456,"caption":"EMILIE PAPAYE"},"image":{"@id":"https:\/\/emiliepapaye.com\/#\/schema\/logo\/image\/"}}]}},"jetpack_sharing_enabled":true,"_links":{"self":[{"href":"https:\/\/emiliepapaye.com\/index.php\/wp-json\/wp\/v2\/product\/811","targetHints":{"allow":["GET"]}}],"collection":[{"href":"https:\/\/emiliepapaye.com\/index.php\/wp-json\/wp\/v2\/product"}],"about":[{"href":"https:\/\/emiliepapaye.com\/index.php\/wp-json\/wp\/v2\/types\/product"}],"replies":[{"embeddable":true,"href":"https:\/\/emiliepapaye.com\/index.php\/wp-json\/wp\/v2\/comments?post=811"}],"wp:featuredmedia":[{"embeddable":true,"href":"https:\/\/emiliepapaye.com\/index.php\/wp-json\/wp\/v2\/media\/440"}],"wp:attachment":[{"href":"https:\/\/emiliepapaye.com\/index.php\/wp-json\/wp\/v2\/media?parent=811"}],"wp:term":[{"taxonomy":"product_brand","embeddable":true,"href":"https:\/\/emiliepapaye.com\/index.php\/wp-json\/wp\/v2\/product_brand?post=811"},{"taxonomy":"product_cat","embeddable":true,"href":"https:\/\/emiliepapaye.com\/index.php\/wp-json\/wp\/v2\/product_cat?post=811"},{"taxonomy":"product_tag","embeddable":true,"href":"https:\/\/emiliepapaye.com\/index.php\/wp-json\/wp\/v2\/product_tag?post=811"}],"curies":[{"name":"wp","href":"https:\/\/api.w.org\/{rel}","templated":true}]}}